{"id":10150,"date":"2020-03-16T09:57:44","date_gmt":"2020-03-16T14:57:44","guid":{"rendered":"https:\/\/www.tlirr.com\/products\/pivot-control-options\/"},"modified":"2023-01-03T13:21:37","modified_gmt":"2023-01-03T19:21:37","slug":"pivot-control-options","status":"publish","type":"page","link":"https:\/\/www.tlirr.com\/es\/productos\/pivot-control-options\/","title":{"rendered":"Pivot Control Options"},"content":{"rendered":"<div id=\"pl-10150\"  class=\"panel-layout\" ><div id=\"pg-10150-0\"  class=\"panel-grid panel-no-style\" ><div id=\"pgc-10150-0-0\"  class=\"panel-grid-cell\" ><div id=\"panel-10150-0-0-0\" class=\"so-panel widget widget_sow-editor panel-first-child panel-last-child\" data-index=\"0\" ><div\n\t\t\t\n\t\t\tclass=\"so-widget-sow-editor so-widget-sow-editor-base\"\n\t\t\t\n\t\t>\n<div class=\"siteorigin-widget-tinymce textwidget\">\n\t<p><img loading=\"lazy\" decoding=\"async\" class=\"aligncenter wp-image-9736 size-full\" src=\"https:\/\/www.tlirr.com\/wp-content\/uploads\/manual-control.jpg\" alt=\"Manual Pivot Control\" width=\"300\" height=\"300\" srcset=\"https:\/\/www.tlirr.com\/wp-content\/uploads\/manual-control.jpg 300w, https:\/\/www.tlirr.com\/wp-content\/uploads\/manual-control-150x150.jpg 150w, https:\/\/www.tlirr.com\/wp-content\/uploads\/manual-control-90x90.jpg 90w\" sizes=\"auto, (max-width: 300px) 100vw, 300px\" \/><\/p>\n<p><span style=\"color: #0f2d52;\"><strong><span style=\"font-size: 18px;\">Control Manual de Velocidad y Direcci\u00f3n<\/span><\/strong><\/span><\/p>\n<ul class=\"styled-list\">\n<li>Controlar la velocidad de rotaci\u00f3n del pivote central y la direcci\u00f3n con dos simples v\u00e1lvulas hidr\u00e1ulicas.<\/li>\n<\/ul>\n<\/div>\n<\/div><\/div><\/div><div id=\"pgc-10150-0-1\"  class=\"panel-grid-cell\" ><div id=\"panel-10150-0-1-0\" class=\"so-panel widget widget_sow-editor panel-first-child panel-last-child\" data-index=\"1\" ><div\n\t\t\t\n\t\t\tclass=\"so-widget-sow-editor so-widget-sow-editor-base\"\n\t\t\t\n\t\t>\n<div class=\"siteorigin-widget-tinymce textwidget\">\n\t<p><img loading=\"lazy\" decoding=\"async\" class=\"aligncenter wp-image-9735 size-full\" src=\"https:\/\/www.tlirr.com\/wp-content\/uploads\/point-control.jpg\" alt=\"Pivot Point Control\" width=\"300\" height=\"300\" srcset=\"https:\/\/www.tlirr.com\/wp-content\/uploads\/point-control.jpg 300w, https:\/\/www.tlirr.com\/wp-content\/uploads\/point-control-150x150.jpg 150w, https:\/\/www.tlirr.com\/wp-content\/uploads\/point-control-90x90.jpg 90w\" sizes=\"auto, (max-width: 300px) 100vw, 300px\" \/><\/p>\n<p><span style=\"color: #0f2d52;\"><strong><span style=\"font-size: 18px;\">Punto de Control T- L<\/span><\/strong><\/span><\/p>\n<ul class=\"styled-list\">\n<li>Control speed and direction from the pivot or remote location.<\/li>\n<li>Safe 24VDC Control.<\/li>\n<\/ul>\n<\/div>\n<\/div><\/div><\/div><div id=\"pgc-10150-0-2\"  class=\"panel-grid-cell\" ><div id=\"panel-10150-0-2-0\" class=\"so-panel widget widget_sow-editor panel-first-child panel-last-child\" data-index=\"2\" ><div\n\t\t\t\n\t\t\tclass=\"so-widget-sow-editor so-widget-sow-editor-base\"\n\t\t\t\n\t\t>\n<div class=\"siteorigin-widget-tinymce textwidget\">\n\t<p><img loading=\"lazy\" decoding=\"async\" class=\"aligncenter wp-image-9734 size-full\" src=\"https:\/\/www.tlirr.com\/wp-content\/uploads\/precision-point-control.jpg\" alt=\"Pivot Point Control III\" width=\"300\" height=\"300\" srcset=\"https:\/\/www.tlirr.com\/wp-content\/uploads\/precision-point-control.jpg 300w, https:\/\/www.tlirr.com\/wp-content\/uploads\/precision-point-control-150x150.jpg 150w, https:\/\/www.tlirr.com\/wp-content\/uploads\/precision-point-control-90x90.jpg 90w\" sizes=\"auto, (max-width: 300px) 100vw, 300px\" \/><\/p>\n<p><span style=\"color: #0f2d52;\"><strong><span style=\"font-size: 18px;\">T-L Punto de Precisi\u00f3n y Control III<\/span><\/strong><\/span><\/p>\n<ul class=\"styled-list\">\n<li>Speed &amp; Direction Control<\/li>\n<li>End Gun Control By Angle<\/li>\n<li>Aux Application Areas<\/li>\n<li>Auto Reverse \/ Stop by Angle<\/li>\n<li>VRI with Remote Telemetry<\/li>\n<li>Safe 24 Volt DC Control<\/li>\n<li>Closed Loop Speed Control for Maximum Uniformity<\/li>\n<\/ul>\n<\/div>\n<\/div><\/div><\/div><div id=\"pgc-10150-0-3\"  class=\"panel-grid-cell\" ><div id=\"panel-10150-0-3-0\" class=\"so-panel widget widget_sow-editor panel-first-child panel-last-child\" data-index=\"3\" ><div\n\t\t\t\n\t\t\tclass=\"so-widget-sow-editor so-widget-sow-editor-base\"\n\t\t\t\n\t\t>\n<div class=\"siteorigin-widget-tinymce textwidget\">\n\t<p><img loading=\"lazy\" decoding=\"async\" class=\"aligncenter wp-image-9733 size-full\" src=\"https:\/\/www.tlirr.com\/wp-content\/uploads\/precision-point-touch.jpg\" alt=\"T-L Pivot Point Touch Control\" width=\"300\" height=\"300\" \/><\/p>\n<p><span style=\"color: #0f2d52;\"><strong><span style=\"font-size: 18px;\">T-L Precision Point Touch<\/span><\/strong><\/span><\/p>\n<ul class=\"styled-list\">\n<li>Full Color 7\u201d Graphic Screen<\/li>\n<li>Touch Screen for easy operation<\/li>\n<li>Visual Programming<\/li>\n<li>Two End Gun outputs<\/li>\n<li>4 VRI Auxiliary Application Areas Each Direction and up to 120 VRI Steps with Web Telemetry<\/li>\n<li>Position Stop by Angle<\/li>\n<li>\"Soft Start\" ensures slow start speed<\/li>\n<li>Firmware update via USB<\/li>\n<li>Safe 24 Volt DC Control<\/li>\n<li>Closed Loop Speed Control for Maximum Uniformity<\/li>\n<\/ul>\n<\/div>\n<\/div><\/div><\/div><\/div><div id=\"pg-10150-1\"  class=\"panel-grid panel-no-style\" ><div id=\"pgc-10150-1-0\"  class=\"panel-grid-cell\" ><div id=\"panel-10150-1-0-0\" class=\"so-panel widget widget_sow-editor panel-first-child panel-last-child\" data-index=\"4\" ><div\n\t\t\t\n\t\t\tclass=\"so-widget-sow-editor so-widget-sow-editor-base\"\n\t\t\t\n\t\t>\n<div class=\"siteorigin-widget-tinymce textwidget\">\n\t<hr \/>\n<\/div>\n<\/div><\/div><\/div><\/div><div id=\"pg-10150-2\"  class=\"panel-grid panel-no-style\" ><div id=\"pgc-10150-2-0\"  class=\"panel-grid-cell\" ><div id=\"panel-10150-2-0-0\" class=\"so-panel widget panel-first-child panel-last-child\" data-index=\"5\" ><\/div><\/div><\/div><div id=\"pg-10150-3\"  class=\"panel-grid panel-has-style\" ><div id=\"controllers\" class=\"panel-row-style panel-row-style-for-10150-3\" ><div id=\"pgc-10150-3-0\"  class=\"panel-grid-cell\" ><div id=\"panel-10150-3-0-0\" class=\"so-panel widget widget_sow-editor panel-first-child panel-last-child\" data-index=\"6\" ><div\n\t\t\t\n\t\t\tclass=\"so-widget-sow-editor so-widget-sow-editor-base\"\n\t\t\t\n\t\t>\n<div class=\"siteorigin-widget-tinymce textwidget\">\n\t<hr \/>\n<\/div>\n<\/div><\/div><\/div><\/div><\/div><div id=\"pg-10150-4\"  class=\"panel-grid panel-has-style\" ><div id=\"basic-controller\" class=\"panel-row-style panel-row-style-for-10150-4\" ><div id=\"pgc-10150-4-0\"  class=\"panel-grid-cell\" ><div id=\"panel-10150-4-0-0\" class=\"so-panel widget widget_sow-editor panel-first-child panel-last-child\" data-index=\"7\" ><div\n\t\t\t\n\t\t\tclass=\"so-widget-sow-editor so-widget-sow-editor-base\"\n\t\t\t\n\t\t>\n<div class=\"siteorigin-widget-tinymce textwidget\">\n\t<p><img loading=\"lazy\" decoding=\"async\" class=\"aligncenter size-full wp-image-10700\" src=\"https:\/\/www.tlirr.com\/wp-content\/uploads\/t-l-basic-control.jpg\" alt=\"\" width=\"320\" height=\"303\" srcset=\"https:\/\/www.tlirr.com\/wp-content\/uploads\/t-l-basic-control.jpg 320w, https:\/\/www.tlirr.com\/wp-content\/uploads\/t-l-basic-control-300x284.jpg 300w, https:\/\/www.tlirr.com\/wp-content\/uploads\/t-l-basic-control-158x150.jpg 158w, https:\/\/www.tlirr.com\/wp-content\/uploads\/t-l-basic-control-90x85.jpg 90w\" sizes=\"auto, (max-width: 320px) 100vw, 320px\" \/><\/p>\n<p><img loading=\"lazy\" decoding=\"async\" class=\"aligncenter size-full wp-image-10722\" src=\"https:\/\/www.tlirr.com\/wp-content\/uploads\/fieldwise-logo.png\" alt=\"\" width=\"200\" height=\"42\" srcset=\"https:\/\/www.tlirr.com\/wp-content\/uploads\/fieldwise-logo.png 200w, https:\/\/www.tlirr.com\/wp-content\/uploads\/fieldwise-logo-90x19.png 90w\" sizes=\"auto, (max-width: 200px) 100vw, 200px\" \/><\/p>\n<\/div>\n<\/div><\/div><\/div><div id=\"pgc-10150-4-1\"  class=\"panel-grid-cell\" ><div id=\"panel-10150-4-1-0\" class=\"so-panel widget widget_siteorigin-panels-builder panel-first-child panel-last-child\" data-index=\"8\" ><div id=\"pl-w5ef221a9061f8\"  class=\"panel-layout\" ><div id=\"pg-w5ef221a9061f8-0\"  class=\"panel-grid panel-no-style\" ><div id=\"pgc-w5ef221a9061f8-0-0\"  class=\"panel-grid-cell\" ><div id=\"panel-w5ef221a9061f8-0-0-0\" class=\"so-panel widget widget_sow-editor panel-first-child panel-last-child\" data-index=\"0\" ><div\n\t\t\t\n\t\t\tclass=\"so-widget-sow-editor so-widget-sow-editor-base\"\n\t\t\t\n\t\t>\n<div class=\"siteorigin-widget-tinymce textwidget\">\n\t<h2>T-L Basic Controller<\/h2>\n<p>Monitor and control your T-L with the new and improved T-L Basic Controller. The T-L Basic Controller can be wired for use on electric panels or combustion engines, and can be used with T-L Manual Control, Point Control or Precision Point Control systems.<\/p>\n<p>When the Basic Controller is paired with a solar powered Z5-Remote panel, you can have positioning and pressure readings at the end of the system. The wireless design allows the Basic Controller to be located at the Pivot Point or remote site without the need for span cable or underground wire to communicate to the panel from the end tower! The Z5-Remote also allows you to wire in a pressure transducer or pressure switch to monitor your pressure at the end of the pivot.<\/p>\n<\/div>\n<\/div><\/div><\/div><\/div><div id=\"pg-w5ef221a9061f8-1\"  class=\"panel-grid panel-no-style\" ><div id=\"pgc-w5ef221a9061f8-1-0\"  class=\"panel-grid-cell\" ><div id=\"panel-w5ef221a9061f8-1-0-0\" class=\"so-panel widget widget_sow-editor panel-first-child panel-last-child\" data-index=\"1\" ><div\n\t\t\t\n\t\t\tclass=\"so-widget-sow-editor so-widget-sow-editor-base\"\n\t\t\t\n\t\t>\n<div class=\"siteorigin-widget-tinymce textwidget\">\n\t<p class=\"half-bottom-margin\"><span style=\"font-size: 18px; color: #0f2d52;\"><strong>Control<\/strong><\/span><\/p>\n<ul class=\"styled-list\">\n<li>Start<\/li>\n<li>Stop<\/li>\n<li>Endgun<\/li>\n<li>Auxiliary<\/li>\n<\/ul>\n<\/div>\n<\/div><\/div><\/div><div id=\"pgc-w5ef221a9061f8-1-1\"  class=\"panel-grid-cell\" ><div id=\"panel-w5ef221a9061f8-1-1-0\" class=\"so-panel widget widget_sow-editor panel-first-child panel-last-child\" data-index=\"2\" ><div\n\t\t\t\n\t\t\tclass=\"so-widget-sow-editor so-widget-sow-editor-base\"\n\t\t\t\n\t\t>\n<div class=\"siteorigin-widget-tinymce textwidget\">\n\t<p class=\"half-bottom-margin\"><span style=\"font-size: 18px; color: #0f2d52;\"><strong>Monitor<\/strong><\/span><\/p>\n<ul class=\"styled-list\">\n<li>Direction<\/li>\n<li>Run<\/li>\n<li>Speed<\/li>\n<li>Pressure<\/li>\n<li>GPS Position<\/li>\n<li>GPS Stall<\/li>\n<li>Intelligent Collision Detection<\/li>\n<\/ul>\n<\/div>\n<\/div><\/div><\/div><\/div><\/div><\/div><\/div><\/div><\/div><div id=\"pg-10150-5\"  class=\"panel-grid panel-no-style\" ><div id=\"pgc-10150-5-0\"  class=\"panel-grid-cell\" ><div id=\"panel-10150-5-0-0\" class=\"so-panel widget widget_sow-editor panel-first-child panel-last-child\" data-index=\"9\" ><div\n\t\t\t\n\t\t\tclass=\"so-widget-sow-editor so-widget-sow-editor-base\"\n\t\t\t\n\t\t>\n<div class=\"siteorigin-widget-tinymce textwidget\">\n\t<p><img loading=\"lazy\" decoding=\"async\" class=\"aligncenter size-full wp-image-10704\" src=\"https:\/\/www.tlirr.com\/wp-content\/uploads\/t-l-computer-control.jpg\" alt=\"\" width=\"319\" height=\"253\" srcset=\"https:\/\/www.tlirr.com\/wp-content\/uploads\/t-l-computer-control.jpg 319w, https:\/\/www.tlirr.com\/wp-content\/uploads\/t-l-computer-control-300x238.jpg 300w, https:\/\/www.tlirr.com\/wp-content\/uploads\/t-l-computer-control-189x150.jpg 189w, https:\/\/www.tlirr.com\/wp-content\/uploads\/t-l-computer-control-90x71.jpg 90w\" sizes=\"auto, (max-width: 319px) 100vw, 319px\" \/><\/p>\n<p><img loading=\"lazy\" decoding=\"async\" class=\"aligncenter size-full wp-image-10722\" src=\"https:\/\/www.tlirr.com\/wp-content\/uploads\/fieldwise-logo.png\" alt=\"\" width=\"200\" height=\"42\" srcset=\"https:\/\/www.tlirr.com\/wp-content\/uploads\/fieldwise-logo.png 200w, https:\/\/www.tlirr.com\/wp-content\/uploads\/fieldwise-logo-90x19.png 90w\" sizes=\"auto, (max-width: 200px) 100vw, 200px\" \/><\/p>\n<\/div>\n<\/div><\/div><\/div><div id=\"pgc-10150-5-1\"  class=\"panel-grid-cell\" ><div id=\"panel-10150-5-1-0\" class=\"so-panel widget widget_siteorigin-panels-builder panel-first-child panel-last-child\" data-index=\"10\" ><div id=\"pl-w5ef221d7bcc6f\"  class=\"panel-layout\" ><div id=\"pg-w5ef221d7bcc6f-0\"  class=\"panel-grid panel-no-style\" ><div id=\"pgc-w5ef221d7bcc6f-0-0\"  class=\"panel-grid-cell\" ><div id=\"panel-w5ef221d7bcc6f-0-0-0\" class=\"so-panel widget widget_sow-editor panel-first-child panel-last-child\" data-index=\"0\" ><div\n\t\t\t\n\t\t\tclass=\"so-widget-sow-editor so-widget-sow-editor-base\"\n\t\t\t\n\t\t>\n<div class=\"siteorigin-widget-tinymce textwidget\">\n\t<h2>T-L Computer Controller<\/h2>\n<p>Get the most out of your T-L PPC III or PPT Touch panel with FieldWise. The FieldWise T-L Computer Controller offers full control of your system remotely through the user-friendly FieldWise Portal. The T-L Computer Controller is easy to wire up and utilizes existing equipment in your panel.<\/p>\n<p>Visit <a href=\"http:\/\/www.field-wise.com\" target=\"_blank\" rel=\"noopener\">www.field-wise.com<\/a>. Multiple telemetry options, under ONE website, no matter where you are or what device you log into.<\/p>\n<\/div>\n<\/div><\/div><\/div><\/div><div id=\"pg-w5ef221d7bcc6f-1\"  class=\"panel-grid panel-no-style\" ><div id=\"pgc-w5ef221d7bcc6f-1-0\"  class=\"panel-grid-cell\" ><div id=\"panel-w5ef221d7bcc6f-1-0-0\" class=\"so-panel widget widget_sow-editor panel-first-child panel-last-child\" data-index=\"1\" ><div\n\t\t\t\n\t\t\tclass=\"so-widget-sow-editor so-widget-sow-editor-base\"\n\t\t\t\n\t\t>\n<div class=\"siteorigin-widget-tinymce textwidget\">\n\t<p class=\"half-bottom-margin\"><span style=\"font-size: 18px; color: #0f2d52;\"><strong>Control<\/strong><\/span><\/p>\n<ul class=\"styled-list\">\n<li>Start<\/li>\n<li>Stop<\/li>\n<li>Endgun<\/li>\n<li>Speed<\/li>\n<li>Direction<\/li>\n<li>Pump<\/li>\n<\/ul>\n<\/div>\n<\/div><\/div><\/div><div id=\"pgc-w5ef221d7bcc6f-1-1\"  class=\"panel-grid-cell\" ><div id=\"panel-w5ef221d7bcc6f-1-1-0\" class=\"so-panel widget widget_sow-editor panel-first-child panel-last-child\" data-index=\"2\" ><div\n\t\t\t\n\t\t\tclass=\"so-widget-sow-editor so-widget-sow-editor-base\"\n\t\t\t\n\t\t>\n<div class=\"siteorigin-widget-tinymce textwidget\">\n\t<p class=\"half-bottom-margin\"><span style=\"font-size: 18px; color: #0f2d52;\"><strong>Monitor<\/strong><\/span><\/p>\n<ul class=\"styled-list\">\n<li>Direction<\/li>\n<li>Run<\/li>\n<li>Speed<\/li>\n<li>Endgun<\/li>\n<li>Pressure<\/li>\n<li>GPS Stall<\/li>\n<li>Intelligent Collision Detection<\/li>\n<\/ul>\n<\/div>\n<\/div><\/div><\/div><\/div><\/div><\/div><\/div><\/div><\/div>","protected":false},"excerpt":{"rendered":"<p>Control Manual de Velocidad y Direcci\u00f3n Controlar la velocidad de rotaci\u00f3n del pivote central y la direcci\u00f3n con dos simples v\u00e1lvulas hidr\u00e1ulicas. Punto de Control T- L Control speed and direction from the pivot or remote location. Safe 24VDC Control. T-L Punto de Precisi\u00f3n y Control III Speed &amp; Direction Control End Gun Control By [&hellip;]<\/p>\n","protected":false},"author":1,"featured_media":0,"parent":10106,"menu_order":10,"comment_status":"closed","ping_status":"closed","template":"","meta":{"_acf_changed":false,"footnotes":""},"class_list":["post-10150","page","type-page","status-publish","hentry"],"acf":[],"yoast_head":"<!-- This site is optimized with the Yoast SEO plugin v26.6 - https:\/\/yoast.com\/wordpress\/plugins\/seo\/ -->\n<title>Smartphone Pivot Control | Schedule Automatic Field Irrigation | T-L Irrigation<\/title>\n<meta name=\"description\" content=\"Automatic irrigation pivot control | Website field irrigation, Smartphone pivot irrigation control | Schedule field irrigation automatically | T-L Irrigation\" \/>\n<meta name=\"robots\" content=\"index, follow, max-snippet:-1, max-image-preview:large, max-video-preview:-1\" \/>\n<link rel=\"canonical\" href=\"https:\/\/www.tlirr.com\/es\/productos\/pivot-control-options\/\" \/>\n<meta property=\"og:locale\" content=\"es_ES\" \/>\n<meta property=\"og:type\" content=\"article\" \/>\n<meta property=\"og:title\" content=\"Smartphone Pivot Control | Schedule Automatic Field Irrigation | T-L Irrigation\" \/>\n<meta property=\"og:description\" content=\"Automatic irrigation pivot control | Website field irrigation, Smartphone pivot irrigation control | Schedule field irrigation automatically | T-L Irrigation\" \/>\n<meta property=\"og:url\" content=\"https:\/\/www.tlirr.com\/es\/productos\/pivot-control-options\/\" \/>\n<meta property=\"og:site_name\" content=\"T-L Irrigation\" \/>\n<meta property=\"article:modified_time\" content=\"2023-01-03T19:21:37+00:00\" \/>\n<meta property=\"og:image\" content=\"https:\/\/www.tlirr.com\/wp-content\/uploads\/manual-control.jpg\" \/>\n<meta name=\"twitter:card\" content=\"summary_large_image\" \/>\n<meta name=\"twitter:label1\" content=\"Tiempo de lectura\" \/>\n\t<meta name=\"twitter:data1\" content=\"4 minutos\" \/>\n<script type=\"application\/ld+json\" class=\"yoast-schema-graph\">{\"@context\":\"https:\/\/schema.org\",\"@graph\":[{\"@type\":\"WebPage\",\"@id\":\"https:\/\/www.tlirr.com\/es\/productos\/pivot-control-options\/\",\"url\":\"https:\/\/www.tlirr.com\/es\/productos\/pivot-control-options\/\",\"name\":\"Smartphone Pivot Control | Schedule Automatic Field Irrigation | T-L Irrigation\",\"isPartOf\":{\"@id\":\"https:\/\/www.tlirr.com\/#website\"},\"primaryImageOfPage\":{\"@id\":\"https:\/\/www.tlirr.com\/es\/productos\/pivot-control-options\/#primaryimage\"},\"image\":{\"@id\":\"https:\/\/www.tlirr.com\/es\/productos\/pivot-control-options\/#primaryimage\"},\"thumbnailUrl\":\"https:\/\/www.tlirr.com\/wp-content\/uploads\/manual-control.jpg\",\"datePublished\":\"2020-03-16T14:57:44+00:00\",\"dateModified\":\"2023-01-03T19:21:37+00:00\",\"description\":\"Automatic irrigation pivot control | Website field irrigation, Smartphone pivot irrigation control | Schedule field irrigation automatically | T-L Irrigation\",\"breadcrumb\":{\"@id\":\"https:\/\/www.tlirr.com\/es\/productos\/pivot-control-options\/#breadcrumb\"},\"inLanguage\":\"es\",\"potentialAction\":[{\"@type\":\"ReadAction\",\"target\":[\"https:\/\/www.tlirr.com\/es\/productos\/pivot-control-options\/\"]}]},{\"@type\":\"ImageObject\",\"inLanguage\":\"es\",\"@id\":\"https:\/\/www.tlirr.com\/es\/productos\/pivot-control-options\/#primaryimage\",\"url\":\"https:\/\/www.tlirr.com\/wp-content\/uploads\/manual-control.jpg\",\"contentUrl\":\"https:\/\/www.tlirr.com\/wp-content\/uploads\/manual-control.jpg\"},{\"@type\":\"BreadcrumbList\",\"@id\":\"https:\/\/www.tlirr.com\/es\/productos\/pivot-control-options\/#breadcrumb\",\"itemListElement\":[{\"@type\":\"ListItem\",\"position\":1,\"name\":\"Home\",\"item\":\"https:\/\/www.tlirr.com\/es\/\"},{\"@type\":\"ListItem\",\"position\":2,\"name\":\"Productos\",\"item\":\"https:\/\/www.tlirr.com\/es\/productos\/\"},{\"@type\":\"ListItem\",\"position\":3,\"name\":\"Pivot Control Options\"}]},{\"@type\":\"WebSite\",\"@id\":\"https:\/\/www.tlirr.com\/#website\",\"url\":\"https:\/\/www.tlirr.com\/\",\"name\":\"T-L Irrigation\",\"description\":\"\",\"publisher\":{\"@id\":\"https:\/\/www.tlirr.com\/#organization\"},\"potentialAction\":[{\"@type\":\"SearchAction\",\"target\":{\"@type\":\"EntryPoint\",\"urlTemplate\":\"https:\/\/www.tlirr.com\/?s={search_term_string}\"},\"query-input\":{\"@type\":\"PropertyValueSpecification\",\"valueRequired\":true,\"valueName\":\"search_term_string\"}}],\"inLanguage\":\"es\"},{\"@type\":\"Organization\",\"@id\":\"https:\/\/www.tlirr.com\/#organization\",\"name\":\"T-L Irrigation\",\"url\":\"https:\/\/www.tlirr.com\/\",\"logo\":{\"@type\":\"ImageObject\",\"inLanguage\":\"es\",\"@id\":\"https:\/\/www.tlirr.com\/#\/schema\/logo\/image\/\",\"url\":\"https:\/\/www.tlirr.com\/wp-content\/uploads\/t-l-irrigation-logo.jpg\",\"contentUrl\":\"https:\/\/www.tlirr.com\/wp-content\/uploads\/t-l-irrigation-logo.jpg\",\"width\":300,\"height\":300,\"caption\":\"T-L Irrigation\"},\"image\":{\"@id\":\"https:\/\/www.tlirr.com\/#\/schema\/logo\/image\/\"}}]}<\/script>\n<!-- \/ Yoast SEO plugin. -->","yoast_head_json":{"title":"Smartphone Pivot Control | Schedule Automatic Field Irrigation | T-L Irrigation","description":"Automatic irrigation pivot control | Website field irrigation, Smartphone pivot irrigation control | Schedule field irrigation automatically | T-L Irrigation","robots":{"index":"index","follow":"follow","max-snippet":"max-snippet:-1","max-image-preview":"max-image-preview:large","max-video-preview":"max-video-preview:-1"},"canonical":"https:\/\/www.tlirr.com\/es\/productos\/pivot-control-options\/","og_locale":"es_ES","og_type":"article","og_title":"Smartphone Pivot Control | Schedule Automatic Field Irrigation | T-L Irrigation","og_description":"Automatic irrigation pivot control | Website field irrigation, Smartphone pivot irrigation control | Schedule field irrigation automatically | T-L Irrigation","og_url":"https:\/\/www.tlirr.com\/es\/productos\/pivot-control-options\/","og_site_name":"T-L Irrigation","article_modified_time":"2023-01-03T19:21:37+00:00","og_image":[{"url":"https:\/\/www.tlirr.com\/wp-content\/uploads\/manual-control.jpg","type":"","width":"","height":""}],"twitter_card":"summary_large_image","twitter_misc":{"Tiempo de lectura":"4 minutos"},"schema":{"@context":"https:\/\/schema.org","@graph":[{"@type":"WebPage","@id":"https:\/\/www.tlirr.com\/es\/productos\/pivot-control-options\/","url":"https:\/\/www.tlirr.com\/es\/productos\/pivot-control-options\/","name":"Smartphone Pivot Control | Schedule Automatic Field Irrigation | T-L Irrigation","isPartOf":{"@id":"https:\/\/www.tlirr.com\/#website"},"primaryImageOfPage":{"@id":"https:\/\/www.tlirr.com\/es\/productos\/pivot-control-options\/#primaryimage"},"image":{"@id":"https:\/\/www.tlirr.com\/es\/productos\/pivot-control-options\/#primaryimage"},"thumbnailUrl":"https:\/\/www.tlirr.com\/wp-content\/uploads\/manual-control.jpg","datePublished":"2020-03-16T14:57:44+00:00","dateModified":"2023-01-03T19:21:37+00:00","description":"Automatic irrigation pivot control | Website field irrigation, Smartphone pivot irrigation control | Schedule field irrigation automatically | T-L Irrigation","breadcrumb":{"@id":"https:\/\/www.tlirr.com\/es\/productos\/pivot-control-options\/#breadcrumb"},"inLanguage":"es","potentialAction":[{"@type":"ReadAction","target":["https:\/\/www.tlirr.com\/es\/productos\/pivot-control-options\/"]}]},{"@type":"ImageObject","inLanguage":"es","@id":"https:\/\/www.tlirr.com\/es\/productos\/pivot-control-options\/#primaryimage","url":"https:\/\/www.tlirr.com\/wp-content\/uploads\/manual-control.jpg","contentUrl":"https:\/\/www.tlirr.com\/wp-content\/uploads\/manual-control.jpg"},{"@type":"BreadcrumbList","@id":"https:\/\/www.tlirr.com\/es\/productos\/pivot-control-options\/#breadcrumb","itemListElement":[{"@type":"ListItem","position":1,"name":"Home","item":"https:\/\/www.tlirr.com\/es\/"},{"@type":"ListItem","position":2,"name":"Productos","item":"https:\/\/www.tlirr.com\/es\/productos\/"},{"@type":"ListItem","position":3,"name":"Pivot Control Options"}]},{"@type":"WebSite","@id":"https:\/\/www.tlirr.com\/#website","url":"https:\/\/www.tlirr.com\/","name":"T-L Irrigation","description":"","publisher":{"@id":"https:\/\/www.tlirr.com\/#organization"},"potentialAction":[{"@type":"SearchAction","target":{"@type":"EntryPoint","urlTemplate":"https:\/\/www.tlirr.com\/?s={search_term_string}"},"query-input":{"@type":"PropertyValueSpecification","valueRequired":true,"valueName":"search_term_string"}}],"inLanguage":"es"},{"@type":"Organization","@id":"https:\/\/www.tlirr.com\/#organization","name":"T-L Irrigation","url":"https:\/\/www.tlirr.com\/","logo":{"@type":"ImageObject","inLanguage":"es","@id":"https:\/\/www.tlirr.com\/#\/schema\/logo\/image\/","url":"https:\/\/www.tlirr.com\/wp-content\/uploads\/t-l-irrigation-logo.jpg","contentUrl":"https:\/\/www.tlirr.com\/wp-content\/uploads\/t-l-irrigation-logo.jpg","width":300,"height":300,"caption":"T-L Irrigation"},"image":{"@id":"https:\/\/www.tlirr.com\/#\/schema\/logo\/image\/"}}]}},"_links":{"self":[{"href":"https:\/\/www.tlirr.com\/es\/wp-json\/wp\/v2\/pages\/10150","targetHints":{"allow":["GET"]}}],"collection":[{"href":"https:\/\/www.tlirr.com\/es\/wp-json\/wp\/v2\/pages"}],"about":[{"href":"https:\/\/www.tlirr.com\/es\/wp-json\/wp\/v2\/types\/page"}],"author":[{"embeddable":true,"href":"https:\/\/www.tlirr.com\/es\/wp-json\/wp\/v2\/users\/1"}],"replies":[{"embeddable":true,"href":"https:\/\/www.tlirr.com\/es\/wp-json\/wp\/v2\/comments?post=10150"}],"version-history":[{"count":40,"href":"https:\/\/www.tlirr.com\/es\/wp-json\/wp\/v2\/pages\/10150\/revisions"}],"predecessor-version":[{"id":11580,"href":"https:\/\/www.tlirr.com\/es\/wp-json\/wp\/v2\/pages\/10150\/revisions\/11580"}],"up":[{"embeddable":true,"href":"https:\/\/www.tlirr.com\/es\/wp-json\/wp\/v2\/pages\/10106"}],"wp:attachment":[{"href":"https:\/\/www.tlirr.com\/es\/wp-json\/wp\/v2\/media?parent=10150"}],"curies":[{"name":"wp","href":"https:\/\/api.w.org\/{rel}","templated":true}]}}