{"id":10148,"date":"2020-02-26T09:15:10","date_gmt":"2020-02-26T15:15:10","guid":{"rendered":"https:\/\/www.tlirr.com\/the-t-l-difference\/no-spoking\/"},"modified":"2023-01-03T14:17:33","modified_gmt":"2023-01-03T20:17:33","slug":"el-radiado","status":"publish","type":"page","link":"https:\/\/www.tlirr.com\/es\/la-t-l-diferencia\/el-radiado\/","title":{"rendered":"El Radiado"},"content":{"rendered":"<div id=\"pl-10148\"  class=\"panel-layout\" ><div id=\"pg-10148-0\"  class=\"panel-grid panel-no-style\" ><div id=\"pgc-10148-0-0\"  class=\"panel-grid-cell\" ><div id=\"panel-10148-0-0-0\" class=\"so-panel widget widget_sow-editor panel-first-child panel-last-child\" data-index=\"0\" ><div\n\t\t\t\n\t\t\tclass=\"so-widget-sow-editor so-widget-sow-editor-base\"\n\t\t\t\n\t\t>\n<div class=\"siteorigin-widget-tinymce textwidget\">\n\t<h2>How Much Production Are You Losing?<\/h2>\n<p>Obs\u00e9rvese la desigual aplicaci\u00f3n de agua en los c\u00edrculos de pivote central que se muestran. A esto se le conoce como \u00abel radiado\u00bb, originado por la operaci\u00f3n de arranque-paro de un pivote de tracci\u00f3n el\u00e9ctrica. Un pivote el\u00e9ctrico se enciende y se apaga 2,880 veces al d\u00eda, y eso solamente en la torre final. Una investigaci\u00f3n de campo de la Universidad Estatal de Michigan (Fusco, 1995) verific\u00f3 el efecto significativo del \u201cradiado\u00bb, encontrando una aplicaci\u00f3n variable del 15% al 85% en uno de los principales fabricantes de pivotes por tracci\u00f3n el\u00e9ctrica. Accede a Google Maps o Earth en tu computadora y compru\u00e9belo usted mismo.<\/p>\n<p>El sentido com\u00fan nos dice que la consecuencia del \u00abradiado\u00bb es que se pierden rendimientos en la producci\u00f3n de cultivos y que dichas p\u00e9rdidas pueden ser a\u00fan mayores si el sistema se utiliza para quimigaci\u00f3n. La inversi\u00f3n que realiza en su sistema de riego es importante y est\u00e1 destinada a maximizar el retorno econ\u00f3mico de su cultivo. Sin embargo, el movimiento intermitente de un pivote accionado el\u00e9ctricamente puede ir en detrimento de sus objetivos, y en algunas ocasiones de manera significativa.<\/p>\n<p>La historia ha demostrado que el movimiento de arranque y paro tambi\u00e9n es perjudicial para la vida de los componentes, aumenta los problemas mec\u00e1nicos, genera m\u00e1s gastos, mayores tiempos de inactividad, y en general el riego es bastante deficiente. Muchos productores han experimentado estos problemas.<\/p>\n<\/div>\n<\/div><\/div><\/div><div id=\"pgc-10148-0-1\"  class=\"panel-grid-cell\" ><div id=\"panel-10148-0-1-0\" class=\"so-panel widget widget_sow-editor panel-first-child panel-last-child\" data-index=\"1\" ><div data-aos=\"zoom-in\" data-aos-duration=\"600\" data-aos-delay=\"300\" class=\"panel-widget-style panel-widget-style-for-10148-0-1-0\" ><div\n\t\t\t\n\t\t\tclass=\"so-widget-sow-editor so-widget-sow-editor-base\"\n\t\t\t\n\t\t>\n<div class=\"siteorigin-widget-tinymce textwidget\">\n\t<figure id=\"attachment_9550\" aria-describedby=\"caption-attachment-9550\" style=\"width: 600px\" class=\"wp-caption aligncenter\"><img loading=\"lazy\" decoding=\"async\" class=\"wp-image-9550 size-full\" src=\"https:\/\/www.tlirr.com\/wp-content\/uploads\/electric-pivot-spoking.jpg\" alt=\"Hydraulic vs Electric Center Pivot Systems | Smooth &amp; easy to maintain Hydraulic Center Pivot\" width=\"600\" height=\"600\" srcset=\"https:\/\/www.tlirr.com\/wp-content\/uploads\/electric-pivot-spoking.jpg 600w, https:\/\/www.tlirr.com\/wp-content\/uploads\/electric-pivot-spoking-300x300.jpg 300w, https:\/\/www.tlirr.com\/wp-content\/uploads\/electric-pivot-spoking-150x150.jpg 150w, https:\/\/www.tlirr.com\/wp-content\/uploads\/electric-pivot-spoking-360x360.jpg 360w, https:\/\/www.tlirr.com\/wp-content\/uploads\/electric-pivot-spoking-90x90.jpg 90w\" sizes=\"auto, (max-width: 600px) 100vw, 600px\" \/><figcaption id=\"caption-attachment-9550\" class=\"wp-caption-text\">Electric Pivot Spoking<\/figcaption><\/figure>\n<\/div>\n<\/div><\/div><\/div><\/div><\/div><div id=\"pg-10148-1\"  class=\"panel-grid panel-no-style\" ><div id=\"pgc-10148-1-0\"  class=\"panel-grid-cell\" ><div id=\"panel-10148-1-0-0\" class=\"so-panel widget widget_sow-editor panel-first-child panel-last-child\" data-index=\"2\" ><div\n\t\t\t\n\t\t\tclass=\"so-widget-sow-editor so-widget-sow-editor-base\"\n\t\t\t\n\t\t>\n<div class=\"siteorigin-widget-tinymce textwidget\">\n\t<hr \/>\n<\/div>\n<\/div><\/div><\/div><\/div><div id=\"pg-10148-2\"  class=\"panel-grid panel-has-style\" ><div data-aos=\"fade-in\" data-aos-duration=\"600\" data-aos-delay=\"300\" class=\"panel-row-style panel-row-style-for-10148-2\" ><div id=\"pgc-10148-2-0\"  class=\"panel-grid-cell\" ><div id=\"panel-10148-2-0-0\" class=\"so-panel widget widget_sow-editor panel-first-child panel-last-child\" data-index=\"3\" ><div\n\t\t\t\n\t\t\tclass=\"so-widget-sow-editor so-widget-sow-editor-base\"\n\t\t\t\n\t\t>\n<div class=\"siteorigin-widget-tinymce textwidget\">\n\t<h3 style=\"text-align: center;\">Electric Center Pivot<\/h3>\n<p><img loading=\"lazy\" decoding=\"async\" class=\"aligncenter wp-image-9557 size-full\" src=\"https:\/\/www.tlirr.com\/wp-content\/uploads\/electric-center-pivot-map.jpg\" alt=\"Electric center pivot spoking | Uneven irrigated field\" width=\"600\" height=\"600\" srcset=\"https:\/\/www.tlirr.com\/wp-content\/uploads\/electric-center-pivot-map.jpg 600w, https:\/\/www.tlirr.com\/wp-content\/uploads\/electric-center-pivot-map-300x300.jpg 300w, https:\/\/www.tlirr.com\/wp-content\/uploads\/electric-center-pivot-map-150x150.jpg 150w, https:\/\/www.tlirr.com\/wp-content\/uploads\/electric-center-pivot-map-360x360.jpg 360w, https:\/\/www.tlirr.com\/wp-content\/uploads\/electric-center-pivot-map-90x90.jpg 90w\" sizes=\"auto, (max-width: 600px) 100vw, 600px\" \/><\/p>\n<\/div>\n<\/div><\/div><\/div><div id=\"pgc-10148-2-1\"  class=\"panel-grid-cell\" ><div id=\"panel-10148-2-1-0\" class=\"so-panel widget widget_sow-editor panel-first-child panel-last-child\" data-index=\"4\" ><div\n\t\t\t\n\t\t\tclass=\"so-widget-sow-editor so-widget-sow-editor-base\"\n\t\t\t\n\t\t>\n<div class=\"siteorigin-widget-tinymce textwidget\">\n\t<h3 style=\"text-align: center;\">T-L Center Pivot<\/h3>\n<p><img loading=\"lazy\" decoding=\"async\" class=\"aligncenter wp-image-9556 size-full\" src=\"https:\/\/www.tlirr.com\/wp-content\/uploads\/t-l-center-pivot-map.jpg\" alt=\"Hydraulic T-L Center Pivot | Smooth well irrigated field | Even Water Application\" width=\"600\" height=\"600\" srcset=\"https:\/\/www.tlirr.com\/wp-content\/uploads\/t-l-center-pivot-map.jpg 600w, https:\/\/www.tlirr.com\/wp-content\/uploads\/t-l-center-pivot-map-300x300.jpg 300w, https:\/\/www.tlirr.com\/wp-content\/uploads\/t-l-center-pivot-map-150x150.jpg 150w, https:\/\/www.tlirr.com\/wp-content\/uploads\/t-l-center-pivot-map-360x360.jpg 360w, https:\/\/www.tlirr.com\/wp-content\/uploads\/t-l-center-pivot-map-90x90.jpg 90w\" sizes=\"auto, (max-width: 600px) 100vw, 600px\" \/><\/p>\n<\/div>\n<\/div><\/div><\/div><\/div><\/div><div id=\"pg-10148-3\"  class=\"panel-grid panel-has-style\" ><div class=\"siteorigin-panels-stretch panel-row-style panel-row-style-for-10148-3\" style=\"position:relative;\" data-siteorigin-parallax=\"{&quot;backgroundUrl&quot;:&quot;https:\\\/\\\/www.tlirr.com\\\/wp-content\\\/uploads\\\/corn-bg.jpg&quot;,&quot;backgroundSize&quot;:[1920,1080],&quot;backgroundSizing&quot;:&quot;scaled&quot;,&quot;limitMotion&quot;:&quot;auto&quot;}\" data-stretch-type=\"full\" ><div class=\"page-builder-overlay\" style=\"background-color:rgba(15, 45, 82, 0.9);\"><\/div><div id=\"pgc-10148-3-0\"  class=\"panel-grid-cell\" ><div id=\"panel-10148-3-0-0\" class=\"so-panel widget widget_testimonial-slider testimonial-slider-widget panel-first-child panel-last-child\" data-index=\"5\" ><div class=\"panel-widget-style panel-widget-style-for-10148-3-0-0\" ><div\n\t\t\t\n\t\t\tclass=\"so-widget-testimonial-slider so-widget-testimonial-slider-default-d75171398898-10148\"\n\t\t\t\n\t\t>\t\t<div class=\"testimonials\">\n\t\t\t\t\t\t\t<div>\n\t\t\t\t\t\t\t\t\t\t\t<img decoding=\"async\" src=\"https:\/\/www.tlirr.com\/wp-content\/uploads\/bill-hoekstra-150x150.jpg\">\n\t\t\t\t\t\t\t\t\t\t\t<div class=\"quote\">\n\t\t\t\t\t\t\u201cWe looked at electric units, but we just felt like the continuous movement of the hydraulic drive would work a lot better in this situation.\u201d\t\t\t\t\t<\/div><!-- .quote -->\n\t\t\t\t\t<div class=\"title\">\n\t\t\t\t\t\tBill Hoekstra\t\t\t\t\t<\/div><!-- .title -->\n\t\t\t\t\t<div class=\"link\">\n\t\t\t\t\t\t<a href=\"https:\/\/www.tlirr.com\/es\/testimonials\/bill-hoekstra\/\" class=\"underline-button white\">Read Testimonial<\/a>\n\t\t\t\t\t<\/div><!-- .link -->\n\t\t\t\t<\/div>\n\t\t\t\t\t\t\t\t<div>\n\t\t\t\t\t\t\t\t\t\t\t<img decoding=\"async\" src=\"https:\/\/www.tlirr.com\/wp-content\/uploads\/j-r-thompson-testimonials-150x150.jpg\">\n\t\t\t\t\t\t\t\t\t\t\t<div class=\"quote\">\n\t\t\t\t\t\t\"I believe that irrigating with my T-Ls can make a difference between making or not making money in farming.\"\t\t\t\t\t<\/div><!-- .quote -->\n\t\t\t\t\t<div class=\"title\">\n\t\t\t\t\t\tJ. R. Thompson\t\t\t\t\t<\/div><!-- .title -->\n\t\t\t\t\t<div class=\"link\">\n\t\t\t\t\t\t<a href=\"https:\/\/www.tlirr.com\/es\/testimonials\/j-r-thompson\/\" class=\"underline-button white\">Read Testimonial<\/a>\n\t\t\t\t\t<\/div><!-- .link -->\n\t\t\t\t<\/div>\n\t\t\t\t\t\t\t\t<div>\n\t\t\t\t\t\t\t\t\t\t\t<img decoding=\"async\" src=\"https:\/\/www.tlirr.com\/wp-content\/uploads\/Steve-Rogers-150x150.jpg\">\n\t\t\t\t\t\t\t\t\t\t\t<div class=\"quote\">\n\t\t\t\t\t\t\u201cWe would have been better off if we would have had T-L pivots all along.\u201d\t\t\t\t\t<\/div><!-- .quote -->\n\t\t\t\t\t<div class=\"title\">\n\t\t\t\t\t\tSteve Rogers\t\t\t\t\t<\/div><!-- .title -->\n\t\t\t\t\t<div class=\"link\">\n\t\t\t\t\t\t<a href=\"https:\/\/www.tlirr.com\/es\/testimonials\/steve-rogers\/\" class=\"underline-button white\">Read Testimonial<\/a>\n\t\t\t\t\t<\/div><!-- .link -->\n\t\t\t\t<\/div>\n\t\t\t\t\t\t<\/div><!-- .testimonials -->\n\t\t<\/div><\/div><\/div><\/div><\/div><\/div><div id=\"pg-10148-4\"  class=\"panel-grid panel-has-style\" ><div class=\"siteorigin-panels-stretch panel-row-style panel-row-style-for-10148-4\" data-stretch-type=\"full\" ><div id=\"pgc-10148-4-0\"  class=\"panel-grid-cell\" ><div id=\"panel-10148-4-0-0\" class=\"so-panel widget widget_icon-slider icon-slider-widget panel-first-child panel-last-child\" data-index=\"6\" ><div\n\t\t\t\n\t\t\tclass=\"so-widget-icon-slider so-widget-icon-slider-default-d75171398898-541\"\n\t\t\t\n\t\t>\t<div class=\"flex\">\n\t\t<div class=\"left\">\n\t\t\t\t\t\t\t<div class=\"title\">\n\t\t\t\t\t<small>Learn more about the<\/small>T-L Diferencia\t\t\t\t<\/div>\n\t\t\t\t\t\t\t<div class=\"arrows\"><\/div>\n\t\t<\/div><!-- .left -->\n\t\t<div class=\"right\">\n\t\t\t<div class=\"icons\" data-slides-to-show=\"3\" data-slick='{\"slidesToShow\": 3}'>\n\t\t\t\t\t\t\t\t\t<div>\n\t\t\t\t\t\t<a href=\"https:\/\/www.tlirr.com\/es\/la-t-l-diferencia\/sin-robo-de-cobre\/\">\n\t\t\t\t\t\t\t\t\t\t\t\t\t\t\t<div class=\"icon\">\n\t\t\t\t\t\t\t\t\t<i class=\"far fa-ban\"><\/i>\n\t\t\t\t\t\t\t\t<\/div><!-- .icon -->\n\t\t\t\t\t\t\t\t\t\t\t\t\t\t\t\t<div class=\"title\">\n\t\t\t\t\t\t\t\t\tSin Robo de Cobre\t\t\t\t\t\t\t\t<\/div><!-- .title -->\n\t\t\t\t\t\t\t\t\t\t\t\t\t\t<\/a>\n\t\t\t\t\t<\/div>\n\t\t\t\t\t\t\t\t\t\t<div>\n\t\t\t\t\t\t<a href=\"https:\/\/www.tlirr.com\/es\/la-t-l-diferencia\/seguridad\/\">\n\t\t\t\t\t\t\t\t\t\t\t\t\t\t\t<div class=\"icon\">\n\t\t\t\t\t\t\t\t\t<i class=\"far fa-exclamation-triangle\"><\/i>\n\t\t\t\t\t\t\t\t<\/div><!-- .icon -->\n\t\t\t\t\t\t\t\t\t\t\t\t\t\t\t\t<div class=\"title\">\n\t\t\t\t\t\t\t\t\tSeguridad\t\t\t\t\t\t\t\t<\/div><!-- .title -->\n\t\t\t\t\t\t\t\t\t\t\t\t\t\t<\/a>\n\t\t\t\t\t<\/div>\n\t\t\t\t\t\t\t\t\t\t<div>\n\t\t\t\t\t\t<a href=\"https:\/\/www.tlirr.com\/es\/la-t-l-diferencia\/el-radiado\/\">\n\t\t\t\t\t\t\t\t\t\t\t\t\t\t\t<div class=\"icon\">\n\t\t\t\t\t\t\t\t\t<i class=\"far fa-tint\"><\/i>\n\t\t\t\t\t\t\t\t<\/div><!-- .icon -->\n\t\t\t\t\t\t\t\t\t\t\t\t\t\t\t\t<div class=\"title\">\n\t\t\t\t\t\t\t\t\tEl Radiado\t\t\t\t\t\t\t\t<\/div><!-- .title -->\n\t\t\t\t\t\t\t\t\t\t\t\t\t\t<\/a>\n\t\t\t\t\t<\/div>\n\t\t\t\t\t\t\t\t\t\t<div>\n\t\t\t\t\t\t<a href=\"https:\/\/www.tlirr.com\/es\/la-t-l-diferencia\/movimiento-continuo\/\">\n\t\t\t\t\t\t\t\t\t\t\t\t\t\t\t<div class=\"icon\">\n\t\t\t\t\t\t\t\t\t<i class=\"far fa-cog\"><\/i>\n\t\t\t\t\t\t\t\t<\/div><!-- .icon -->\n\t\t\t\t\t\t\t\t\t\t\t\t\t\t\t\t<div class=\"title\">\n\t\t\t\t\t\t\t\t\tMovimiento Continuo\t\t\t\t\t\t\t\t<\/div><!-- .title -->\n\t\t\t\t\t\t\t\t\t\t\t\t\t\t<\/a>\n\t\t\t\t\t<\/div>\n\t\t\t\t\t\t\t\t\t\t<div>\n\t\t\t\t\t\t<a href=\"https:\/\/www.tlirr.com\/es\/la-t-l-diferencia\/garantia\/\">\n\t\t\t\t\t\t\t\t\t\t\t\t\t\t\t<div class=\"icon\">\n\t\t\t\t\t\t\t\t\t<i class=\"far fa-shield-alt\"><\/i>\n\t\t\t\t\t\t\t\t<\/div><!-- .icon -->\n\t\t\t\t\t\t\t\t\t\t\t\t\t\t\t\t<div class=\"title\">\n\t\t\t\t\t\t\t\t\tGarant\u00eda\t\t\t\t\t\t\t\t<\/div><!-- .title -->\n\t\t\t\t\t\t\t\t\t\t\t\t\t\t<\/a>\n\t\t\t\t\t<\/div>\n\t\t\t\t\t\t\t\t\t\t<div>\n\t\t\t\t\t\t<a href=\"https:\/\/www.tlirr.com\/es\/la-t-l-diferencia\/high-reliability\/\">\n\t\t\t\t\t\t\t\t\t\t\t\t\t\t\t<div class=\"icon\">\n\t\t\t\t\t\t\t\t\t<i class=\"far fa-check\"><\/i>\n\t\t\t\t\t\t\t\t<\/div><!-- .icon -->\n\t\t\t\t\t\t\t\t\t\t\t\t\t\t\t\t<div class=\"title\">\n\t\t\t\t\t\t\t\t\tHigh Reliability\t\t\t\t\t\t\t\t<\/div><!-- .title -->\n\t\t\t\t\t\t\t\t\t\t\t\t\t\t<\/a>\n\t\t\t\t\t<\/div>\n\t\t\t\t\t\t\t\t\t\t<div>\n\t\t\t\t\t\t<a href=\"https:\/\/www.tlirr.com\/es\/la-t-l-diferencia\/bajo-mantenimiento\/\">\n\t\t\t\t\t\t\t\t\t\t\t\t\t\t\t<div class=\"icon\">\n\t\t\t\t\t\t\t\t\t<i class=\"far fa-wrench\"><\/i>\n\t\t\t\t\t\t\t\t<\/div><!-- .icon -->\n\t\t\t\t\t\t\t\t\t\t\t\t\t\t\t\t<div class=\"title\">\n\t\t\t\t\t\t\t\t\tBajo Mantenimiento\t\t\t\t\t\t\t\t<\/div><!-- .title -->\n\t\t\t\t\t\t\t\t\t\t\t\t\t\t<\/a>\n\t\t\t\t\t<\/div>\n\t\t\t\t\t\t\t\t<\/div><!-- .icons -->\n\t\t<\/div><!-- .right -->\n\t<\/div><!-- .flex -->\n\t<\/div><\/div><\/div><\/div><\/div><\/div>","protected":false},"excerpt":{"rendered":"<p>How Much Production Are You Losing? Obs\u00e9rvese la desigual aplicaci\u00f3n de agua en los c\u00edrculos de pivote central que se muestran. A esto se le conoce como \u00abel radiado\u00bb, originado por la operaci\u00f3n de arranque-paro de un pivote de tracci\u00f3n el\u00e9ctrica. Un pivote el\u00e9ctrico se enciende y se apaga 2,880 veces al d\u00eda, y eso [&hellip;]<\/p>\n","protected":false},"author":1,"featured_media":0,"parent":10134,"menu_order":17,"comment_status":"closed","ping_status":"closed","template":"","meta":{"_acf_changed":false,"footnotes":""},"class_list":["post-10148","page","type-page","status-publish","hentry"],"acf":[],"yoast_head":"<!-- This site is optimized with the Yoast SEO plugin v26.6 - https:\/\/yoast.com\/wordpress\/plugins\/seo\/ -->\n<title>Hydraulic Pivot Irrigation | Low Maintenance Smooth Field Pivots | T-L Irrigation<\/title>\n<meta name=\"description\" content=\"Easy to Maintain Field Irrigation | Simple Hydraulic Powered Irrigation Pivots | T-L Irrigation Midwest Low Maintenance Pivots | Hastings, Grand Island &amp; Kearney Nebraska\" \/>\n<meta name=\"robots\" content=\"index, follow, max-snippet:-1, max-image-preview:large, max-video-preview:-1\" \/>\n<link rel=\"canonical\" href=\"https:\/\/www.tlirr.com\/es\/la-t-l-diferencia\/el-radiado\/\" \/>\n<meta property=\"og:locale\" content=\"es_ES\" \/>\n<meta property=\"og:type\" content=\"article\" \/>\n<meta property=\"og:title\" content=\"Hydraulic Pivot Irrigation | Low Maintenance Smooth Field Pivots | T-L Irrigation\" \/>\n<meta property=\"og:description\" content=\"Easy to Maintain Field Irrigation | Simple Hydraulic Powered Irrigation Pivots | T-L Irrigation Midwest Low Maintenance Pivots | Hastings, Grand Island &amp; Kearney Nebraska\" \/>\n<meta property=\"og:url\" content=\"https:\/\/www.tlirr.com\/es\/la-t-l-diferencia\/el-radiado\/\" \/>\n<meta property=\"og:site_name\" content=\"T-L Irrigation\" \/>\n<meta property=\"article:modified_time\" content=\"2023-01-03T20:17:33+00:00\" \/>\n<meta property=\"og:image\" content=\"https:\/\/www.tlirr.com\/wp-content\/uploads\/electric-pivot-spoking.jpg\" \/>\n<meta name=\"twitter:card\" content=\"summary_large_image\" \/>\n<meta name=\"twitter:label1\" content=\"Tiempo de lectura\" \/>\n\t<meta name=\"twitter:data1\" content=\"2 minutos\" \/>\n<script type=\"application\/ld+json\" class=\"yoast-schema-graph\">{\"@context\":\"https:\/\/schema.org\",\"@graph\":[{\"@type\":\"WebPage\",\"@id\":\"https:\/\/www.tlirr.com\/es\/la-t-l-diferencia\/el-radiado\/\",\"url\":\"https:\/\/www.tlirr.com\/es\/la-t-l-diferencia\/el-radiado\/\",\"name\":\"Hydraulic Pivot Irrigation | Low Maintenance Smooth Field Pivots | T-L Irrigation\",\"isPartOf\":{\"@id\":\"https:\/\/www.tlirr.com\/#website\"},\"primaryImageOfPage\":{\"@id\":\"https:\/\/www.tlirr.com\/es\/la-t-l-diferencia\/el-radiado\/#primaryimage\"},\"image\":{\"@id\":\"https:\/\/www.tlirr.com\/es\/la-t-l-diferencia\/el-radiado\/#primaryimage\"},\"thumbnailUrl\":\"https:\/\/www.tlirr.com\/wp-content\/uploads\/electric-pivot-spoking.jpg\",\"datePublished\":\"2020-02-26T15:15:10+00:00\",\"dateModified\":\"2023-01-03T20:17:33+00:00\",\"description\":\"Easy to Maintain Field Irrigation | Simple Hydraulic Powered Irrigation Pivots | T-L Irrigation Midwest Low Maintenance Pivots | Hastings, Grand Island & Kearney Nebraska\",\"breadcrumb\":{\"@id\":\"https:\/\/www.tlirr.com\/es\/la-t-l-diferencia\/el-radiado\/#breadcrumb\"},\"inLanguage\":\"es\",\"potentialAction\":[{\"@type\":\"ReadAction\",\"target\":[\"https:\/\/www.tlirr.com\/es\/la-t-l-diferencia\/el-radiado\/\"]}]},{\"@type\":\"ImageObject\",\"inLanguage\":\"es\",\"@id\":\"https:\/\/www.tlirr.com\/es\/la-t-l-diferencia\/el-radiado\/#primaryimage\",\"url\":\"https:\/\/www.tlirr.com\/wp-content\/uploads\/electric-pivot-spoking.jpg\",\"contentUrl\":\"https:\/\/www.tlirr.com\/wp-content\/uploads\/electric-pivot-spoking.jpg\"},{\"@type\":\"BreadcrumbList\",\"@id\":\"https:\/\/www.tlirr.com\/es\/la-t-l-diferencia\/el-radiado\/#breadcrumb\",\"itemListElement\":[{\"@type\":\"ListItem\",\"position\":1,\"name\":\"Home\",\"item\":\"https:\/\/www.tlirr.com\/es\/\"},{\"@type\":\"ListItem\",\"position\":2,\"name\":\"La T-L Diferencia\",\"item\":\"https:\/\/www.tlirr.com\/es\/la-t-l-diferencia\/\"},{\"@type\":\"ListItem\",\"position\":3,\"name\":\"El Radiado\"}]},{\"@type\":\"WebSite\",\"@id\":\"https:\/\/www.tlirr.com\/#website\",\"url\":\"https:\/\/www.tlirr.com\/\",\"name\":\"T-L Irrigation\",\"description\":\"\",\"publisher\":{\"@id\":\"https:\/\/www.tlirr.com\/#organization\"},\"potentialAction\":[{\"@type\":\"SearchAction\",\"target\":{\"@type\":\"EntryPoint\",\"urlTemplate\":\"https:\/\/www.tlirr.com\/?s={search_term_string}\"},\"query-input\":{\"@type\":\"PropertyValueSpecification\",\"valueRequired\":true,\"valueName\":\"search_term_string\"}}],\"inLanguage\":\"es\"},{\"@type\":\"Organization\",\"@id\":\"https:\/\/www.tlirr.com\/#organization\",\"name\":\"T-L Irrigation\",\"url\":\"https:\/\/www.tlirr.com\/\",\"logo\":{\"@type\":\"ImageObject\",\"inLanguage\":\"es\",\"@id\":\"https:\/\/www.tlirr.com\/#\/schema\/logo\/image\/\",\"url\":\"https:\/\/www.tlirr.com\/wp-content\/uploads\/t-l-irrigation-logo.jpg\",\"contentUrl\":\"https:\/\/www.tlirr.com\/wp-content\/uploads\/t-l-irrigation-logo.jpg\",\"width\":300,\"height\":300,\"caption\":\"T-L Irrigation\"},\"image\":{\"@id\":\"https:\/\/www.tlirr.com\/#\/schema\/logo\/image\/\"}}]}<\/script>\n<!-- \/ Yoast SEO plugin. -->","yoast_head_json":{"title":"Hydraulic Pivot Irrigation | Low Maintenance Smooth Field Pivots | T-L Irrigation","description":"Easy to Maintain Field Irrigation | Simple Hydraulic Powered Irrigation Pivots | T-L Irrigation Midwest Low Maintenance Pivots | Hastings, Grand Island & Kearney Nebraska","robots":{"index":"index","follow":"follow","max-snippet":"max-snippet:-1","max-image-preview":"max-image-preview:large","max-video-preview":"max-video-preview:-1"},"canonical":"https:\/\/www.tlirr.com\/es\/la-t-l-diferencia\/el-radiado\/","og_locale":"es_ES","og_type":"article","og_title":"Hydraulic Pivot Irrigation | Low Maintenance Smooth Field Pivots | T-L Irrigation","og_description":"Easy to Maintain Field Irrigation | Simple Hydraulic Powered Irrigation Pivots | T-L Irrigation Midwest Low Maintenance Pivots | Hastings, Grand Island & Kearney Nebraska","og_url":"https:\/\/www.tlirr.com\/es\/la-t-l-diferencia\/el-radiado\/","og_site_name":"T-L Irrigation","article_modified_time":"2023-01-03T20:17:33+00:00","og_image":[{"url":"https:\/\/www.tlirr.com\/wp-content\/uploads\/electric-pivot-spoking.jpg","type":"","width":"","height":""}],"twitter_card":"summary_large_image","twitter_misc":{"Tiempo de lectura":"2 minutos"},"schema":{"@context":"https:\/\/schema.org","@graph":[{"@type":"WebPage","@id":"https:\/\/www.tlirr.com\/es\/la-t-l-diferencia\/el-radiado\/","url":"https:\/\/www.tlirr.com\/es\/la-t-l-diferencia\/el-radiado\/","name":"Hydraulic Pivot Irrigation | Low Maintenance Smooth Field Pivots | T-L Irrigation","isPartOf":{"@id":"https:\/\/www.tlirr.com\/#website"},"primaryImageOfPage":{"@id":"https:\/\/www.tlirr.com\/es\/la-t-l-diferencia\/el-radiado\/#primaryimage"},"image":{"@id":"https:\/\/www.tlirr.com\/es\/la-t-l-diferencia\/el-radiado\/#primaryimage"},"thumbnailUrl":"https:\/\/www.tlirr.com\/wp-content\/uploads\/electric-pivot-spoking.jpg","datePublished":"2020-02-26T15:15:10+00:00","dateModified":"2023-01-03T20:17:33+00:00","description":"Easy to Maintain Field Irrigation | Simple Hydraulic Powered Irrigation Pivots | T-L Irrigation Midwest Low Maintenance Pivots | Hastings, Grand Island & Kearney Nebraska","breadcrumb":{"@id":"https:\/\/www.tlirr.com\/es\/la-t-l-diferencia\/el-radiado\/#breadcrumb"},"inLanguage":"es","potentialAction":[{"@type":"ReadAction","target":["https:\/\/www.tlirr.com\/es\/la-t-l-diferencia\/el-radiado\/"]}]},{"@type":"ImageObject","inLanguage":"es","@id":"https:\/\/www.tlirr.com\/es\/la-t-l-diferencia\/el-radiado\/#primaryimage","url":"https:\/\/www.tlirr.com\/wp-content\/uploads\/electric-pivot-spoking.jpg","contentUrl":"https:\/\/www.tlirr.com\/wp-content\/uploads\/electric-pivot-spoking.jpg"},{"@type":"BreadcrumbList","@id":"https:\/\/www.tlirr.com\/es\/la-t-l-diferencia\/el-radiado\/#breadcrumb","itemListElement":[{"@type":"ListItem","position":1,"name":"Home","item":"https:\/\/www.tlirr.com\/es\/"},{"@type":"ListItem","position":2,"name":"La T-L Diferencia","item":"https:\/\/www.tlirr.com\/es\/la-t-l-diferencia\/"},{"@type":"ListItem","position":3,"name":"El Radiado"}]},{"@type":"WebSite","@id":"https:\/\/www.tlirr.com\/#website","url":"https:\/\/www.tlirr.com\/","name":"T-L Irrigation","description":"","publisher":{"@id":"https:\/\/www.tlirr.com\/#organization"},"potentialAction":[{"@type":"SearchAction","target":{"@type":"EntryPoint","urlTemplate":"https:\/\/www.tlirr.com\/?s={search_term_string}"},"query-input":{"@type":"PropertyValueSpecification","valueRequired":true,"valueName":"search_term_string"}}],"inLanguage":"es"},{"@type":"Organization","@id":"https:\/\/www.tlirr.com\/#organization","name":"T-L Irrigation","url":"https:\/\/www.tlirr.com\/","logo":{"@type":"ImageObject","inLanguage":"es","@id":"https:\/\/www.tlirr.com\/#\/schema\/logo\/image\/","url":"https:\/\/www.tlirr.com\/wp-content\/uploads\/t-l-irrigation-logo.jpg","contentUrl":"https:\/\/www.tlirr.com\/wp-content\/uploads\/t-l-irrigation-logo.jpg","width":300,"height":300,"caption":"T-L Irrigation"},"image":{"@id":"https:\/\/www.tlirr.com\/#\/schema\/logo\/image\/"}}]}},"_links":{"self":[{"href":"https:\/\/www.tlirr.com\/es\/wp-json\/wp\/v2\/pages\/10148","targetHints":{"allow":["GET"]}}],"collection":[{"href":"https:\/\/www.tlirr.com\/es\/wp-json\/wp\/v2\/pages"}],"about":[{"href":"https:\/\/www.tlirr.com\/es\/wp-json\/wp\/v2\/types\/page"}],"author":[{"embeddable":true,"href":"https:\/\/www.tlirr.com\/es\/wp-json\/wp\/v2\/users\/1"}],"replies":[{"embeddable":true,"href":"https:\/\/www.tlirr.com\/es\/wp-json\/wp\/v2\/comments?post=10148"}],"version-history":[{"count":12,"href":"https:\/\/www.tlirr.com\/es\/wp-json\/wp\/v2\/pages\/10148\/revisions"}],"predecessor-version":[{"id":11597,"href":"https:\/\/www.tlirr.com\/es\/wp-json\/wp\/v2\/pages\/10148\/revisions\/11597"}],"up":[{"embeddable":true,"href":"https:\/\/www.tlirr.com\/es\/wp-json\/wp\/v2\/pages\/10134"}],"wp:attachment":[{"href":"https:\/\/www.tlirr.com\/es\/wp-json\/wp\/v2\/media?parent=10148"}],"curies":[{"name":"wp","href":"https:\/\/api.w.org\/{rel}","templated":true}]}}