{"id":10146,"date":"2020-02-26T09:15:26","date_gmt":"2020-02-26T15:15:26","guid":{"rendered":"https:\/\/www.tlirr.com\/the-t-l-difference\/no-copper-theft\/"},"modified":"2023-01-03T14:18:04","modified_gmt":"2023-01-03T20:18:04","slug":"sin-robo-de-cobre","status":"publish","type":"page","link":"https:\/\/www.tlirr.com\/es\/la-t-l-diferencia\/sin-robo-de-cobre\/","title":{"rendered":"Sin Robo de Cobre"},"content":{"rendered":"<div id=\"pl-10146\"  class=\"panel-layout\" ><div id=\"pg-10146-0\"  class=\"panel-grid panel-no-style\" ><div id=\"pgc-10146-0-0\"  class=\"panel-grid-cell\" ><div id=\"panel-10146-0-0-0\" class=\"so-panel widget widget_sow-editor panel-first-child panel-last-child\" data-index=\"0\" ><div\n\t\t\t\n\t\t\tclass=\"so-widget-sow-editor so-widget-sow-editor-base\"\n\t\t\t\n\t\t>\n<div class=\"siteorigin-widget-tinymce textwidget\">\n\t<h2>Go Wireless with T-L!<\/h2>\n<p>Copper wire is being stolen from electrically powered pivot systems world-wide. Many growers have resorted to 24-hour guards, razor wire, floodlights, and daily disassembly to protect themselves.<\/p>\n<p>Los sistemas de pivote de tracci\u00f3n hidrost\u00e1tica de T- L se pueden dise\u00f1ar sin cables susceptibles de robo, eliminando el problema. \u00a1Los sistemas de riego T-L son para toda la vida y m\u00e1s f\u00e1ciles para usted!<\/p>\n<p>Prevent theft and discover the reliability, safety and low maintenance of T-L\u2019s hydraulically powered pivot irrigation systems.<\/p>\n<\/div>\n<\/div><\/div><\/div><div id=\"pgc-10146-0-1\"  class=\"panel-grid-cell\" ><div id=\"panel-10146-0-1-0\" class=\"so-panel widget widget_sow-editor panel-first-child panel-last-child\" data-index=\"1\" ><div data-aos=\"zoom-in\" data-aos-duration=\"600\" data-aos-delay=\"300\" class=\"panel-widget-style panel-widget-style-for-10146-0-1-0\" ><div\n\t\t\t\n\t\t\tclass=\"so-widget-sow-editor so-widget-sow-editor-base\"\n\t\t\t\n\t\t>\n<div class=\"siteorigin-widget-tinymce textwidget\">\n\t<p style=\"text-align: center;\"><span style=\"font-size: 21px; color: #0f2d52;\"><strong>Copper Thieves Strike Again!<\/strong><\/span><\/p>\n<p style=\"text-align: center;\"><a class=\"lightbox play-button\" href=\"https:\/\/youtu.be\/p92LuSdCyPQ\"><img loading=\"lazy\" decoding=\"async\" class=\"alignnone wp-image-1139 size-full\" src=\"https:\/\/www.tlirr.com\/wp-content\/uploads\/copper-theft-video.jpg\" alt=\"Pivot Copper Theft\" width=\"480\" height=\"270\" srcset=\"https:\/\/www.tlirr.com\/wp-content\/uploads\/copper-theft-video.jpg 480w, https:\/\/www.tlirr.com\/wp-content\/uploads\/copper-theft-video-300x169.jpg 300w, https:\/\/www.tlirr.com\/wp-content\/uploads\/copper-theft-video-267x150.jpg 267w, https:\/\/www.tlirr.com\/wp-content\/uploads\/copper-theft-video-90x51.jpg 90w\" sizes=\"auto, (max-width: 480px) 100vw, 480px\" \/><\/a><\/p>\n<\/div>\n<\/div><\/div><\/div><\/div><\/div><div id=\"pg-10146-1\"  class=\"panel-grid panel-no-style\" ><div id=\"pgc-10146-1-0\"  class=\"panel-grid-cell\" ><div id=\"panel-10146-1-0-0\" class=\"so-panel widget widget_sow-editor panel-first-child panel-last-child\" data-index=\"2\" ><div\n\t\t\t\n\t\t\tclass=\"so-widget-sow-editor so-widget-sow-editor-base\"\n\t\t\t\n\t\t>\n<div class=\"siteorigin-widget-tinymce textwidget\">\n\t<hr \/>\n<\/div>\n<\/div><\/div><\/div><\/div><div id=\"pg-10146-2\"  class=\"panel-grid panel-has-style\" ><div data-aos=\"fade-in\" data-aos-duration=\"600\" data-aos-delay=\"300\" class=\"panel-row-style panel-row-style-for-10146-2\" ><div id=\"pgc-10146-2-0\"  class=\"panel-grid-cell\" ><div id=\"panel-10146-2-0-0\" class=\"so-panel widget widget_sow-editor panel-first-child panel-last-child\" data-index=\"3\" ><div\n\t\t\t\n\t\t\tclass=\"so-widget-sow-editor so-widget-sow-editor-base\"\n\t\t\t\n\t\t>\n<div class=\"siteorigin-widget-tinymce textwidget\">\n\t<figure id=\"attachment_1218\" aria-describedby=\"caption-attachment-1218\" style=\"width: 360px\" class=\"wp-caption aligncenter\"><img loading=\"lazy\" decoding=\"async\" class=\"wp-image-1218 size-full\" src=\"https:\/\/www.tlirr.com\/wp-content\/uploads\/razor-wire.jpg\" alt=\"Electric Pivot with razor wire | Copper theft from electric pivots\" width=\"360\" height=\"240\" srcset=\"https:\/\/www.tlirr.com\/wp-content\/uploads\/razor-wire.jpg 360w, https:\/\/www.tlirr.com\/wp-content\/uploads\/razor-wire-300x200.jpg 300w, https:\/\/www.tlirr.com\/wp-content\/uploads\/razor-wire-225x150.jpg 225w, https:\/\/www.tlirr.com\/wp-content\/uploads\/razor-wire-270x180.jpg 270w, https:\/\/www.tlirr.com\/wp-content\/uploads\/razor-wire-90x60.jpg 90w\" sizes=\"auto, (max-width: 360px) 100vw, 360px\" \/><figcaption id=\"caption-attachment-1218\" class=\"wp-caption-text\">Electric Pivot with Razor Wire<\/figcaption><\/figure>\n<\/div>\n<\/div><\/div><\/div><div id=\"pgc-10146-2-1\"  class=\"panel-grid-cell\" ><div id=\"panel-10146-2-1-0\" class=\"so-panel widget widget_sow-editor panel-first-child panel-last-child\" data-index=\"4\" ><div\n\t\t\t\n\t\t\tclass=\"so-widget-sow-editor so-widget-sow-editor-base\"\n\t\t\t\n\t\t>\n<div class=\"siteorigin-widget-tinymce textwidget\">\n\t<figure id=\"attachment_1217\" aria-describedby=\"caption-attachment-1217\" style=\"width: 360px\" class=\"wp-caption aligncenter\"><img loading=\"lazy\" decoding=\"async\" class=\"wp-image-1217 size-full\" src=\"https:\/\/www.tlirr.com\/wp-content\/uploads\/floodlights.jpg\" alt=\"Electric pivot with floodlights | How to stop copper theft from electric pivots\" width=\"360\" height=\"240\" srcset=\"https:\/\/www.tlirr.com\/wp-content\/uploads\/floodlights.jpg 360w, https:\/\/www.tlirr.com\/wp-content\/uploads\/floodlights-300x200.jpg 300w, https:\/\/www.tlirr.com\/wp-content\/uploads\/floodlights-225x150.jpg 225w, https:\/\/www.tlirr.com\/wp-content\/uploads\/floodlights-270x180.jpg 270w, https:\/\/www.tlirr.com\/wp-content\/uploads\/floodlights-90x60.jpg 90w\" sizes=\"auto, (max-width: 360px) 100vw, 360px\" \/><figcaption id=\"caption-attachment-1217\" class=\"wp-caption-text\">Electric Pivot with Floodlights<\/figcaption><\/figure>\n<\/div>\n<\/div><\/div><\/div><\/div><\/div><div id=\"pg-10146-3\"  class=\"panel-grid panel-has-style\" ><div class=\"siteorigin-panels-stretch panel-row-style panel-row-style-for-10146-3\" style=\"position:relative;\" data-siteorigin-parallax=\"{&quot;backgroundUrl&quot;:&quot;https:\\\/\\\/www.tlirr.com\\\/wp-content\\\/uploads\\\/center-pivot-bg.jpg&quot;,&quot;backgroundSize&quot;:[1920,1080],&quot;backgroundSizing&quot;:&quot;scaled&quot;,&quot;limitMotion&quot;:&quot;auto&quot;}\" data-stretch-type=\"full\" ><div class=\"page-builder-overlay\" style=\"background-color:rgba(15, 45, 82, 0.9);\"><\/div><div id=\"pgc-10146-3-0\"  class=\"panel-grid-cell\" ><div id=\"panel-10146-3-0-0\" class=\"so-panel widget widget_testimonial-slider testimonial-slider-widget panel-first-child panel-last-child\" data-index=\"5\" ><div class=\"panel-widget-style panel-widget-style-for-10146-3-0-0\" ><div\n\t\t\t\n\t\t\tclass=\"so-widget-testimonial-slider so-widget-testimonial-slider-default-d75171398898-10146\"\n\t\t\t\n\t\t>\t\t<div class=\"testimonials\">\n\t\t\t\t\t\t\t<div>\n\t\t\t\t\t\t\t\t\t\t\t<img decoding=\"async\" src=\"https:\/\/www.tlirr.com\/wp-content\/uploads\/jim-stevens-150x150.jpg\">\n\t\t\t\t\t\t\t\t\t\t\t<div class=\"quote\">\n\t\t\t\t\t\t\"There\u2019s no copper wire on a T-L as there is with every electric pivot system.\"\t\t\t\t\t<\/div><!-- .quote -->\n\t\t\t\t\t<div class=\"title\">\n\t\t\t\t\t\tJim Stevens\t\t\t\t\t<\/div><!-- .title -->\n\t\t\t\t\t<div class=\"link\">\n\t\t\t\t\t\t<a href=\"https:\/\/www.tlirr.com\/es\/testimonials\/jim-stevens\/\" class=\"underline-button white\">Read Testimonial<\/a>\n\t\t\t\t\t<\/div><!-- .link -->\n\t\t\t\t<\/div>\n\t\t\t\t\t\t\t\t<div>\n\t\t\t\t\t\t\t\t\t\t\t<img decoding=\"async\" src=\"https:\/\/www.tlirr.com\/wp-content\/uploads\/matt-richardville-150x150.jpg\">\n\t\t\t\t\t\t\t\t\t\t\t<div class=\"quote\">\n\t\t\t\t\t\t\"Thieves stole the copper wire from all of our 25 electrics, and later hit one again after the wire had been replaced!\"\t\t\t\t\t<\/div><!-- .quote -->\n\t\t\t\t\t<div class=\"title\">\n\t\t\t\t\t\tMatt Richardville\t\t\t\t\t<\/div><!-- .title -->\n\t\t\t\t\t<div class=\"link\">\n\t\t\t\t\t\t<a href=\"https:\/\/www.tlirr.com\/es\/testimonials\/matt-richardville\/\" class=\"underline-button white\">Read Testimonial<\/a>\n\t\t\t\t\t<\/div><!-- .link -->\n\t\t\t\t<\/div>\n\t\t\t\t\t\t\t\t<div>\n\t\t\t\t\t\t\t\t\t\t\t<img decoding=\"async\" src=\"https:\/\/www.tlirr.com\/wp-content\/uploads\/dave-carmichael-150x150.jpg\">\n\t\t\t\t\t\t\t\t\t\t\t<div class=\"quote\">\n\t\t\t\t\t\t\"With a T-L we don't have to worry about all the copper wire being stolen during the night.\"\t\t\t\t\t<\/div><!-- .quote -->\n\t\t\t\t\t<div class=\"title\">\n\t\t\t\t\t\tDave Carmichael\t\t\t\t\t<\/div><!-- .title -->\n\t\t\t\t\t<div class=\"link\">\n\t\t\t\t\t\t<a href=\"https:\/\/www.tlirr.com\/es\/testimonials\/dave-carmichael\/\" class=\"underline-button white\">Read Testimonial<\/a>\n\t\t\t\t\t<\/div><!-- .link -->\n\t\t\t\t<\/div>\n\t\t\t\t\t\t<\/div><!-- .testimonials -->\n\t\t<\/div><\/div><\/div><\/div><\/div><\/div><div id=\"pg-10146-4\"  class=\"panel-grid panel-has-style\" ><div class=\"siteorigin-panels-stretch panel-row-style panel-row-style-for-10146-4\" data-stretch-type=\"full\" ><div id=\"pgc-10146-4-0\"  class=\"panel-grid-cell\" ><div id=\"panel-10146-4-0-0\" class=\"so-panel widget widget_icon-slider icon-slider-widget panel-first-child panel-last-child\" data-index=\"6\" ><div\n\t\t\t\n\t\t\tclass=\"so-widget-icon-slider so-widget-icon-slider-default-d75171398898-687\"\n\t\t\t\n\t\t>\t<div class=\"flex\">\n\t\t<div class=\"left\">\n\t\t\t\t\t\t\t<div class=\"title\">\n\t\t\t\t\t<small>Learn more about the<\/small>T-L Diferencia\t\t\t\t<\/div>\n\t\t\t\t\t\t\t<div class=\"arrows\"><\/div>\n\t\t<\/div><!-- .left -->\n\t\t<div class=\"right\">\n\t\t\t<div class=\"icons\" data-slides-to-show=\"3\" data-slick='{\"slidesToShow\": 3}'>\n\t\t\t\t\t\t\t\t\t<div>\n\t\t\t\t\t\t<a href=\"https:\/\/www.tlirr.com\/es\/la-t-l-diferencia\/seguridad\/\">\n\t\t\t\t\t\t\t\t\t\t\t\t\t\t\t<div class=\"icon\">\n\t\t\t\t\t\t\t\t\t<i class=\"far fa-exclamation-triangle\"><\/i>\n\t\t\t\t\t\t\t\t<\/div><!-- .icon -->\n\t\t\t\t\t\t\t\t\t\t\t\t\t\t\t\t<div class=\"title\">\n\t\t\t\t\t\t\t\t\tSeguridad\t\t\t\t\t\t\t\t<\/div><!-- .title -->\n\t\t\t\t\t\t\t\t\t\t\t\t\t\t<\/a>\n\t\t\t\t\t<\/div>\n\t\t\t\t\t\t\t\t\t\t<div>\n\t\t\t\t\t\t<a href=\"https:\/\/www.tlirr.com\/es\/la-t-l-diferencia\/high-reliability\/\">\n\t\t\t\t\t\t\t\t\t\t\t\t\t\t\t<div class=\"icon\">\n\t\t\t\t\t\t\t\t\t<i class=\"far fa-check\"><\/i>\n\t\t\t\t\t\t\t\t<\/div><!-- .icon -->\n\t\t\t\t\t\t\t\t\t\t\t\t\t\t\t\t<div class=\"title\">\n\t\t\t\t\t\t\t\t\tHigh Reliability\t\t\t\t\t\t\t\t<\/div><!-- .title -->\n\t\t\t\t\t\t\t\t\t\t\t\t\t\t<\/a>\n\t\t\t\t\t<\/div>\n\t\t\t\t\t\t\t\t\t\t<div>\n\t\t\t\t\t\t<a href=\"https:\/\/www.tlirr.com\/es\/la-t-l-diferencia\/el-radiado\/\">\n\t\t\t\t\t\t\t\t\t\t\t\t\t\t\t<div class=\"icon\">\n\t\t\t\t\t\t\t\t\t<i class=\"far fa-tint\"><\/i>\n\t\t\t\t\t\t\t\t<\/div><!-- .icon -->\n\t\t\t\t\t\t\t\t\t\t\t\t\t\t\t\t<div class=\"title\">\n\t\t\t\t\t\t\t\t\tEl Radiado\t\t\t\t\t\t\t\t<\/div><!-- .title -->\n\t\t\t\t\t\t\t\t\t\t\t\t\t\t<\/a>\n\t\t\t\t\t<\/div>\n\t\t\t\t\t\t\t\t\t\t<div>\n\t\t\t\t\t\t<a href=\"https:\/\/www.tlirr.com\/es\/la-t-l-diferencia\/garantia\/\">\n\t\t\t\t\t\t\t\t\t\t\t\t\t\t\t<div class=\"icon\">\n\t\t\t\t\t\t\t\t\t<i class=\"far fa-shield-alt\"><\/i>\n\t\t\t\t\t\t\t\t<\/div><!-- .icon -->\n\t\t\t\t\t\t\t\t\t\t\t\t\t\t\t\t<div class=\"title\">\n\t\t\t\t\t\t\t\t\tGarant\u00eda\t\t\t\t\t\t\t\t<\/div><!-- .title -->\n\t\t\t\t\t\t\t\t\t\t\t\t\t\t<\/a>\n\t\t\t\t\t<\/div>\n\t\t\t\t\t\t\t\t\t\t<div>\n\t\t\t\t\t\t<a href=\"https:\/\/www.tlirr.com\/es\/la-t-l-diferencia\/sin-robo-de-cobre\/\">\n\t\t\t\t\t\t\t\t\t\t\t\t\t\t\t<div class=\"icon\">\n\t\t\t\t\t\t\t\t\t<i class=\"far fa-ban\"><\/i>\n\t\t\t\t\t\t\t\t<\/div><!-- .icon -->\n\t\t\t\t\t\t\t\t\t\t\t\t\t\t\t\t<div class=\"title\">\n\t\t\t\t\t\t\t\t\tSin Robo de Cobre\t\t\t\t\t\t\t\t<\/div><!-- .title -->\n\t\t\t\t\t\t\t\t\t\t\t\t\t\t<\/a>\n\t\t\t\t\t<\/div>\n\t\t\t\t\t\t\t\t\t\t<div>\n\t\t\t\t\t\t<a href=\"https:\/\/www.tlirr.com\/es\/la-t-l-diferencia\/movimiento-continuo\/\">\n\t\t\t\t\t\t\t\t\t\t\t\t\t\t\t<div class=\"icon\">\n\t\t\t\t\t\t\t\t\t<i class=\"far fa-cog\"><\/i>\n\t\t\t\t\t\t\t\t<\/div><!-- .icon -->\n\t\t\t\t\t\t\t\t\t\t\t\t\t\t\t\t<div class=\"title\">\n\t\t\t\t\t\t\t\t\tMovimiento Continuo\t\t\t\t\t\t\t\t<\/div><!-- .title -->\n\t\t\t\t\t\t\t\t\t\t\t\t\t\t<\/a>\n\t\t\t\t\t<\/div>\n\t\t\t\t\t\t\t\t\t\t<div>\n\t\t\t\t\t\t<a href=\"https:\/\/www.tlirr.com\/es\/la-t-l-diferencia\/bajo-mantenimiento\/\">\n\t\t\t\t\t\t\t\t\t\t\t\t\t\t\t<div class=\"icon\">\n\t\t\t\t\t\t\t\t\t<i class=\"far fa-wrench\"><\/i>\n\t\t\t\t\t\t\t\t<\/div><!-- .icon -->\n\t\t\t\t\t\t\t\t\t\t\t\t\t\t\t\t<div class=\"title\">\n\t\t\t\t\t\t\t\t\tBajo Mantenimiento\t\t\t\t\t\t\t\t<\/div><!-- .title -->\n\t\t\t\t\t\t\t\t\t\t\t\t\t\t<\/a>\n\t\t\t\t\t<\/div>\n\t\t\t\t\t\t\t\t<\/div><!-- .icons -->\n\t\t<\/div><!-- .right -->\n\t<\/div><!-- .flex -->\n\t<\/div><\/div><\/div><\/div><\/div><\/div>","protected":false},"excerpt":{"rendered":"<p>Go Wireless with T-L! Copper wire is being stolen from electrically powered pivot systems world-wide. Many growers have resorted to 24-hour guards, razor wire, floodlights, and daily disassembly to protect themselves. Los sistemas de pivote de tracci\u00f3n hidrost\u00e1tica de T- L se pueden dise\u00f1ar sin cables susceptibles de robo, eliminando el problema. \u00a1Los sistemas de [&hellip;]<\/p>\n","protected":false},"author":1,"featured_media":0,"parent":10134,"menu_order":15,"comment_status":"closed","ping_status":"closed","template":"","meta":{"_acf_changed":false,"footnotes":""},"class_list":["post-10146","page","type-page","status-publish","hentry"],"acf":[],"yoast_head":"<!-- This site is optimized with the Yoast SEO plugin v26.6 - https:\/\/yoast.com\/wordpress\/plugins\/seo\/ -->\n<title>No Pivot Copper Theft | Low Maintenance Field Pivot Irrigation | T-L Irrigation<\/title>\n<meta name=\"description\" content=\"No pivot copper theft T-L Pivots! Linear, Center &amp; Corner irrigation equipment, Theft proof field irrigation pivots | Low maintenance irrigation pivots | Easy to use pivot irrigation\" \/>\n<meta name=\"robots\" content=\"index, follow, max-snippet:-1, max-image-preview:large, max-video-preview:-1\" \/>\n<link rel=\"canonical\" href=\"https:\/\/www.tlirr.com\/es\/la-t-l-diferencia\/sin-robo-de-cobre\/\" \/>\n<meta property=\"og:locale\" content=\"es_ES\" \/>\n<meta property=\"og:type\" content=\"article\" \/>\n<meta property=\"og:title\" content=\"No Pivot Copper Theft | Low Maintenance Field Pivot Irrigation | T-L Irrigation\" \/>\n<meta property=\"og:description\" content=\"No pivot copper theft T-L Pivots! Linear, Center &amp; Corner irrigation equipment, Theft proof field irrigation pivots | Low maintenance irrigation pivots | Easy to use pivot irrigation\" \/>\n<meta property=\"og:url\" content=\"https:\/\/www.tlirr.com\/es\/la-t-l-diferencia\/sin-robo-de-cobre\/\" \/>\n<meta property=\"og:site_name\" content=\"T-L Irrigation\" \/>\n<meta property=\"article:modified_time\" content=\"2023-01-03T20:18:04+00:00\" \/>\n<meta property=\"og:image\" content=\"https:\/\/www.tlirr.com\/wp-content\/uploads\/copper-theft-video.jpg\" \/>\n<meta name=\"twitter:card\" content=\"summary_large_image\" \/>\n<meta name=\"twitter:label1\" content=\"Tiempo de lectura\" \/>\n\t<meta name=\"twitter:data1\" content=\"2 minutos\" \/>\n<script type=\"application\/ld+json\" class=\"yoast-schema-graph\">{\"@context\":\"https:\/\/schema.org\",\"@graph\":[{\"@type\":\"WebPage\",\"@id\":\"https:\/\/www.tlirr.com\/es\/la-t-l-diferencia\/sin-robo-de-cobre\/\",\"url\":\"https:\/\/www.tlirr.com\/es\/la-t-l-diferencia\/sin-robo-de-cobre\/\",\"name\":\"No Pivot Copper Theft | Low Maintenance Field Pivot Irrigation | T-L Irrigation\",\"isPartOf\":{\"@id\":\"https:\/\/www.tlirr.com\/#website\"},\"primaryImageOfPage\":{\"@id\":\"https:\/\/www.tlirr.com\/es\/la-t-l-diferencia\/sin-robo-de-cobre\/#primaryimage\"},\"image\":{\"@id\":\"https:\/\/www.tlirr.com\/es\/la-t-l-diferencia\/sin-robo-de-cobre\/#primaryimage\"},\"thumbnailUrl\":\"https:\/\/www.tlirr.com\/wp-content\/uploads\/copper-theft-video.jpg\",\"datePublished\":\"2020-02-26T15:15:26+00:00\",\"dateModified\":\"2023-01-03T20:18:04+00:00\",\"description\":\"No pivot copper theft T-L Pivots! Linear, Center & Corner irrigation equipment, Theft proof field irrigation pivots | Low maintenance irrigation pivots | Easy to use pivot irrigation\",\"breadcrumb\":{\"@id\":\"https:\/\/www.tlirr.com\/es\/la-t-l-diferencia\/sin-robo-de-cobre\/#breadcrumb\"},\"inLanguage\":\"es\",\"potentialAction\":[{\"@type\":\"ReadAction\",\"target\":[\"https:\/\/www.tlirr.com\/es\/la-t-l-diferencia\/sin-robo-de-cobre\/\"]}]},{\"@type\":\"ImageObject\",\"inLanguage\":\"es\",\"@id\":\"https:\/\/www.tlirr.com\/es\/la-t-l-diferencia\/sin-robo-de-cobre\/#primaryimage\",\"url\":\"https:\/\/www.tlirr.com\/wp-content\/uploads\/copper-theft-video.jpg\",\"contentUrl\":\"https:\/\/www.tlirr.com\/wp-content\/uploads\/copper-theft-video.jpg\"},{\"@type\":\"BreadcrumbList\",\"@id\":\"https:\/\/www.tlirr.com\/es\/la-t-l-diferencia\/sin-robo-de-cobre\/#breadcrumb\",\"itemListElement\":[{\"@type\":\"ListItem\",\"position\":1,\"name\":\"Home\",\"item\":\"https:\/\/www.tlirr.com\/es\/\"},{\"@type\":\"ListItem\",\"position\":2,\"name\":\"La T-L Diferencia\",\"item\":\"https:\/\/www.tlirr.com\/es\/la-t-l-diferencia\/\"},{\"@type\":\"ListItem\",\"position\":3,\"name\":\"Sin Robo de Cobre\"}]},{\"@type\":\"WebSite\",\"@id\":\"https:\/\/www.tlirr.com\/#website\",\"url\":\"https:\/\/www.tlirr.com\/\",\"name\":\"T-L Irrigation\",\"description\":\"\",\"publisher\":{\"@id\":\"https:\/\/www.tlirr.com\/#organization\"},\"potentialAction\":[{\"@type\":\"SearchAction\",\"target\":{\"@type\":\"EntryPoint\",\"urlTemplate\":\"https:\/\/www.tlirr.com\/?s={search_term_string}\"},\"query-input\":{\"@type\":\"PropertyValueSpecification\",\"valueRequired\":true,\"valueName\":\"search_term_string\"}}],\"inLanguage\":\"es\"},{\"@type\":\"Organization\",\"@id\":\"https:\/\/www.tlirr.com\/#organization\",\"name\":\"T-L Irrigation\",\"url\":\"https:\/\/www.tlirr.com\/\",\"logo\":{\"@type\":\"ImageObject\",\"inLanguage\":\"es\",\"@id\":\"https:\/\/www.tlirr.com\/#\/schema\/logo\/image\/\",\"url\":\"https:\/\/www.tlirr.com\/wp-content\/uploads\/t-l-irrigation-logo.jpg\",\"contentUrl\":\"https:\/\/www.tlirr.com\/wp-content\/uploads\/t-l-irrigation-logo.jpg\",\"width\":300,\"height\":300,\"caption\":\"T-L Irrigation\"},\"image\":{\"@id\":\"https:\/\/www.tlirr.com\/#\/schema\/logo\/image\/\"}}]}<\/script>\n<!-- \/ Yoast SEO plugin. -->","yoast_head_json":{"title":"No Pivot Copper Theft | Low Maintenance Field Pivot Irrigation | T-L Irrigation","description":"No pivot copper theft T-L Pivots! Linear, Center & Corner irrigation equipment, Theft proof field irrigation pivots | Low maintenance irrigation pivots | Easy to use pivot irrigation","robots":{"index":"index","follow":"follow","max-snippet":"max-snippet:-1","max-image-preview":"max-image-preview:large","max-video-preview":"max-video-preview:-1"},"canonical":"https:\/\/www.tlirr.com\/es\/la-t-l-diferencia\/sin-robo-de-cobre\/","og_locale":"es_ES","og_type":"article","og_title":"No Pivot Copper Theft | Low Maintenance Field Pivot Irrigation | T-L Irrigation","og_description":"No pivot copper theft T-L Pivots! Linear, Center & Corner irrigation equipment, Theft proof field irrigation pivots | Low maintenance irrigation pivots | Easy to use pivot irrigation","og_url":"https:\/\/www.tlirr.com\/es\/la-t-l-diferencia\/sin-robo-de-cobre\/","og_site_name":"T-L Irrigation","article_modified_time":"2023-01-03T20:18:04+00:00","og_image":[{"url":"https:\/\/www.tlirr.com\/wp-content\/uploads\/copper-theft-video.jpg","type":"","width":"","height":""}],"twitter_card":"summary_large_image","twitter_misc":{"Tiempo de lectura":"2 minutos"},"schema":{"@context":"https:\/\/schema.org","@graph":[{"@type":"WebPage","@id":"https:\/\/www.tlirr.com\/es\/la-t-l-diferencia\/sin-robo-de-cobre\/","url":"https:\/\/www.tlirr.com\/es\/la-t-l-diferencia\/sin-robo-de-cobre\/","name":"No Pivot Copper Theft | Low Maintenance Field Pivot Irrigation | T-L Irrigation","isPartOf":{"@id":"https:\/\/www.tlirr.com\/#website"},"primaryImageOfPage":{"@id":"https:\/\/www.tlirr.com\/es\/la-t-l-diferencia\/sin-robo-de-cobre\/#primaryimage"},"image":{"@id":"https:\/\/www.tlirr.com\/es\/la-t-l-diferencia\/sin-robo-de-cobre\/#primaryimage"},"thumbnailUrl":"https:\/\/www.tlirr.com\/wp-content\/uploads\/copper-theft-video.jpg","datePublished":"2020-02-26T15:15:26+00:00","dateModified":"2023-01-03T20:18:04+00:00","description":"No pivot copper theft T-L Pivots! Linear, Center & Corner irrigation equipment, Theft proof field irrigation pivots | Low maintenance irrigation pivots | Easy to use pivot irrigation","breadcrumb":{"@id":"https:\/\/www.tlirr.com\/es\/la-t-l-diferencia\/sin-robo-de-cobre\/#breadcrumb"},"inLanguage":"es","potentialAction":[{"@type":"ReadAction","target":["https:\/\/www.tlirr.com\/es\/la-t-l-diferencia\/sin-robo-de-cobre\/"]}]},{"@type":"ImageObject","inLanguage":"es","@id":"https:\/\/www.tlirr.com\/es\/la-t-l-diferencia\/sin-robo-de-cobre\/#primaryimage","url":"https:\/\/www.tlirr.com\/wp-content\/uploads\/copper-theft-video.jpg","contentUrl":"https:\/\/www.tlirr.com\/wp-content\/uploads\/copper-theft-video.jpg"},{"@type":"BreadcrumbList","@id":"https:\/\/www.tlirr.com\/es\/la-t-l-diferencia\/sin-robo-de-cobre\/#breadcrumb","itemListElement":[{"@type":"ListItem","position":1,"name":"Home","item":"https:\/\/www.tlirr.com\/es\/"},{"@type":"ListItem","position":2,"name":"La T-L Diferencia","item":"https:\/\/www.tlirr.com\/es\/la-t-l-diferencia\/"},{"@type":"ListItem","position":3,"name":"Sin Robo de Cobre"}]},{"@type":"WebSite","@id":"https:\/\/www.tlirr.com\/#website","url":"https:\/\/www.tlirr.com\/","name":"T-L Irrigation","description":"","publisher":{"@id":"https:\/\/www.tlirr.com\/#organization"},"potentialAction":[{"@type":"SearchAction","target":{"@type":"EntryPoint","urlTemplate":"https:\/\/www.tlirr.com\/?s={search_term_string}"},"query-input":{"@type":"PropertyValueSpecification","valueRequired":true,"valueName":"search_term_string"}}],"inLanguage":"es"},{"@type":"Organization","@id":"https:\/\/www.tlirr.com\/#organization","name":"T-L Irrigation","url":"https:\/\/www.tlirr.com\/","logo":{"@type":"ImageObject","inLanguage":"es","@id":"https:\/\/www.tlirr.com\/#\/schema\/logo\/image\/","url":"https:\/\/www.tlirr.com\/wp-content\/uploads\/t-l-irrigation-logo.jpg","contentUrl":"https:\/\/www.tlirr.com\/wp-content\/uploads\/t-l-irrigation-logo.jpg","width":300,"height":300,"caption":"T-L Irrigation"},"image":{"@id":"https:\/\/www.tlirr.com\/#\/schema\/logo\/image\/"}}]}},"_links":{"self":[{"href":"https:\/\/www.tlirr.com\/es\/wp-json\/wp\/v2\/pages\/10146","targetHints":{"allow":["GET"]}}],"collection":[{"href":"https:\/\/www.tlirr.com\/es\/wp-json\/wp\/v2\/pages"}],"about":[{"href":"https:\/\/www.tlirr.com\/es\/wp-json\/wp\/v2\/types\/page"}],"author":[{"embeddable":true,"href":"https:\/\/www.tlirr.com\/es\/wp-json\/wp\/v2\/users\/1"}],"replies":[{"embeddable":true,"href":"https:\/\/www.tlirr.com\/es\/wp-json\/wp\/v2\/comments?post=10146"}],"version-history":[{"count":3,"href":"https:\/\/www.tlirr.com\/es\/wp-json\/wp\/v2\/pages\/10146\/revisions"}],"predecessor-version":[{"id":11598,"href":"https:\/\/www.tlirr.com\/es\/wp-json\/wp\/v2\/pages\/10146\/revisions\/11598"}],"up":[{"embeddable":true,"href":"https:\/\/www.tlirr.com\/es\/wp-json\/wp\/v2\/pages\/10134"}],"wp:attachment":[{"href":"https:\/\/www.tlirr.com\/es\/wp-json\/wp\/v2\/media?parent=10146"}],"curies":[{"name":"wp","href":"https:\/\/api.w.org\/{rel}","templated":true}]}}