{"id":10144,"date":"2020-02-26T09:15:43","date_gmt":"2020-02-26T15:15:43","guid":{"rendered":"https:\/\/www.tlirr.com\/the-t-l-difference\/continuous-movement\/"},"modified":"2023-01-03T14:16:34","modified_gmt":"2023-01-03T20:16:34","slug":"movimiento-continuo","status":"publish","type":"page","link":"https:\/\/www.tlirr.com\/es\/la-t-l-diferencia\/movimiento-continuo\/","title":{"rendered":"Movimiento Continuo"},"content":{"rendered":"<div id=\"pl-10144\"  class=\"panel-layout\" ><div id=\"pg-10144-0\"  class=\"panel-grid panel-no-style\" ><div id=\"pgc-10144-0-0\"  class=\"panel-grid-cell\" ><div id=\"panel-10144-0-0-0\" class=\"so-panel widget widget_sow-editor panel-first-child panel-last-child\" data-index=\"0\" ><div\n\t\t\t\n\t\t\tclass=\"so-widget-sow-editor so-widget-sow-editor-base\"\n\t\t\t\n\t\t>\n<div class=\"siteorigin-widget-tinymce textwidget\">\n\t<h2>Continuous movement means extended gear life<\/h2>\n<p>Con tracci\u00f3n hidrost\u00e1tica, los sistemas TL est\u00e1n dise\u00f1ados para ofrecer un movimiento continuo. Debido a la ausencia del accionamiento de arranque y paro como en la transmisi\u00f3n el\u00e9ctrica, el desgaste en la caja de cambios se reduce dr\u00e1sticamente. Adem\u00e1s, el agua y los productos qu\u00edmicos se distribuyen de manera uniforme sobre el cultivo. Los sistemas TL ofrecen el mejor y m\u00e1s consistente patr\u00f3n de agua disponible en el mercado.<\/p>\n<p>Las transmisiones T-L de tornillo sin fin van acompa\u00f1adas con una garant\u00eda l\u00edder en la industria: 8 a\u00f1os o 16,000 horas. No tienen l\u00edneas de propulsi\u00f3n o juntas universales expuestas; en su lugar, tienen una conexi\u00f3n a la unidad interna dentro de la viga base.<\/p>\n<\/div>\n<\/div><\/div><\/div><div id=\"pgc-10144-0-1\"  class=\"panel-grid-cell\" ><div id=\"panel-10144-0-1-0\" class=\"so-panel widget widget_sow-editor panel-first-child panel-last-child\" data-index=\"1\" ><div data-aos=\"zoom-in\" data-aos-duration=\"600\" data-aos-delay=\"300\" class=\"panel-widget-style panel-widget-style-for-10144-0-1-0\" ><div\n\t\t\t\n\t\t\tclass=\"so-widget-sow-editor so-widget-sow-editor-base\"\n\t\t\t\n\t\t>\n<div class=\"siteorigin-widget-tinymce textwidget\">\n\t<p><img loading=\"lazy\" decoding=\"async\" class=\"aligncenter wp-image-1282 size-full\" src=\"https:\/\/www.tlirr.com\/wp-content\/uploads\/wheel.jpg\" alt=\"Continuously moving pivot irrigation systems | Easy to maintain irrigation equipment\" width=\"600\" height=\"400\" srcset=\"https:\/\/www.tlirr.com\/wp-content\/uploads\/wheel.jpg 600w, https:\/\/www.tlirr.com\/wp-content\/uploads\/wheel-300x200.jpg 300w, https:\/\/www.tlirr.com\/wp-content\/uploads\/wheel-540x360.jpg 540w, https:\/\/www.tlirr.com\/wp-content\/uploads\/wheel-360x240.jpg 360w, https:\/\/www.tlirr.com\/wp-content\/uploads\/wheel-225x150.jpg 225w, https:\/\/www.tlirr.com\/wp-content\/uploads\/wheel-270x180.jpg 270w, https:\/\/www.tlirr.com\/wp-content\/uploads\/wheel-90x60.jpg 90w\" sizes=\"auto, (max-width: 600px) 100vw, 600px\" \/><\/p>\n<\/div>\n<\/div><\/div><\/div><\/div><\/div><div id=\"pg-10144-1\"  class=\"panel-grid panel-has-style\" ><div class=\"siteorigin-panels-stretch panel-row-style panel-row-style-for-10144-1\" style=\"position:relative;\" data-siteorigin-parallax=\"{&quot;backgroundUrl&quot;:&quot;https:\\\/\\\/www.tlirr.com\\\/wp-content\\\/uploads\\\/corner-pivot-bg.jpg&quot;,&quot;backgroundSize&quot;:[1920,1080],&quot;backgroundSizing&quot;:&quot;scaled&quot;,&quot;limitMotion&quot;:&quot;auto&quot;}\" data-stretch-type=\"full\" ><div class=\"page-builder-overlay\" style=\"background-color:rgba(15, 45, 82, 0.9);\"><\/div><div id=\"pgc-10144-1-0\"  class=\"panel-grid-cell\" ><div id=\"panel-10144-1-0-0\" class=\"so-panel widget widget_sow-editor panel-first-child panel-last-child\" data-index=\"2\" ><div class=\"panel-widget-style panel-widget-style-for-10144-1-0-0\" ><div\n\t\t\t\n\t\t\tclass=\"so-widget-sow-editor so-widget-sow-editor-base\"\n\t\t\t\n\t\t>\n<div class=\"siteorigin-widget-tinymce textwidget\">\n\t<h3><span style=\"color: #ffffff;\">Opciones Hidrost\u00e1ticas<\/span><\/h3>\n<p><img loading=\"lazy\" decoding=\"async\" class=\"alignnone wp-image-10050 size-full\" src=\"https:\/\/www.tlirr.com\/wp-content\/uploads\/worm-vs-planetary-t-l-pivot-drive-options.jpg\" alt=\"\" width=\"675\" height=\"300\" srcset=\"https:\/\/www.tlirr.com\/wp-content\/uploads\/worm-vs-planetary-t-l-pivot-drive-options.jpg 675w, https:\/\/www.tlirr.com\/wp-content\/uploads\/worm-vs-planetary-t-l-pivot-drive-options-300x133.jpg 300w, https:\/\/www.tlirr.com\/wp-content\/uploads\/worm-vs-planetary-t-l-pivot-drive-options-540x240.jpg 540w, https:\/\/www.tlirr.com\/wp-content\/uploads\/worm-vs-planetary-t-l-pivot-drive-options-90x40.jpg 90w\" sizes=\"auto, (max-width: 675px) 100vw, 675px\" \/><\/p>\n<p>Elija de entre dos tipos de transmisiones hidrost\u00e1ticas: transmisi\u00f3n de tornillo sin fin o planetaria. Ambas ofrecen movimiento continuo y sin partes expuestas.<\/p>\n<p>Las transmisiones planetarios T-L est\u00e1n totalmente selladas y se encuentran acopladas directamente al motor hidr\u00e1ulico, eliminando las t\u00edpicas cajas de cambios y juntas universales. Tampoco pertenecen al dise\u00f1o T-L otras partes m\u00f3viles expuestas. Los motores hidr\u00e1ulicos de movimiento continuo T-L y transmisiones planetarias son de f\u00e1cil acceso en caso de que se requiera un servicio.<\/p>\n<p>Actualmente, T-L ofrece la \u00fanica unidad de engranaje planetario disponible en cualquier sistema de pivote central en el mercado. Por si eso fuera poco, las cajas de engranajes planetarias vienen de serie con una garant\u00eda de 8 a\u00f1os o 24,000 horas.<\/p>\n<\/div>\n<\/div><\/div><\/div><\/div><div id=\"pgc-10144-1-1\"  class=\"panel-grid-cell\" ><div id=\"panel-10144-1-1-0\" class=\"so-panel widget widget_sow-editor panel-first-child panel-last-child\" data-index=\"3\" ><div class=\"panel-widget-style panel-widget-style-for-10144-1-1-0\" ><div\n\t\t\t\n\t\t\tclass=\"so-widget-sow-editor so-widget-sow-editor-base\"\n\t\t\t\n\t\t>\n<div class=\"siteorigin-widget-tinymce textwidget\">\n\t<h3><span style=\"color: #ffffff;\">Sistema de Control de Alineaci\u00f3n<\/span><\/h3>\n<p><img loading=\"lazy\" decoding=\"async\" class=\"alignnone size-full wp-image-10061\" src=\"https:\/\/www.tlirr.com\/wp-content\/uploads\/alignment-control-valva-e-v2.jpg\" alt=\"\" width=\"675\" height=\"300\" srcset=\"https:\/\/www.tlirr.com\/wp-content\/uploads\/alignment-control-valva-e-v2.jpg 675w, https:\/\/www.tlirr.com\/wp-content\/uploads\/alignment-control-valva-e-v2-300x133.jpg 300w, https:\/\/www.tlirr.com\/wp-content\/uploads\/alignment-control-valva-e-v2-540x240.jpg 540w, https:\/\/www.tlirr.com\/wp-content\/uploads\/alignment-control-valva-e-v2-90x40.jpg 90w\" sizes=\"auto, (max-width: 675px) 100vw, 675px\" \/><\/p>\n<p>Los pivotes T-L mantienen la alineaci\u00f3n a trav\u00e9s del uso de una sencilla v\u00e1lvula de carrete hidr\u00e1ulica. El sistema de alineaci\u00f3n mueve la v\u00e1lvula de carrete, dosificando el flujo de aceite hidr\u00e1ulico necesario para cada torre, manteniendo el movimiento continuo y la alineaci\u00f3n con la torre final. Este sencillo control hidrost\u00e1tico es muy superior al dise\u00f1o de arranque y paro utilizado con unidades de motor el\u00e9ctrico de una sola velocidad.<\/p>\n<p>Libre de mantenimiento, la v\u00e1lvula de carrete est\u00e1 hecha de acero inoxidable resistente a la corrosi\u00f3n. Si una torre llegara a atorarse o desalinearse seriamente, la v\u00e1lvula pasar\u00e1 el aceite hidr\u00e1ulico a trav\u00e9s de una l\u00ednea de retorno a la bomba, bajando la presi\u00f3n hidr\u00e1ulica y por consiguiente parando el sistema, evitando as\u00ed mayores da\u00f1os.<\/p>\n<p>La v\u00e1lvula de alineaci\u00f3n T-L va acompa\u00f1ada de una garant\u00eda l\u00edder en la industria: 8 a\u00f1os.<\/p>\n<\/div>\n<\/div><\/div><\/div><\/div><\/div><\/div><div id=\"pg-10144-2\"  class=\"panel-grid panel-has-style\" ><div class=\"siteorigin-panels-stretch panel-row-style panel-row-style-for-10144-2\" data-stretch-type=\"full\" ><div id=\"pgc-10144-2-0\"  class=\"panel-grid-cell\" ><div id=\"panel-10144-2-0-0\" class=\"so-panel widget widget_icon-slider icon-slider-widget panel-first-child panel-last-child\" data-index=\"4\" ><div\n\t\t\t\n\t\t\tclass=\"so-widget-icon-slider so-widget-icon-slider-default-d75171398898-10144\"\n\t\t\t\n\t\t>\t<div class=\"flex\">\n\t\t<div class=\"left\">\n\t\t\t\t\t\t\t<div class=\"title\">\n\t\t\t\t\t<small>Learn more about the<\/small>T-L Diferencia\t\t\t\t<\/div>\n\t\t\t\t\t\t\t<div class=\"arrows\"><\/div>\n\t\t<\/div><!-- .left -->\n\t\t<div class=\"right\">\n\t\t\t<div class=\"icons\" data-slides-to-show=\"3\" data-slick='{\"slidesToShow\": 3}'>\n\t\t\t\t\t\t\t\t\t<div>\n\t\t\t\t\t\t<a href=\"https:\/\/www.tlirr.com\/es\/la-t-l-diferencia\/sin-robo-de-cobre\/\">\n\t\t\t\t\t\t\t\t\t\t\t\t\t\t\t<div class=\"icon\">\n\t\t\t\t\t\t\t\t\t<i class=\"far fa-ban\"><\/i>\n\t\t\t\t\t\t\t\t<\/div><!-- .icon -->\n\t\t\t\t\t\t\t\t\t\t\t\t\t\t\t\t<div class=\"title\">\n\t\t\t\t\t\t\t\t\tSin Robo de Cobre\t\t\t\t\t\t\t\t<\/div><!-- .title -->\n\t\t\t\t\t\t\t\t\t\t\t\t\t\t<\/a>\n\t\t\t\t\t<\/div>\n\t\t\t\t\t\t\t\t\t\t<div>\n\t\t\t\t\t\t<a href=\"https:\/\/www.tlirr.com\/es\/la-t-l-diferencia\/garantia\/\">\n\t\t\t\t\t\t\t\t\t\t\t\t\t\t\t<div class=\"icon\">\n\t\t\t\t\t\t\t\t\t<i class=\"far fa-shield-alt\"><\/i>\n\t\t\t\t\t\t\t\t<\/div><!-- .icon -->\n\t\t\t\t\t\t\t\t\t\t\t\t\t\t\t\t<div class=\"title\">\n\t\t\t\t\t\t\t\t\tGarant\u00eda\t\t\t\t\t\t\t\t<\/div><!-- .title -->\n\t\t\t\t\t\t\t\t\t\t\t\t\t\t<\/a>\n\t\t\t\t\t<\/div>\n\t\t\t\t\t\t\t\t\t\t<div>\n\t\t\t\t\t\t<a href=\"https:\/\/www.tlirr.com\/es\/la-t-l-diferencia\/movimiento-continuo\/\">\n\t\t\t\t\t\t\t\t\t\t\t\t\t\t\t<div class=\"icon\">\n\t\t\t\t\t\t\t\t\t<i class=\"far fa-cog\"><\/i>\n\t\t\t\t\t\t\t\t<\/div><!-- .icon -->\n\t\t\t\t\t\t\t\t\t\t\t\t\t\t\t\t<div class=\"title\">\n\t\t\t\t\t\t\t\t\tMovimiento Continuo\t\t\t\t\t\t\t\t<\/div><!-- .title -->\n\t\t\t\t\t\t\t\t\t\t\t\t\t\t<\/a>\n\t\t\t\t\t<\/div>\n\t\t\t\t\t\t\t\t\t\t<div>\n\t\t\t\t\t\t<a href=\"https:\/\/www.tlirr.com\/es\/la-t-l-diferencia\/seguridad\/\">\n\t\t\t\t\t\t\t\t\t\t\t\t\t\t\t<div class=\"icon\">\n\t\t\t\t\t\t\t\t\t<i class=\"far fa-exclamation-triangle\"><\/i>\n\t\t\t\t\t\t\t\t<\/div><!-- .icon -->\n\t\t\t\t\t\t\t\t\t\t\t\t\t\t\t\t<div class=\"title\">\n\t\t\t\t\t\t\t\t\tSeguridad\t\t\t\t\t\t\t\t<\/div><!-- .title -->\n\t\t\t\t\t\t\t\t\t\t\t\t\t\t<\/a>\n\t\t\t\t\t<\/div>\n\t\t\t\t\t\t\t\t\t\t<div>\n\t\t\t\t\t\t<a href=\"https:\/\/www.tlirr.com\/es\/la-t-l-diferencia\/el-radiado\/\">\n\t\t\t\t\t\t\t\t\t\t\t\t\t\t\t<div class=\"icon\">\n\t\t\t\t\t\t\t\t\t<i class=\"far fa-tint\"><\/i>\n\t\t\t\t\t\t\t\t<\/div><!-- .icon -->\n\t\t\t\t\t\t\t\t\t\t\t\t\t\t\t\t<div class=\"title\">\n\t\t\t\t\t\t\t\t\tEl Radiado\t\t\t\t\t\t\t\t<\/div><!-- .title -->\n\t\t\t\t\t\t\t\t\t\t\t\t\t\t<\/a>\n\t\t\t\t\t<\/div>\n\t\t\t\t\t\t\t\t\t\t<div>\n\t\t\t\t\t\t<a href=\"https:\/\/www.tlirr.com\/es\/la-t-l-diferencia\/bajo-mantenimiento\/\">\n\t\t\t\t\t\t\t\t\t\t\t\t\t\t\t<div class=\"icon\">\n\t\t\t\t\t\t\t\t\t<i class=\"far fa-wrench\"><\/i>\n\t\t\t\t\t\t\t\t<\/div><!-- .icon -->\n\t\t\t\t\t\t\t\t\t\t\t\t\t\t\t\t<div class=\"title\">\n\t\t\t\t\t\t\t\t\tBajo Mantenimiento\t\t\t\t\t\t\t\t<\/div><!-- .title -->\n\t\t\t\t\t\t\t\t\t\t\t\t\t\t<\/a>\n\t\t\t\t\t<\/div>\n\t\t\t\t\t\t\t\t\t\t<div>\n\t\t\t\t\t\t<a href=\"https:\/\/www.tlirr.com\/es\/la-t-l-diferencia\/high-reliability\/\">\n\t\t\t\t\t\t\t\t\t\t\t\t\t\t\t<div class=\"icon\">\n\t\t\t\t\t\t\t\t\t<i class=\"far fa-check\"><\/i>\n\t\t\t\t\t\t\t\t<\/div><!-- .icon -->\n\t\t\t\t\t\t\t\t\t\t\t\t\t\t\t\t<div class=\"title\">\n\t\t\t\t\t\t\t\t\tHigh Reliability\t\t\t\t\t\t\t\t<\/div><!-- .title -->\n\t\t\t\t\t\t\t\t\t\t\t\t\t\t<\/a>\n\t\t\t\t\t<\/div>\n\t\t\t\t\t\t\t\t<\/div><!-- .icons -->\n\t\t<\/div><!-- .right -->\n\t<\/div><!-- .flex -->\n\t<\/div><\/div><\/div><\/div><\/div><\/div>","protected":false},"excerpt":{"rendered":"<p>Continuous movement means extended gear life Con tracci\u00f3n hidrost\u00e1tica, los sistemas TL est\u00e1n dise\u00f1ados para ofrecer un movimiento continuo. Debido a la ausencia del accionamiento de arranque y paro como en la transmisi\u00f3n el\u00e9ctrica, el desgaste en la caja de cambios se reduce dr\u00e1sticamente. Adem\u00e1s, el agua y los productos qu\u00edmicos se distribuyen de manera [&hellip;]<\/p>\n","protected":false},"author":1,"featured_media":0,"parent":10134,"menu_order":14,"comment_status":"closed","ping_status":"closed","template":"","meta":{"_acf_changed":false,"footnotes":""},"class_list":["post-10144","page","type-page","status-publish","hentry"],"acf":[],"yoast_head":"<!-- This site is optimized with the Yoast SEO plugin v26.6 - https:\/\/yoast.com\/wordpress\/plugins\/seo\/ -->\n<title>Easy to Use Hydraulic Irrigation | Continuous Moving &amp; Low Maintenance<\/title>\n<meta name=\"description\" content=\"Easy to use hydraulic drive T-L irrigation systems. Higher corn yields with continuous moving irrigation systems from T-L | Kearney &amp; Holdrege Nebraska\" \/>\n<meta name=\"robots\" content=\"index, follow, max-snippet:-1, max-image-preview:large, max-video-preview:-1\" \/>\n<link rel=\"canonical\" href=\"https:\/\/www.tlirr.com\/es\/la-t-l-diferencia\/movimiento-continuo\/\" \/>\n<meta property=\"og:locale\" content=\"es_ES\" \/>\n<meta property=\"og:type\" content=\"article\" \/>\n<meta property=\"og:title\" content=\"Easy to Use Hydraulic Irrigation | Continuous Moving &amp; Low Maintenance\" \/>\n<meta property=\"og:description\" content=\"Easy to use hydraulic drive T-L irrigation systems. Higher corn yields with continuous moving irrigation systems from T-L | Kearney &amp; Holdrege Nebraska\" \/>\n<meta property=\"og:url\" content=\"https:\/\/www.tlirr.com\/es\/la-t-l-diferencia\/movimiento-continuo\/\" \/>\n<meta property=\"og:site_name\" content=\"T-L Irrigation\" \/>\n<meta property=\"article:modified_time\" content=\"2023-01-03T20:16:34+00:00\" \/>\n<meta property=\"og:image\" content=\"https:\/\/www.tlirr.com\/wp-content\/uploads\/wheel.jpg\" \/>\n<meta name=\"twitter:card\" content=\"summary_large_image\" \/>\n<meta name=\"twitter:label1\" content=\"Tiempo de lectura\" \/>\n\t<meta name=\"twitter:data1\" content=\"3 minutos\" \/>\n<script type=\"application\/ld+json\" class=\"yoast-schema-graph\">{\"@context\":\"https:\/\/schema.org\",\"@graph\":[{\"@type\":\"WebPage\",\"@id\":\"https:\/\/www.tlirr.com\/es\/la-t-l-diferencia\/movimiento-continuo\/\",\"url\":\"https:\/\/www.tlirr.com\/es\/la-t-l-diferencia\/movimiento-continuo\/\",\"name\":\"Easy to Use Hydraulic Irrigation | Continuous Moving & Low Maintenance\",\"isPartOf\":{\"@id\":\"https:\/\/www.tlirr.com\/#website\"},\"primaryImageOfPage\":{\"@id\":\"https:\/\/www.tlirr.com\/es\/la-t-l-diferencia\/movimiento-continuo\/#primaryimage\"},\"image\":{\"@id\":\"https:\/\/www.tlirr.com\/es\/la-t-l-diferencia\/movimiento-continuo\/#primaryimage\"},\"thumbnailUrl\":\"https:\/\/www.tlirr.com\/wp-content\/uploads\/wheel.jpg\",\"datePublished\":\"2020-02-26T15:15:43+00:00\",\"dateModified\":\"2023-01-03T20:16:34+00:00\",\"description\":\"Easy to use hydraulic drive T-L irrigation systems. Higher corn yields with continuous moving irrigation systems from T-L | Kearney & Holdrege Nebraska\",\"breadcrumb\":{\"@id\":\"https:\/\/www.tlirr.com\/es\/la-t-l-diferencia\/movimiento-continuo\/#breadcrumb\"},\"inLanguage\":\"es\",\"potentialAction\":[{\"@type\":\"ReadAction\",\"target\":[\"https:\/\/www.tlirr.com\/es\/la-t-l-diferencia\/movimiento-continuo\/\"]}]},{\"@type\":\"ImageObject\",\"inLanguage\":\"es\",\"@id\":\"https:\/\/www.tlirr.com\/es\/la-t-l-diferencia\/movimiento-continuo\/#primaryimage\",\"url\":\"https:\/\/www.tlirr.com\/wp-content\/uploads\/wheel.jpg\",\"contentUrl\":\"https:\/\/www.tlirr.com\/wp-content\/uploads\/wheel.jpg\"},{\"@type\":\"BreadcrumbList\",\"@id\":\"https:\/\/www.tlirr.com\/es\/la-t-l-diferencia\/movimiento-continuo\/#breadcrumb\",\"itemListElement\":[{\"@type\":\"ListItem\",\"position\":1,\"name\":\"Home\",\"item\":\"https:\/\/www.tlirr.com\/es\/\"},{\"@type\":\"ListItem\",\"position\":2,\"name\":\"La T-L Diferencia\",\"item\":\"https:\/\/www.tlirr.com\/es\/la-t-l-diferencia\/\"},{\"@type\":\"ListItem\",\"position\":3,\"name\":\"Movimiento Continuo\"}]},{\"@type\":\"WebSite\",\"@id\":\"https:\/\/www.tlirr.com\/#website\",\"url\":\"https:\/\/www.tlirr.com\/\",\"name\":\"T-L Irrigation\",\"description\":\"\",\"publisher\":{\"@id\":\"https:\/\/www.tlirr.com\/#organization\"},\"potentialAction\":[{\"@type\":\"SearchAction\",\"target\":{\"@type\":\"EntryPoint\",\"urlTemplate\":\"https:\/\/www.tlirr.com\/?s={search_term_string}\"},\"query-input\":{\"@type\":\"PropertyValueSpecification\",\"valueRequired\":true,\"valueName\":\"search_term_string\"}}],\"inLanguage\":\"es\"},{\"@type\":\"Organization\",\"@id\":\"https:\/\/www.tlirr.com\/#organization\",\"name\":\"T-L Irrigation\",\"url\":\"https:\/\/www.tlirr.com\/\",\"logo\":{\"@type\":\"ImageObject\",\"inLanguage\":\"es\",\"@id\":\"https:\/\/www.tlirr.com\/#\/schema\/logo\/image\/\",\"url\":\"https:\/\/www.tlirr.com\/wp-content\/uploads\/t-l-irrigation-logo.jpg\",\"contentUrl\":\"https:\/\/www.tlirr.com\/wp-content\/uploads\/t-l-irrigation-logo.jpg\",\"width\":300,\"height\":300,\"caption\":\"T-L Irrigation\"},\"image\":{\"@id\":\"https:\/\/www.tlirr.com\/#\/schema\/logo\/image\/\"}}]}<\/script>\n<!-- \/ Yoast SEO plugin. -->","yoast_head_json":{"title":"Easy to Use Hydraulic Irrigation | Continuous Moving & Low Maintenance","description":"Easy to use hydraulic drive T-L irrigation systems. Higher corn yields with continuous moving irrigation systems from T-L | Kearney & Holdrege Nebraska","robots":{"index":"index","follow":"follow","max-snippet":"max-snippet:-1","max-image-preview":"max-image-preview:large","max-video-preview":"max-video-preview:-1"},"canonical":"https:\/\/www.tlirr.com\/es\/la-t-l-diferencia\/movimiento-continuo\/","og_locale":"es_ES","og_type":"article","og_title":"Easy to Use Hydraulic Irrigation | Continuous Moving & Low Maintenance","og_description":"Easy to use hydraulic drive T-L irrigation systems. Higher corn yields with continuous moving irrigation systems from T-L | Kearney & Holdrege Nebraska","og_url":"https:\/\/www.tlirr.com\/es\/la-t-l-diferencia\/movimiento-continuo\/","og_site_name":"T-L Irrigation","article_modified_time":"2023-01-03T20:16:34+00:00","og_image":[{"url":"https:\/\/www.tlirr.com\/wp-content\/uploads\/wheel.jpg","type":"","width":"","height":""}],"twitter_card":"summary_large_image","twitter_misc":{"Tiempo de lectura":"3 minutos"},"schema":{"@context":"https:\/\/schema.org","@graph":[{"@type":"WebPage","@id":"https:\/\/www.tlirr.com\/es\/la-t-l-diferencia\/movimiento-continuo\/","url":"https:\/\/www.tlirr.com\/es\/la-t-l-diferencia\/movimiento-continuo\/","name":"Easy to Use Hydraulic Irrigation | Continuous Moving & Low Maintenance","isPartOf":{"@id":"https:\/\/www.tlirr.com\/#website"},"primaryImageOfPage":{"@id":"https:\/\/www.tlirr.com\/es\/la-t-l-diferencia\/movimiento-continuo\/#primaryimage"},"image":{"@id":"https:\/\/www.tlirr.com\/es\/la-t-l-diferencia\/movimiento-continuo\/#primaryimage"},"thumbnailUrl":"https:\/\/www.tlirr.com\/wp-content\/uploads\/wheel.jpg","datePublished":"2020-02-26T15:15:43+00:00","dateModified":"2023-01-03T20:16:34+00:00","description":"Easy to use hydraulic drive T-L irrigation systems. Higher corn yields with continuous moving irrigation systems from T-L | Kearney & Holdrege Nebraska","breadcrumb":{"@id":"https:\/\/www.tlirr.com\/es\/la-t-l-diferencia\/movimiento-continuo\/#breadcrumb"},"inLanguage":"es","potentialAction":[{"@type":"ReadAction","target":["https:\/\/www.tlirr.com\/es\/la-t-l-diferencia\/movimiento-continuo\/"]}]},{"@type":"ImageObject","inLanguage":"es","@id":"https:\/\/www.tlirr.com\/es\/la-t-l-diferencia\/movimiento-continuo\/#primaryimage","url":"https:\/\/www.tlirr.com\/wp-content\/uploads\/wheel.jpg","contentUrl":"https:\/\/www.tlirr.com\/wp-content\/uploads\/wheel.jpg"},{"@type":"BreadcrumbList","@id":"https:\/\/www.tlirr.com\/es\/la-t-l-diferencia\/movimiento-continuo\/#breadcrumb","itemListElement":[{"@type":"ListItem","position":1,"name":"Home","item":"https:\/\/www.tlirr.com\/es\/"},{"@type":"ListItem","position":2,"name":"La T-L Diferencia","item":"https:\/\/www.tlirr.com\/es\/la-t-l-diferencia\/"},{"@type":"ListItem","position":3,"name":"Movimiento Continuo"}]},{"@type":"WebSite","@id":"https:\/\/www.tlirr.com\/#website","url":"https:\/\/www.tlirr.com\/","name":"T-L Irrigation","description":"","publisher":{"@id":"https:\/\/www.tlirr.com\/#organization"},"potentialAction":[{"@type":"SearchAction","target":{"@type":"EntryPoint","urlTemplate":"https:\/\/www.tlirr.com\/?s={search_term_string}"},"query-input":{"@type":"PropertyValueSpecification","valueRequired":true,"valueName":"search_term_string"}}],"inLanguage":"es"},{"@type":"Organization","@id":"https:\/\/www.tlirr.com\/#organization","name":"T-L Irrigation","url":"https:\/\/www.tlirr.com\/","logo":{"@type":"ImageObject","inLanguage":"es","@id":"https:\/\/www.tlirr.com\/#\/schema\/logo\/image\/","url":"https:\/\/www.tlirr.com\/wp-content\/uploads\/t-l-irrigation-logo.jpg","contentUrl":"https:\/\/www.tlirr.com\/wp-content\/uploads\/t-l-irrigation-logo.jpg","width":300,"height":300,"caption":"T-L Irrigation"},"image":{"@id":"https:\/\/www.tlirr.com\/#\/schema\/logo\/image\/"}}]}},"_links":{"self":[{"href":"https:\/\/www.tlirr.com\/es\/wp-json\/wp\/v2\/pages\/10144","targetHints":{"allow":["GET"]}}],"collection":[{"href":"https:\/\/www.tlirr.com\/es\/wp-json\/wp\/v2\/pages"}],"about":[{"href":"https:\/\/www.tlirr.com\/es\/wp-json\/wp\/v2\/types\/page"}],"author":[{"embeddable":true,"href":"https:\/\/www.tlirr.com\/es\/wp-json\/wp\/v2\/users\/1"}],"replies":[{"embeddable":true,"href":"https:\/\/www.tlirr.com\/es\/wp-json\/wp\/v2\/comments?post=10144"}],"version-history":[{"count":5,"href":"https:\/\/www.tlirr.com\/es\/wp-json\/wp\/v2\/pages\/10144\/revisions"}],"predecessor-version":[{"id":11596,"href":"https:\/\/www.tlirr.com\/es\/wp-json\/wp\/v2\/pages\/10144\/revisions\/11596"}],"up":[{"embeddable":true,"href":"https:\/\/www.tlirr.com\/es\/wp-json\/wp\/v2\/pages\/10134"}],"wp:attachment":[{"href":"https:\/\/www.tlirr.com\/es\/wp-json\/wp\/v2\/media?parent=10144"}],"curies":[{"name":"wp","href":"https:\/\/api.w.org\/{rel}","templated":true}]}}