{"id":10140,"date":"2020-02-26T09:16:07","date_gmt":"2020-02-26T15:16:07","guid":{"rendered":"https:\/\/www.tlirr.com\/the-t-l-difference\/safety\/"},"modified":"2023-01-03T14:20:02","modified_gmt":"2023-01-03T20:20:02","slug":"seguridad","status":"publish","type":"page","link":"https:\/\/www.tlirr.com\/es\/la-t-l-diferencia\/seguridad\/","title":{"rendered":"Seguridad"},"content":{"rendered":"<div id=\"pl-10140\"  class=\"panel-layout\" ><div id=\"pg-10140-0\"  class=\"panel-grid panel-no-style\" ><div id=\"pgc-10140-0-0\"  class=\"panel-grid-cell\" ><div id=\"panel-10140-0-0-0\" class=\"so-panel widget widget_sow-editor panel-first-child panel-last-child\" data-index=\"0\" ><div\n\t\t\t\n\t\t\tclass=\"so-widget-sow-editor so-widget-sow-editor-base\"\n\t\t\t\n\t\t>\n<div class=\"siteorigin-widget-tinymce textwidget\">\n\t<h2>Your safety is important<\/h2>\n<p>Nuestros sistemas de riego son propulsados hidrost\u00e1ticamente, eliminando la necesidad de energ\u00eda de alta tensi\u00f3n. Lo m\u00e1s que se usar\u00e1 en nuestros sistemas son 24 voltios y ser\u00e1n para alimentar algunas de nuestras opciones de sistema de control. No recurrimos a 480 voltios de electricidad para hacer funcionar nuestros sistemas de transmisiones. Tampoco nos vemos afectados por la ca\u00edda de rayos, lo cual es un beneficio adicional.<\/p>\n<\/div>\n<\/div><\/div><\/div><div id=\"pgc-10140-0-1\"  class=\"panel-grid-cell\" ><div id=\"panel-10140-0-1-0\" class=\"so-panel widget widget_sow-editor panel-first-child panel-last-child\" data-index=\"1\" ><div data-aos=\"zoom-in\" data-aos-duration=\"600\" data-aos-delay=\"300\" class=\"panel-widget-style panel-widget-style-for-10140-0-1-0\" ><div\n\t\t\t\n\t\t\tclass=\"so-widget-sow-editor so-widget-sow-editor-base\"\n\t\t\t\n\t\t>\n<div class=\"siteorigin-widget-tinymce textwidget\">\n\t<p><img loading=\"lazy\" decoding=\"async\" class=\"aligncenter wp-image-9869 size-full\" src=\"https:\/\/www.tlirr.com\/wp-content\/uploads\/pivot-control-panel.jpg\" alt=\"Center pivot irrigation system | Sunset field image | Agriculture watering system\" width=\"600\" height=\"400\" srcset=\"https:\/\/www.tlirr.com\/wp-content\/uploads\/pivot-control-panel.jpg 600w, https:\/\/www.tlirr.com\/wp-content\/uploads\/pivot-control-panel-300x200.jpg 300w, https:\/\/www.tlirr.com\/wp-content\/uploads\/pivot-control-panel-540x360.jpg 540w, https:\/\/www.tlirr.com\/wp-content\/uploads\/pivot-control-panel-360x240.jpg 360w, https:\/\/www.tlirr.com\/wp-content\/uploads\/pivot-control-panel-225x150.jpg 225w, https:\/\/www.tlirr.com\/wp-content\/uploads\/pivot-control-panel-270x180.jpg 270w, https:\/\/www.tlirr.com\/wp-content\/uploads\/pivot-control-panel-90x60.jpg 90w\" sizes=\"auto, (max-width: 600px) 100vw, 600px\" \/><\/p>\n<\/div>\n<\/div><\/div><\/div><\/div><\/div><div id=\"pg-10140-1\"  class=\"panel-grid panel-has-style\" ><div class=\"siteorigin-panels-stretch panel-row-style panel-row-style-for-10140-1\" style=\"position:relative;\" data-siteorigin-parallax=\"{&quot;backgroundUrl&quot;:&quot;https:\\\/\\\/www.tlirr.com\\\/wp-content\\\/uploads\\\/corner-pivot-bg.jpg&quot;,&quot;backgroundSize&quot;:[1920,1080],&quot;backgroundSizing&quot;:&quot;scaled&quot;,&quot;limitMotion&quot;:&quot;auto&quot;}\" data-stretch-type=\"full\" ><div class=\"page-builder-overlay\" style=\"background-color:rgba(15, 45, 82, 0.9);\"><\/div><div id=\"pgc-10140-1-0\"  class=\"panel-grid-cell\" ><div id=\"panel-10140-1-0-0\" class=\"so-panel widget widget_testimonial-slider testimonial-slider-widget panel-first-child panel-last-child\" data-index=\"2\" ><div class=\"panel-widget-style panel-widget-style-for-10140-1-0-0\" ><div\n\t\t\t\n\t\t\tclass=\"so-widget-testimonial-slider so-widget-testimonial-slider-default-d75171398898-10140\"\n\t\t\t\n\t\t>\t\t<div class=\"testimonials\">\n\t\t\t\t\t\t\t<div>\n\t\t\t\t\t\t\t\t\t\t\t<img decoding=\"async\" src=\"https:\/\/www.tlirr.com\/wp-content\/uploads\/tom-bailey-150x150.jpg\">\n\t\t\t\t\t\t\t\t\t\t\t<div class=\"quote\">\n\t\t\t\t\t\t\"We'll turn on our T-Ls and run 'em all summer long and never even look at them except when we periodically grease them and change filters.\"\t\t\t\t\t<\/div><!-- .quote -->\n\t\t\t\t\t<div class=\"title\">\n\t\t\t\t\t\tTom Bailey\t\t\t\t\t<\/div><!-- .title -->\n\t\t\t\t\t<div class=\"link\">\n\t\t\t\t\t\t<a href=\"https:\/\/www.tlirr.com\/es\/testimonials\/tom-bailey\/\" class=\"underline-button white\">Read Testimonial<\/a>\n\t\t\t\t\t<\/div><!-- .link -->\n\t\t\t\t<\/div>\n\t\t\t\t\t\t\t\t<div>\n\t\t\t\t\t\t\t\t\t\t\t<img decoding=\"async\" src=\"https:\/\/www.tlirr.com\/wp-content\/uploads\/mike-hajek-testimonial-150x150.jpg\">\n\t\t\t\t\t\t\t\t\t\t\t<div class=\"quote\">\n\t\t\t\t\t\t\"While my T-L did cost a few dollars more than an electric system, it offered some things they didn't. And, I also think it's going to be a longer lasting system.\"\t\t\t\t\t<\/div><!-- .quote -->\n\t\t\t\t\t<div class=\"title\">\n\t\t\t\t\t\tMike Hajek\t\t\t\t\t<\/div><!-- .title -->\n\t\t\t\t\t<div class=\"link\">\n\t\t\t\t\t\t<a href=\"https:\/\/www.tlirr.com\/es\/testimonials\/mike-hajek\/\" class=\"underline-button white\">Read Testimonial<\/a>\n\t\t\t\t\t<\/div><!-- .link -->\n\t\t\t\t<\/div>\n\t\t\t\t\t\t<\/div><!-- .testimonials -->\n\t\t<\/div><\/div><\/div><\/div><\/div><\/div><div id=\"pg-10140-2\"  class=\"panel-grid panel-has-style\" ><div class=\"siteorigin-panels-stretch panel-row-style panel-row-style-for-10140-2\" data-stretch-type=\"full\" ><div id=\"pgc-10140-2-0\"  class=\"panel-grid-cell\" ><div id=\"panel-10140-2-0-0\" class=\"so-panel widget widget_icon-slider icon-slider-widget panel-first-child panel-last-child\" data-index=\"3\" ><div\n\t\t\t\n\t\t\tclass=\"so-widget-icon-slider so-widget-icon-slider-default-d75171398898-663\"\n\t\t\t\n\t\t>\t<div class=\"flex\">\n\t\t<div class=\"left\">\n\t\t\t\t\t\t\t<div class=\"title\">\n\t\t\t\t\t<small>Learn more about the<\/small>T-L Diferencia\t\t\t\t<\/div>\n\t\t\t\t\t\t\t<div class=\"arrows\"><\/div>\n\t\t<\/div><!-- .left -->\n\t\t<div class=\"right\">\n\t\t\t<div class=\"icons\" data-slides-to-show=\"3\" data-slick='{\"slidesToShow\": 3}'>\n\t\t\t\t\t\t\t\t\t<div>\n\t\t\t\t\t\t<a href=\"https:\/\/www.tlirr.com\/es\/la-t-l-diferencia\/bajo-mantenimiento\/\">\n\t\t\t\t\t\t\t\t\t\t\t\t\t\t\t<div class=\"icon\">\n\t\t\t\t\t\t\t\t\t<i class=\"far fa-wrench\"><\/i>\n\t\t\t\t\t\t\t\t<\/div><!-- .icon -->\n\t\t\t\t\t\t\t\t\t\t\t\t\t\t\t\t<div class=\"title\">\n\t\t\t\t\t\t\t\t\tBajo Mantenimiento\t\t\t\t\t\t\t\t<\/div><!-- .title -->\n\t\t\t\t\t\t\t\t\t\t\t\t\t\t<\/a>\n\t\t\t\t\t<\/div>\n\t\t\t\t\t\t\t\t\t\t<div>\n\t\t\t\t\t\t<a href=\"https:\/\/www.tlirr.com\/es\/la-t-l-diferencia\/el-radiado\/\">\n\t\t\t\t\t\t\t\t\t\t\t\t\t\t\t<div class=\"icon\">\n\t\t\t\t\t\t\t\t\t<i class=\"far fa-tint\"><\/i>\n\t\t\t\t\t\t\t\t<\/div><!-- .icon -->\n\t\t\t\t\t\t\t\t\t\t\t\t\t\t\t\t<div class=\"title\">\n\t\t\t\t\t\t\t\t\tEl Radiado\t\t\t\t\t\t\t\t<\/div><!-- .title -->\n\t\t\t\t\t\t\t\t\t\t\t\t\t\t<\/a>\n\t\t\t\t\t<\/div>\n\t\t\t\t\t\t\t\t\t\t<div>\n\t\t\t\t\t\t<a href=\"https:\/\/www.tlirr.com\/es\/la-t-l-diferencia\/seguridad\/\">\n\t\t\t\t\t\t\t\t\t\t\t\t\t\t\t<div class=\"icon\">\n\t\t\t\t\t\t\t\t\t<i class=\"far fa-exclamation-triangle\"><\/i>\n\t\t\t\t\t\t\t\t<\/div><!-- .icon -->\n\t\t\t\t\t\t\t\t\t\t\t\t\t\t\t\t<div class=\"title\">\n\t\t\t\t\t\t\t\t\tSeguridad\t\t\t\t\t\t\t\t<\/div><!-- .title -->\n\t\t\t\t\t\t\t\t\t\t\t\t\t\t<\/a>\n\t\t\t\t\t<\/div>\n\t\t\t\t\t\t\t\t\t\t<div>\n\t\t\t\t\t\t<a href=\"https:\/\/www.tlirr.com\/es\/la-t-l-diferencia\/high-reliability\/\">\n\t\t\t\t\t\t\t\t\t\t\t\t\t\t\t<div class=\"icon\">\n\t\t\t\t\t\t\t\t\t<i class=\"far fa-check\"><\/i>\n\t\t\t\t\t\t\t\t<\/div><!-- .icon -->\n\t\t\t\t\t\t\t\t\t\t\t\t\t\t\t\t<div class=\"title\">\n\t\t\t\t\t\t\t\t\tHigh Reliability\t\t\t\t\t\t\t\t<\/div><!-- .title -->\n\t\t\t\t\t\t\t\t\t\t\t\t\t\t<\/a>\n\t\t\t\t\t<\/div>\n\t\t\t\t\t\t\t\t\t\t<div>\n\t\t\t\t\t\t<a href=\"https:\/\/www.tlirr.com\/es\/la-t-l-diferencia\/garantia\/\">\n\t\t\t\t\t\t\t\t\t\t\t\t\t\t\t<div class=\"icon\">\n\t\t\t\t\t\t\t\t\t<i class=\"far fa-shield-alt\"><\/i>\n\t\t\t\t\t\t\t\t<\/div><!-- .icon -->\n\t\t\t\t\t\t\t\t\t\t\t\t\t\t\t\t<div class=\"title\">\n\t\t\t\t\t\t\t\t\tGarant\u00eda\t\t\t\t\t\t\t\t<\/div><!-- .title -->\n\t\t\t\t\t\t\t\t\t\t\t\t\t\t<\/a>\n\t\t\t\t\t<\/div>\n\t\t\t\t\t\t\t\t\t\t<div>\n\t\t\t\t\t\t<a href=\"https:\/\/www.tlirr.com\/es\/la-t-l-diferencia\/sin-robo-de-cobre\/\">\n\t\t\t\t\t\t\t\t\t\t\t\t\t\t\t<div class=\"icon\">\n\t\t\t\t\t\t\t\t\t<i class=\"far fa-ban\"><\/i>\n\t\t\t\t\t\t\t\t<\/div><!-- .icon -->\n\t\t\t\t\t\t\t\t\t\t\t\t\t\t\t\t<div class=\"title\">\n\t\t\t\t\t\t\t\t\tSin Robo de Cobre\t\t\t\t\t\t\t\t<\/div><!-- .title -->\n\t\t\t\t\t\t\t\t\t\t\t\t\t\t<\/a>\n\t\t\t\t\t<\/div>\n\t\t\t\t\t\t\t\t\t\t<div>\n\t\t\t\t\t\t<a href=\"https:\/\/www.tlirr.com\/es\/la-t-l-diferencia\/movimiento-continuo\/\">\n\t\t\t\t\t\t\t\t\t\t\t\t\t\t\t<div class=\"icon\">\n\t\t\t\t\t\t\t\t\t<i class=\"far fa-cog\"><\/i>\n\t\t\t\t\t\t\t\t<\/div><!-- .icon -->\n\t\t\t\t\t\t\t\t\t\t\t\t\t\t\t\t<div class=\"title\">\n\t\t\t\t\t\t\t\t\tMovimiento Continuo\t\t\t\t\t\t\t\t<\/div><!-- .title -->\n\t\t\t\t\t\t\t\t\t\t\t\t\t\t<\/a>\n\t\t\t\t\t<\/div>\n\t\t\t\t\t\t\t\t<\/div><!-- .icons -->\n\t\t<\/div><!-- .right -->\n\t<\/div><!-- .flex -->\n\t<\/div><\/div><\/div><\/div><\/div><\/div>","protected":false},"excerpt":{"rendered":"<p>Your safety is important Nuestros sistemas de riego son propulsados hidrost\u00e1ticamente, eliminando la necesidad de energ\u00eda de alta tensi\u00f3n. Lo m\u00e1s que se usar\u00e1 en nuestros sistemas son 24 voltios y ser\u00e1n para alimentar algunas de nuestras opciones de sistema de control. No recurrimos a 480 voltios de electricidad para hacer funcionar nuestros sistemas de [&hellip;]<\/p>\n","protected":false},"author":1,"featured_media":0,"parent":10134,"menu_order":12,"comment_status":"closed","ping_status":"closed","template":"","meta":{"_acf_changed":false,"footnotes":""},"class_list":["post-10140","page","type-page","status-publish","hentry"],"acf":[],"yoast_head":"<!-- This site is optimized with the Yoast SEO plugin v26.6 - https:\/\/yoast.com\/wordpress\/plugins\/seo\/ -->\n<title>T-L Safe Pivot Irrigation System | Which Field Pivot System is the Safest?<\/title>\n<meta name=\"description\" content=\"T-L Safe to use Pivot Irrigation System | Which pivot system is the safest? T-L low electrical power pivot systems | Hydraulic easy to use field watering system\" \/>\n<meta name=\"robots\" content=\"index, follow, max-snippet:-1, max-image-preview:large, max-video-preview:-1\" \/>\n<link rel=\"canonical\" href=\"https:\/\/www.tlirr.com\/es\/la-t-l-diferencia\/seguridad\/\" \/>\n<meta property=\"og:locale\" content=\"es_ES\" \/>\n<meta property=\"og:type\" content=\"article\" \/>\n<meta property=\"og:title\" content=\"T-L Safe Pivot Irrigation System | Which Field Pivot System is the Safest?\" \/>\n<meta property=\"og:description\" content=\"T-L Safe to use Pivot Irrigation System | Which pivot system is the safest? T-L low electrical power pivot systems | Hydraulic easy to use field watering system\" \/>\n<meta property=\"og:url\" content=\"https:\/\/www.tlirr.com\/es\/la-t-l-diferencia\/seguridad\/\" \/>\n<meta property=\"og:site_name\" content=\"T-L Irrigation\" \/>\n<meta property=\"article:modified_time\" content=\"2023-01-03T20:20:02+00:00\" \/>\n<meta property=\"og:image\" content=\"https:\/\/www.tlirr.com\/wp-content\/uploads\/pivot-control-panel.jpg\" \/>\n<meta name=\"twitter:card\" content=\"summary_large_image\" \/>\n<meta name=\"twitter:label1\" content=\"Tiempo de lectura\" \/>\n\t<meta name=\"twitter:data1\" content=\"1 minuto\" \/>\n<script type=\"application\/ld+json\" class=\"yoast-schema-graph\">{\"@context\":\"https:\/\/schema.org\",\"@graph\":[{\"@type\":\"WebPage\",\"@id\":\"https:\/\/www.tlirr.com\/es\/la-t-l-diferencia\/seguridad\/\",\"url\":\"https:\/\/www.tlirr.com\/es\/la-t-l-diferencia\/seguridad\/\",\"name\":\"T-L Safe Pivot Irrigation System | Which Field Pivot System is the Safest?\",\"isPartOf\":{\"@id\":\"https:\/\/www.tlirr.com\/#website\"},\"primaryImageOfPage\":{\"@id\":\"https:\/\/www.tlirr.com\/es\/la-t-l-diferencia\/seguridad\/#primaryimage\"},\"image\":{\"@id\":\"https:\/\/www.tlirr.com\/es\/la-t-l-diferencia\/seguridad\/#primaryimage\"},\"thumbnailUrl\":\"https:\/\/www.tlirr.com\/wp-content\/uploads\/pivot-control-panel.jpg\",\"datePublished\":\"2020-02-26T15:16:07+00:00\",\"dateModified\":\"2023-01-03T20:20:02+00:00\",\"description\":\"T-L Safe to use Pivot Irrigation System | Which pivot system is the safest? T-L low electrical power pivot systems | Hydraulic easy to use field watering system\",\"breadcrumb\":{\"@id\":\"https:\/\/www.tlirr.com\/es\/la-t-l-diferencia\/seguridad\/#breadcrumb\"},\"inLanguage\":\"es\",\"potentialAction\":[{\"@type\":\"ReadAction\",\"target\":[\"https:\/\/www.tlirr.com\/es\/la-t-l-diferencia\/seguridad\/\"]}]},{\"@type\":\"ImageObject\",\"inLanguage\":\"es\",\"@id\":\"https:\/\/www.tlirr.com\/es\/la-t-l-diferencia\/seguridad\/#primaryimage\",\"url\":\"https:\/\/www.tlirr.com\/wp-content\/uploads\/pivot-control-panel.jpg\",\"contentUrl\":\"https:\/\/www.tlirr.com\/wp-content\/uploads\/pivot-control-panel.jpg\"},{\"@type\":\"BreadcrumbList\",\"@id\":\"https:\/\/www.tlirr.com\/es\/la-t-l-diferencia\/seguridad\/#breadcrumb\",\"itemListElement\":[{\"@type\":\"ListItem\",\"position\":1,\"name\":\"Home\",\"item\":\"https:\/\/www.tlirr.com\/es\/\"},{\"@type\":\"ListItem\",\"position\":2,\"name\":\"La T-L Diferencia\",\"item\":\"https:\/\/www.tlirr.com\/es\/la-t-l-diferencia\/\"},{\"@type\":\"ListItem\",\"position\":3,\"name\":\"Seguridad\"}]},{\"@type\":\"WebSite\",\"@id\":\"https:\/\/www.tlirr.com\/#website\",\"url\":\"https:\/\/www.tlirr.com\/\",\"name\":\"T-L Irrigation\",\"description\":\"\",\"publisher\":{\"@id\":\"https:\/\/www.tlirr.com\/#organization\"},\"potentialAction\":[{\"@type\":\"SearchAction\",\"target\":{\"@type\":\"EntryPoint\",\"urlTemplate\":\"https:\/\/www.tlirr.com\/?s={search_term_string}\"},\"query-input\":{\"@type\":\"PropertyValueSpecification\",\"valueRequired\":true,\"valueName\":\"search_term_string\"}}],\"inLanguage\":\"es\"},{\"@type\":\"Organization\",\"@id\":\"https:\/\/www.tlirr.com\/#organization\",\"name\":\"T-L Irrigation\",\"url\":\"https:\/\/www.tlirr.com\/\",\"logo\":{\"@type\":\"ImageObject\",\"inLanguage\":\"es\",\"@id\":\"https:\/\/www.tlirr.com\/#\/schema\/logo\/image\/\",\"url\":\"https:\/\/www.tlirr.com\/wp-content\/uploads\/t-l-irrigation-logo.jpg\",\"contentUrl\":\"https:\/\/www.tlirr.com\/wp-content\/uploads\/t-l-irrigation-logo.jpg\",\"width\":300,\"height\":300,\"caption\":\"T-L Irrigation\"},\"image\":{\"@id\":\"https:\/\/www.tlirr.com\/#\/schema\/logo\/image\/\"}}]}<\/script>\n<!-- \/ Yoast SEO plugin. -->","yoast_head_json":{"title":"T-L Safe Pivot Irrigation System | Which Field Pivot System is the Safest?","description":"T-L Safe to use Pivot Irrigation System | Which pivot system is the safest? T-L low electrical power pivot systems | Hydraulic easy to use field watering system","robots":{"index":"index","follow":"follow","max-snippet":"max-snippet:-1","max-image-preview":"max-image-preview:large","max-video-preview":"max-video-preview:-1"},"canonical":"https:\/\/www.tlirr.com\/es\/la-t-l-diferencia\/seguridad\/","og_locale":"es_ES","og_type":"article","og_title":"T-L Safe Pivot Irrigation System | Which Field Pivot System is the Safest?","og_description":"T-L Safe to use Pivot Irrigation System | Which pivot system is the safest? T-L low electrical power pivot systems | Hydraulic easy to use field watering system","og_url":"https:\/\/www.tlirr.com\/es\/la-t-l-diferencia\/seguridad\/","og_site_name":"T-L Irrigation","article_modified_time":"2023-01-03T20:20:02+00:00","og_image":[{"url":"https:\/\/www.tlirr.com\/wp-content\/uploads\/pivot-control-panel.jpg","type":"","width":"","height":""}],"twitter_card":"summary_large_image","twitter_misc":{"Tiempo de lectura":"1 minuto"},"schema":{"@context":"https:\/\/schema.org","@graph":[{"@type":"WebPage","@id":"https:\/\/www.tlirr.com\/es\/la-t-l-diferencia\/seguridad\/","url":"https:\/\/www.tlirr.com\/es\/la-t-l-diferencia\/seguridad\/","name":"T-L Safe Pivot Irrigation System | Which Field Pivot System is the Safest?","isPartOf":{"@id":"https:\/\/www.tlirr.com\/#website"},"primaryImageOfPage":{"@id":"https:\/\/www.tlirr.com\/es\/la-t-l-diferencia\/seguridad\/#primaryimage"},"image":{"@id":"https:\/\/www.tlirr.com\/es\/la-t-l-diferencia\/seguridad\/#primaryimage"},"thumbnailUrl":"https:\/\/www.tlirr.com\/wp-content\/uploads\/pivot-control-panel.jpg","datePublished":"2020-02-26T15:16:07+00:00","dateModified":"2023-01-03T20:20:02+00:00","description":"T-L Safe to use Pivot Irrigation System | Which pivot system is the safest? T-L low electrical power pivot systems | Hydraulic easy to use field watering system","breadcrumb":{"@id":"https:\/\/www.tlirr.com\/es\/la-t-l-diferencia\/seguridad\/#breadcrumb"},"inLanguage":"es","potentialAction":[{"@type":"ReadAction","target":["https:\/\/www.tlirr.com\/es\/la-t-l-diferencia\/seguridad\/"]}]},{"@type":"ImageObject","inLanguage":"es","@id":"https:\/\/www.tlirr.com\/es\/la-t-l-diferencia\/seguridad\/#primaryimage","url":"https:\/\/www.tlirr.com\/wp-content\/uploads\/pivot-control-panel.jpg","contentUrl":"https:\/\/www.tlirr.com\/wp-content\/uploads\/pivot-control-panel.jpg"},{"@type":"BreadcrumbList","@id":"https:\/\/www.tlirr.com\/es\/la-t-l-diferencia\/seguridad\/#breadcrumb","itemListElement":[{"@type":"ListItem","position":1,"name":"Home","item":"https:\/\/www.tlirr.com\/es\/"},{"@type":"ListItem","position":2,"name":"La T-L Diferencia","item":"https:\/\/www.tlirr.com\/es\/la-t-l-diferencia\/"},{"@type":"ListItem","position":3,"name":"Seguridad"}]},{"@type":"WebSite","@id":"https:\/\/www.tlirr.com\/#website","url":"https:\/\/www.tlirr.com\/","name":"T-L Irrigation","description":"","publisher":{"@id":"https:\/\/www.tlirr.com\/#organization"},"potentialAction":[{"@type":"SearchAction","target":{"@type":"EntryPoint","urlTemplate":"https:\/\/www.tlirr.com\/?s={search_term_string}"},"query-input":{"@type":"PropertyValueSpecification","valueRequired":true,"valueName":"search_term_string"}}],"inLanguage":"es"},{"@type":"Organization","@id":"https:\/\/www.tlirr.com\/#organization","name":"T-L Irrigation","url":"https:\/\/www.tlirr.com\/","logo":{"@type":"ImageObject","inLanguage":"es","@id":"https:\/\/www.tlirr.com\/#\/schema\/logo\/image\/","url":"https:\/\/www.tlirr.com\/wp-content\/uploads\/t-l-irrigation-logo.jpg","contentUrl":"https:\/\/www.tlirr.com\/wp-content\/uploads\/t-l-irrigation-logo.jpg","width":300,"height":300,"caption":"T-L Irrigation"},"image":{"@id":"https:\/\/www.tlirr.com\/#\/schema\/logo\/image\/"}}]}},"_links":{"self":[{"href":"https:\/\/www.tlirr.com\/es\/wp-json\/wp\/v2\/pages\/10140","targetHints":{"allow":["GET"]}}],"collection":[{"href":"https:\/\/www.tlirr.com\/es\/wp-json\/wp\/v2\/pages"}],"about":[{"href":"https:\/\/www.tlirr.com\/es\/wp-json\/wp\/v2\/types\/page"}],"author":[{"embeddable":true,"href":"https:\/\/www.tlirr.com\/es\/wp-json\/wp\/v2\/users\/1"}],"replies":[{"embeddable":true,"href":"https:\/\/www.tlirr.com\/es\/wp-json\/wp\/v2\/comments?post=10140"}],"version-history":[{"count":4,"href":"https:\/\/www.tlirr.com\/es\/wp-json\/wp\/v2\/pages\/10140\/revisions"}],"predecessor-version":[{"id":11601,"href":"https:\/\/www.tlirr.com\/es\/wp-json\/wp\/v2\/pages\/10140\/revisions\/11601"}],"up":[{"embeddable":true,"href":"https:\/\/www.tlirr.com\/es\/wp-json\/wp\/v2\/pages\/10134"}],"wp:attachment":[{"href":"https:\/\/www.tlirr.com\/es\/wp-json\/wp\/v2\/media?parent=10140"}],"curies":[{"name":"wp","href":"https:\/\/api.w.org\/{rel}","templated":true}]}}