{"id":10138,"date":"2020-02-26T09:16:36","date_gmt":"2020-02-26T15:16:36","guid":{"rendered":"https:\/\/www.tlirr.com\/the-t-l-difference\/high-reliability\/"},"modified":"2023-01-03T14:18:37","modified_gmt":"2023-01-03T20:18:37","slug":"high-reliability","status":"publish","type":"page","link":"https:\/\/www.tlirr.com\/es\/la-t-l-diferencia\/high-reliability\/","title":{"rendered":"High Reliability"},"content":{"rendered":"<div id=\"pl-10138\"  class=\"panel-layout\" ><div id=\"pg-10138-0\"  class=\"panel-grid panel-no-style\" ><div id=\"pgc-10138-0-0\"  class=\"panel-grid-cell\" ><div id=\"panel-10138-0-0-0\" class=\"so-panel widget widget_sow-editor panel-first-child panel-last-child\" data-index=\"0\" ><div\n\t\t\t\n\t\t\tclass=\"so-widget-sow-editor so-widget-sow-editor-base\"\n\t\t\t\n\t\t>\n<div class=\"siteorigin-widget-tinymce textwidget\">\n\t<h2>El tiempo de actividad de un sistema es cr\u00edtico cuando hablamos de riego<\/h2>\n<p>El dise\u00f1o hidrost\u00e1tico de T-L est\u00e1 revolucionando la industria gracias a su gran fiabilidad. Y, si las reparaciones son necesarias, en la mayor\u00eda de los casos el usuario puede reparar el problema por s\u00ed mismo, sin depender de la disponibilidad de un electricista calificado.<\/p>\n<p><strong>\u00abEl sistema T-L funciona 41,000 horas y maneja 430 millones de galones de agua en s\u00f3lo 5 1\/2 a\u00f1os.\u00bb<br \/>\n<\/strong><a href=\"https:\/\/www.tlirr.com\/testimonials\/boog-evans\/\">Lea la historia de Boog Evan<\/a><\/p>\n<p><strong>\u00abIncluso despu\u00e9s de 60,000 horas hay m\u00e1s d\u00edas de \u00absin novedad\u00bb con los pivotes T-L.\u00bb<br \/>\n<\/strong><a href=\"https:\/\/www.tlirr.com\/testimonials\/ken-scarth\/\">Lea la historia de Ken Scarth<\/a><\/p>\n<\/div>\n<\/div><\/div><\/div><div id=\"pgc-10138-0-1\"  class=\"panel-grid-cell\" ><div id=\"panel-10138-0-1-0\" class=\"so-panel widget widget_sow-editor panel-first-child panel-last-child\" data-index=\"1\" ><div data-aos=\"zoom-in\" data-aos-duration=\"600\" data-aos-delay=\"300\" class=\"panel-widget-style panel-widget-style-for-10138-0-1-0\" ><div\n\t\t\t\n\t\t\tclass=\"so-widget-sow-editor so-widget-sow-editor-base\"\n\t\t\t\n\t\t>\n<div class=\"siteorigin-widget-tinymce textwidget\">\n\t<p><img loading=\"lazy\" decoding=\"async\" class=\"aligncenter wp-image-9856 size-full\" src=\"https:\/\/www.tlirr.com\/wp-content\/uploads\/alignment-valve-system.jpg\" alt=\"Easy maintenance T-L hydraulic pivot | Easy maintenance alignment control system\" width=\"600\" height=\"400\" srcset=\"https:\/\/www.tlirr.com\/wp-content\/uploads\/alignment-valve-system.jpg 600w, https:\/\/www.tlirr.com\/wp-content\/uploads\/alignment-valve-system-300x200.jpg 300w, https:\/\/www.tlirr.com\/wp-content\/uploads\/alignment-valve-system-540x360.jpg 540w, https:\/\/www.tlirr.com\/wp-content\/uploads\/alignment-valve-system-360x240.jpg 360w, https:\/\/www.tlirr.com\/wp-content\/uploads\/alignment-valve-system-225x150.jpg 225w, https:\/\/www.tlirr.com\/wp-content\/uploads\/alignment-valve-system-270x180.jpg 270w, https:\/\/www.tlirr.com\/wp-content\/uploads\/alignment-valve-system-90x60.jpg 90w\" sizes=\"auto, (max-width: 600px) 100vw, 600px\" \/><\/p>\n<\/div>\n<\/div><\/div><\/div><\/div><\/div><div id=\"pg-10138-1\"  class=\"panel-grid panel-has-style\" ><div class=\"siteorigin-panels-stretch panel-row-style panel-row-style-for-10138-1\" style=\"position:relative;\" data-siteorigin-parallax=\"{&quot;backgroundUrl&quot;:&quot;https:\\\/\\\/www.tlirr.com\\\/wp-content\\\/uploads\\\/center-pivot-bg.jpg&quot;,&quot;backgroundSize&quot;:[1920,1080],&quot;backgroundSizing&quot;:&quot;scaled&quot;,&quot;limitMotion&quot;:&quot;auto&quot;}\" data-stretch-type=\"full\" ><div class=\"page-builder-overlay\" style=\"background-color:rgba(15, 45, 82, 0.9);\"><\/div><div id=\"pgc-10138-1-0\"  class=\"panel-grid-cell\" ><div id=\"panel-10138-1-0-0\" class=\"so-panel widget widget_testimonial-slider testimonial-slider-widget panel-first-child panel-last-child\" data-index=\"2\" ><div class=\"panel-widget-style panel-widget-style-for-10138-1-0-0\" ><div\n\t\t\t\n\t\t\tclass=\"so-widget-testimonial-slider so-widget-testimonial-slider-default-d75171398898-10138\"\n\t\t\t\n\t\t>\t\t<div class=\"testimonials\">\n\t\t\t\t\t\t\t<div>\n\t\t\t\t\t\t\t\t\t\t\t<img decoding=\"async\" src=\"https:\/\/www.tlirr.com\/wp-content\/uploads\/ken-scarth-testimonial-150x150.jpg\">\n\t\t\t\t\t\t\t\t\t\t\t<div class=\"quote\">\n\t\t\t\t\t\t\"We get more running time with the T-Ls. We have shift operators who let me know every morning which rigs have gone 'down' overnight. The T-Ls give us more 'nothing down' days.\"\t\t\t\t\t<\/div><!-- .quote -->\n\t\t\t\t\t<div class=\"title\">\n\t\t\t\t\t\tKen Scarth\t\t\t\t\t<\/div><!-- .title -->\n\t\t\t\t\t<div class=\"link\">\n\t\t\t\t\t\t<a href=\"https:\/\/www.tlirr.com\/es\/testimonials\/ken-scarth\/\" class=\"underline-button white\">Read Testimonial<\/a>\n\t\t\t\t\t<\/div><!-- .link -->\n\t\t\t\t<\/div>\n\t\t\t\t\t\t\t\t<div>\n\t\t\t\t\t\t\t\t\t\t\t<img decoding=\"async\" src=\"https:\/\/www.tlirr.com\/wp-content\/uploads\/boog-evans-150x150.jpg\">\n\t\t\t\t\t\t\t\t\t\t\t<div class=\"quote\">\n\t\t\t\t\t\t\"This T-L has been pretty well maintenance-free. It's a great system.\"\t\t\t\t\t<\/div><!-- .quote -->\n\t\t\t\t\t<div class=\"title\">\n\t\t\t\t\t\tBoog Evans\t\t\t\t\t<\/div><!-- .title -->\n\t\t\t\t\t<div class=\"link\">\n\t\t\t\t\t\t<a href=\"https:\/\/www.tlirr.com\/es\/testimonials\/boog-evans\/\" class=\"underline-button white\">Read Testimonial<\/a>\n\t\t\t\t\t<\/div><!-- .link -->\n\t\t\t\t<\/div>\n\t\t\t\t\t\t<\/div><!-- .testimonials -->\n\t\t<\/div><\/div><\/div><\/div><\/div><\/div><div id=\"pg-10138-2\"  class=\"panel-grid panel-has-style\" ><div class=\"siteorigin-panels-stretch panel-row-style panel-row-style-for-10138-2\" data-stretch-type=\"full\" ><div id=\"pgc-10138-2-0\"  class=\"panel-grid-cell\" ><div id=\"panel-10138-2-0-0\" class=\"so-panel widget widget_icon-slider icon-slider-widget panel-first-child panel-last-child\" data-index=\"3\" ><div\n\t\t\t\n\t\t\tclass=\"so-widget-icon-slider so-widget-icon-slider-default-d75171398898-691\"\n\t\t\t\n\t\t>\t<div class=\"flex\">\n\t\t<div class=\"left\">\n\t\t\t\t\t\t\t<div class=\"title\">\n\t\t\t\t\t<small>Learn more about the<\/small>T-L Diferencia\t\t\t\t<\/div>\n\t\t\t\t\t\t\t<div class=\"arrows\"><\/div>\n\t\t<\/div><!-- .left -->\n\t\t<div class=\"right\">\n\t\t\t<div class=\"icons\" data-slides-to-show=\"3\" data-slick='{\"slidesToShow\": 3}'>\n\t\t\t\t\t\t\t\t\t<div>\n\t\t\t\t\t\t<a href=\"https:\/\/www.tlirr.com\/es\/la-t-l-diferencia\/seguridad\/\">\n\t\t\t\t\t\t\t\t\t\t\t\t\t\t\t<div class=\"icon\">\n\t\t\t\t\t\t\t\t\t<i class=\"far fa-exclamation-triangle\"><\/i>\n\t\t\t\t\t\t\t\t<\/div><!-- .icon -->\n\t\t\t\t\t\t\t\t\t\t\t\t\t\t\t\t<div class=\"title\">\n\t\t\t\t\t\t\t\t\tSeguridad\t\t\t\t\t\t\t\t<\/div><!-- .title -->\n\t\t\t\t\t\t\t\t\t\t\t\t\t\t<\/a>\n\t\t\t\t\t<\/div>\n\t\t\t\t\t\t\t\t\t\t<div>\n\t\t\t\t\t\t<a href=\"https:\/\/www.tlirr.com\/es\/la-t-l-diferencia\/movimiento-continuo\/\">\n\t\t\t\t\t\t\t\t\t\t\t\t\t\t\t<div class=\"icon\">\n\t\t\t\t\t\t\t\t\t<i class=\"far fa-cog\"><\/i>\n\t\t\t\t\t\t\t\t<\/div><!-- .icon -->\n\t\t\t\t\t\t\t\t\t\t\t\t\t\t\t\t<div class=\"title\">\n\t\t\t\t\t\t\t\t\tMovimiento Continuo\t\t\t\t\t\t\t\t<\/div><!-- .title -->\n\t\t\t\t\t\t\t\t\t\t\t\t\t\t<\/a>\n\t\t\t\t\t<\/div>\n\t\t\t\t\t\t\t\t\t\t<div>\n\t\t\t\t\t\t<a href=\"https:\/\/www.tlirr.com\/es\/la-t-l-diferencia\/high-reliability\/\">\n\t\t\t\t\t\t\t\t\t\t\t\t\t\t\t<div class=\"icon\">\n\t\t\t\t\t\t\t\t\t<i class=\"far fa-check\"><\/i>\n\t\t\t\t\t\t\t\t<\/div><!-- .icon -->\n\t\t\t\t\t\t\t\t\t\t\t\t\t\t\t\t<div class=\"title\">\n\t\t\t\t\t\t\t\t\tHigh Reliability\t\t\t\t\t\t\t\t<\/div><!-- .title -->\n\t\t\t\t\t\t\t\t\t\t\t\t\t\t<\/a>\n\t\t\t\t\t<\/div>\n\t\t\t\t\t\t\t\t\t\t<div>\n\t\t\t\t\t\t<a href=\"https:\/\/www.tlirr.com\/es\/la-t-l-diferencia\/el-radiado\/\">\n\t\t\t\t\t\t\t\t\t\t\t\t\t\t\t<div class=\"icon\">\n\t\t\t\t\t\t\t\t\t<i class=\"far fa-tint\"><\/i>\n\t\t\t\t\t\t\t\t<\/div><!-- .icon -->\n\t\t\t\t\t\t\t\t\t\t\t\t\t\t\t\t<div class=\"title\">\n\t\t\t\t\t\t\t\t\tEl Radiado\t\t\t\t\t\t\t\t<\/div><!-- .title -->\n\t\t\t\t\t\t\t\t\t\t\t\t\t\t<\/a>\n\t\t\t\t\t<\/div>\n\t\t\t\t\t\t\t\t\t\t<div>\n\t\t\t\t\t\t<a href=\"https:\/\/www.tlirr.com\/es\/la-t-l-diferencia\/bajo-mantenimiento\/\">\n\t\t\t\t\t\t\t\t\t\t\t\t\t\t\t<div class=\"icon\">\n\t\t\t\t\t\t\t\t\t<i class=\"far fa-wrench\"><\/i>\n\t\t\t\t\t\t\t\t<\/div><!-- .icon -->\n\t\t\t\t\t\t\t\t\t\t\t\t\t\t\t\t<div class=\"title\">\n\t\t\t\t\t\t\t\t\tBajo Mantenimiento\t\t\t\t\t\t\t\t<\/div><!-- .title -->\n\t\t\t\t\t\t\t\t\t\t\t\t\t\t<\/a>\n\t\t\t\t\t<\/div>\n\t\t\t\t\t\t\t\t\t\t<div>\n\t\t\t\t\t\t<a href=\"https:\/\/www.tlirr.com\/es\/la-t-l-diferencia\/garantia\/\">\n\t\t\t\t\t\t\t\t\t\t\t\t\t\t\t<div class=\"icon\">\n\t\t\t\t\t\t\t\t\t<i class=\"far fa-shield-alt\"><\/i>\n\t\t\t\t\t\t\t\t<\/div><!-- .icon -->\n\t\t\t\t\t\t\t\t\t\t\t\t\t\t\t\t<div class=\"title\">\n\t\t\t\t\t\t\t\t\tGarant\u00eda\t\t\t\t\t\t\t\t<\/div><!-- .title -->\n\t\t\t\t\t\t\t\t\t\t\t\t\t\t<\/a>\n\t\t\t\t\t<\/div>\n\t\t\t\t\t\t\t\t\t\t<div>\n\t\t\t\t\t\t<a href=\"https:\/\/www.tlirr.com\/es\/la-t-l-diferencia\/sin-robo-de-cobre\/\">\n\t\t\t\t\t\t\t\t\t\t\t\t\t\t\t<div class=\"icon\">\n\t\t\t\t\t\t\t\t\t<i class=\"far fa-ban\"><\/i>\n\t\t\t\t\t\t\t\t<\/div><!-- .icon -->\n\t\t\t\t\t\t\t\t\t\t\t\t\t\t\t\t<div class=\"title\">\n\t\t\t\t\t\t\t\t\tSin Robo de Cobre\t\t\t\t\t\t\t\t<\/div><!-- .title -->\n\t\t\t\t\t\t\t\t\t\t\t\t\t\t<\/a>\n\t\t\t\t\t<\/div>\n\t\t\t\t\t\t\t\t<\/div><!-- .icons -->\n\t\t<\/div><!-- .right -->\n\t<\/div><!-- .flex -->\n\t<\/div><\/div><\/div><\/div><\/div><\/div>","protected":false},"excerpt":{"rendered":"<p>El tiempo de actividad de un sistema es cr\u00edtico cuando hablamos de riego El dise\u00f1o hidrost\u00e1tico de T-L est\u00e1 revolucionando la industria gracias a su gran fiabilidad. Y, si las reparaciones son necesarias, en la mayor\u00eda de los casos el usuario puede reparar el problema por s\u00ed mismo, sin depender de la disponibilidad de un [&hellip;]<\/p>\n","protected":false},"author":1,"featured_media":0,"parent":10134,"menu_order":11,"comment_status":"closed","ping_status":"closed","template":"","meta":{"_acf_changed":false,"footnotes":""},"class_list":["post-10138","page","type-page","status-publish","hentry"],"acf":[],"yoast_head":"<!-- This site is optimized with the Yoast SEO plugin v26.6 - https:\/\/yoast.com\/wordpress\/plugins\/seo\/ -->\n<title>Low Maintenance Pivot Irrigation | Easy to use Pivot Systems | Field Watering<\/title>\n<meta name=\"description\" content=\"Pivot Irrigation with high reliability | T-L Irrigation field irrigation center pivots | Easy to use pivot systems | Low Maintenance field irrigation technology\" \/>\n<meta name=\"robots\" content=\"index, follow, max-snippet:-1, max-image-preview:large, max-video-preview:-1\" \/>\n<link rel=\"canonical\" href=\"https:\/\/www.tlirr.com\/es\/la-t-l-diferencia\/high-reliability\/\" \/>\n<meta property=\"og:locale\" content=\"es_ES\" \/>\n<meta property=\"og:type\" content=\"article\" \/>\n<meta property=\"og:title\" content=\"Low Maintenance Pivot Irrigation | Easy to use Pivot Systems | Field Watering\" \/>\n<meta property=\"og:description\" content=\"Pivot Irrigation with high reliability | T-L Irrigation field irrigation center pivots | Easy to use pivot systems | Low Maintenance field irrigation technology\" \/>\n<meta property=\"og:url\" content=\"https:\/\/www.tlirr.com\/es\/la-t-l-diferencia\/high-reliability\/\" \/>\n<meta property=\"og:site_name\" content=\"T-L Irrigation\" \/>\n<meta property=\"article:modified_time\" content=\"2023-01-03T20:18:37+00:00\" \/>\n<meta property=\"og:image\" content=\"https:\/\/www.tlirr.com\/wp-content\/uploads\/alignment-valve-system.jpg\" \/>\n<meta name=\"twitter:card\" content=\"summary_large_image\" \/>\n<meta name=\"twitter:label1\" content=\"Tiempo de lectura\" \/>\n\t<meta name=\"twitter:data1\" content=\"1 minuto\" \/>\n<script type=\"application\/ld+json\" class=\"yoast-schema-graph\">{\"@context\":\"https:\/\/schema.org\",\"@graph\":[{\"@type\":\"WebPage\",\"@id\":\"https:\/\/www.tlirr.com\/es\/la-t-l-diferencia\/high-reliability\/\",\"url\":\"https:\/\/www.tlirr.com\/es\/la-t-l-diferencia\/high-reliability\/\",\"name\":\"Low Maintenance Pivot Irrigation | Easy to use Pivot Systems | Field Watering\",\"isPartOf\":{\"@id\":\"https:\/\/www.tlirr.com\/#website\"},\"primaryImageOfPage\":{\"@id\":\"https:\/\/www.tlirr.com\/es\/la-t-l-diferencia\/high-reliability\/#primaryimage\"},\"image\":{\"@id\":\"https:\/\/www.tlirr.com\/es\/la-t-l-diferencia\/high-reliability\/#primaryimage\"},\"thumbnailUrl\":\"https:\/\/www.tlirr.com\/wp-content\/uploads\/alignment-valve-system.jpg\",\"datePublished\":\"2020-02-26T15:16:36+00:00\",\"dateModified\":\"2023-01-03T20:18:37+00:00\",\"description\":\"Pivot Irrigation with high reliability | T-L Irrigation field irrigation center pivots | Easy to use pivot systems | Low Maintenance field irrigation technology\",\"breadcrumb\":{\"@id\":\"https:\/\/www.tlirr.com\/es\/la-t-l-diferencia\/high-reliability\/#breadcrumb\"},\"inLanguage\":\"es\",\"potentialAction\":[{\"@type\":\"ReadAction\",\"target\":[\"https:\/\/www.tlirr.com\/es\/la-t-l-diferencia\/high-reliability\/\"]}]},{\"@type\":\"ImageObject\",\"inLanguage\":\"es\",\"@id\":\"https:\/\/www.tlirr.com\/es\/la-t-l-diferencia\/high-reliability\/#primaryimage\",\"url\":\"https:\/\/www.tlirr.com\/wp-content\/uploads\/alignment-valve-system.jpg\",\"contentUrl\":\"https:\/\/www.tlirr.com\/wp-content\/uploads\/alignment-valve-system.jpg\"},{\"@type\":\"BreadcrumbList\",\"@id\":\"https:\/\/www.tlirr.com\/es\/la-t-l-diferencia\/high-reliability\/#breadcrumb\",\"itemListElement\":[{\"@type\":\"ListItem\",\"position\":1,\"name\":\"Home\",\"item\":\"https:\/\/www.tlirr.com\/es\/\"},{\"@type\":\"ListItem\",\"position\":2,\"name\":\"La T-L Diferencia\",\"item\":\"https:\/\/www.tlirr.com\/es\/la-t-l-diferencia\/\"},{\"@type\":\"ListItem\",\"position\":3,\"name\":\"High Reliability\"}]},{\"@type\":\"WebSite\",\"@id\":\"https:\/\/www.tlirr.com\/#website\",\"url\":\"https:\/\/www.tlirr.com\/\",\"name\":\"T-L Irrigation\",\"description\":\"\",\"publisher\":{\"@id\":\"https:\/\/www.tlirr.com\/#organization\"},\"potentialAction\":[{\"@type\":\"SearchAction\",\"target\":{\"@type\":\"EntryPoint\",\"urlTemplate\":\"https:\/\/www.tlirr.com\/?s={search_term_string}\"},\"query-input\":{\"@type\":\"PropertyValueSpecification\",\"valueRequired\":true,\"valueName\":\"search_term_string\"}}],\"inLanguage\":\"es\"},{\"@type\":\"Organization\",\"@id\":\"https:\/\/www.tlirr.com\/#organization\",\"name\":\"T-L Irrigation\",\"url\":\"https:\/\/www.tlirr.com\/\",\"logo\":{\"@type\":\"ImageObject\",\"inLanguage\":\"es\",\"@id\":\"https:\/\/www.tlirr.com\/#\/schema\/logo\/image\/\",\"url\":\"https:\/\/www.tlirr.com\/wp-content\/uploads\/t-l-irrigation-logo.jpg\",\"contentUrl\":\"https:\/\/www.tlirr.com\/wp-content\/uploads\/t-l-irrigation-logo.jpg\",\"width\":300,\"height\":300,\"caption\":\"T-L Irrigation\"},\"image\":{\"@id\":\"https:\/\/www.tlirr.com\/#\/schema\/logo\/image\/\"}}]}<\/script>\n<!-- \/ Yoast SEO plugin. -->","yoast_head_json":{"title":"Low Maintenance Pivot Irrigation | Easy to use Pivot Systems | Field Watering","description":"Pivot Irrigation with high reliability | T-L Irrigation field irrigation center pivots | Easy to use pivot systems | Low Maintenance field irrigation technology","robots":{"index":"index","follow":"follow","max-snippet":"max-snippet:-1","max-image-preview":"max-image-preview:large","max-video-preview":"max-video-preview:-1"},"canonical":"https:\/\/www.tlirr.com\/es\/la-t-l-diferencia\/high-reliability\/","og_locale":"es_ES","og_type":"article","og_title":"Low Maintenance Pivot Irrigation | Easy to use Pivot Systems | Field Watering","og_description":"Pivot Irrigation with high reliability | T-L Irrigation field irrigation center pivots | Easy to use pivot systems | Low Maintenance field irrigation technology","og_url":"https:\/\/www.tlirr.com\/es\/la-t-l-diferencia\/high-reliability\/","og_site_name":"T-L Irrigation","article_modified_time":"2023-01-03T20:18:37+00:00","og_image":[{"url":"https:\/\/www.tlirr.com\/wp-content\/uploads\/alignment-valve-system.jpg","type":"","width":"","height":""}],"twitter_card":"summary_large_image","twitter_misc":{"Tiempo de lectura":"1 minuto"},"schema":{"@context":"https:\/\/schema.org","@graph":[{"@type":"WebPage","@id":"https:\/\/www.tlirr.com\/es\/la-t-l-diferencia\/high-reliability\/","url":"https:\/\/www.tlirr.com\/es\/la-t-l-diferencia\/high-reliability\/","name":"Low Maintenance Pivot Irrigation | Easy to use Pivot Systems | Field Watering","isPartOf":{"@id":"https:\/\/www.tlirr.com\/#website"},"primaryImageOfPage":{"@id":"https:\/\/www.tlirr.com\/es\/la-t-l-diferencia\/high-reliability\/#primaryimage"},"image":{"@id":"https:\/\/www.tlirr.com\/es\/la-t-l-diferencia\/high-reliability\/#primaryimage"},"thumbnailUrl":"https:\/\/www.tlirr.com\/wp-content\/uploads\/alignment-valve-system.jpg","datePublished":"2020-02-26T15:16:36+00:00","dateModified":"2023-01-03T20:18:37+00:00","description":"Pivot Irrigation with high reliability | T-L Irrigation field irrigation center pivots | Easy to use pivot systems | Low Maintenance field irrigation technology","breadcrumb":{"@id":"https:\/\/www.tlirr.com\/es\/la-t-l-diferencia\/high-reliability\/#breadcrumb"},"inLanguage":"es","potentialAction":[{"@type":"ReadAction","target":["https:\/\/www.tlirr.com\/es\/la-t-l-diferencia\/high-reliability\/"]}]},{"@type":"ImageObject","inLanguage":"es","@id":"https:\/\/www.tlirr.com\/es\/la-t-l-diferencia\/high-reliability\/#primaryimage","url":"https:\/\/www.tlirr.com\/wp-content\/uploads\/alignment-valve-system.jpg","contentUrl":"https:\/\/www.tlirr.com\/wp-content\/uploads\/alignment-valve-system.jpg"},{"@type":"BreadcrumbList","@id":"https:\/\/www.tlirr.com\/es\/la-t-l-diferencia\/high-reliability\/#breadcrumb","itemListElement":[{"@type":"ListItem","position":1,"name":"Home","item":"https:\/\/www.tlirr.com\/es\/"},{"@type":"ListItem","position":2,"name":"La T-L Diferencia","item":"https:\/\/www.tlirr.com\/es\/la-t-l-diferencia\/"},{"@type":"ListItem","position":3,"name":"High Reliability"}]},{"@type":"WebSite","@id":"https:\/\/www.tlirr.com\/#website","url":"https:\/\/www.tlirr.com\/","name":"T-L Irrigation","description":"","publisher":{"@id":"https:\/\/www.tlirr.com\/#organization"},"potentialAction":[{"@type":"SearchAction","target":{"@type":"EntryPoint","urlTemplate":"https:\/\/www.tlirr.com\/?s={search_term_string}"},"query-input":{"@type":"PropertyValueSpecification","valueRequired":true,"valueName":"search_term_string"}}],"inLanguage":"es"},{"@type":"Organization","@id":"https:\/\/www.tlirr.com\/#organization","name":"T-L Irrigation","url":"https:\/\/www.tlirr.com\/","logo":{"@type":"ImageObject","inLanguage":"es","@id":"https:\/\/www.tlirr.com\/#\/schema\/logo\/image\/","url":"https:\/\/www.tlirr.com\/wp-content\/uploads\/t-l-irrigation-logo.jpg","contentUrl":"https:\/\/www.tlirr.com\/wp-content\/uploads\/t-l-irrigation-logo.jpg","width":300,"height":300,"caption":"T-L Irrigation"},"image":{"@id":"https:\/\/www.tlirr.com\/#\/schema\/logo\/image\/"}}]}},"_links":{"self":[{"href":"https:\/\/www.tlirr.com\/es\/wp-json\/wp\/v2\/pages\/10138","targetHints":{"allow":["GET"]}}],"collection":[{"href":"https:\/\/www.tlirr.com\/es\/wp-json\/wp\/v2\/pages"}],"about":[{"href":"https:\/\/www.tlirr.com\/es\/wp-json\/wp\/v2\/types\/page"}],"author":[{"embeddable":true,"href":"https:\/\/www.tlirr.com\/es\/wp-json\/wp\/v2\/users\/1"}],"replies":[{"embeddable":true,"href":"https:\/\/www.tlirr.com\/es\/wp-json\/wp\/v2\/comments?post=10138"}],"version-history":[{"count":9,"href":"https:\/\/www.tlirr.com\/es\/wp-json\/wp\/v2\/pages\/10138\/revisions"}],"predecessor-version":[{"id":11599,"href":"https:\/\/www.tlirr.com\/es\/wp-json\/wp\/v2\/pages\/10138\/revisions\/11599"}],"up":[{"embeddable":true,"href":"https:\/\/www.tlirr.com\/es\/wp-json\/wp\/v2\/pages\/10134"}],"wp:attachment":[{"href":"https:\/\/www.tlirr.com\/es\/wp-json\/wp\/v2\/media?parent=10138"}],"curies":[{"name":"wp","href":"https:\/\/api.w.org\/{rel}","templated":true}]}}