{"id":10136,"date":"2020-02-26T09:16:59","date_gmt":"2020-02-26T15:16:59","guid":{"rendered":"https:\/\/www.tlirr.com\/the-t-l-difference\/low-maintenance\/"},"modified":"2023-01-03T14:19:16","modified_gmt":"2023-01-03T20:19:16","slug":"bajo-mantenimiento","status":"publish","type":"page","link":"https:\/\/www.tlirr.com\/es\/la-t-l-diferencia\/bajo-mantenimiento\/","title":{"rendered":"Bajo Mantenimiento"},"content":{"rendered":"<div id=\"pl-10136\"  class=\"panel-layout\" ><div id=\"pg-10136-0\"  class=\"panel-grid panel-no-style\" ><div id=\"pgc-10136-0-0\"  class=\"panel-grid-cell\" ><div id=\"panel-10136-0-0-0\" class=\"so-panel widget widget_sow-editor panel-first-child panel-last-child\" data-index=\"0\" ><div\n\t\t\t\n\t\t\tclass=\"so-widget-sow-editor so-widget-sow-editor-base\"\n\t\t\t\n\t\t>\n<div class=\"siteorigin-widget-tinymce textwidget\">\n\t<h2>Sin Ejes de Transmisi\u00f3n Expuestos<\/h2>\n<p>Los sistemas de riego por pivote T-L est\u00e1n construidos con tensores de alta resistencia y un dise\u00f1o de doble torre-pierna. Como medida para evitar la oxidaci\u00f3n, los componentes son recubiertos con una capa de zinc en la planta de galvanizaci\u00f3n T-L. Los sistemas T-L est\u00e1n exentos de causar cualquier problema gracias a caracter\u00edsticas como articulaciones exteriores flexibles y ausencia de ejes de transmisi\u00f3n expuestos, de juntas universales, de tomas de contacto y de fusibles.<\/p>\n<\/div>\n<\/div><\/div><\/div><div id=\"pgc-10136-0-1\"  class=\"panel-grid-cell\" ><div id=\"panel-10136-0-1-0\" class=\"so-panel widget widget_sow-editor panel-first-child panel-last-child\" data-index=\"1\" ><div data-aos=\"zoom-in\" data-aos-duration=\"600\" data-aos-delay=\"300\" class=\"panel-widget-style panel-widget-style-for-10136-0-1-0\" ><div\n\t\t\t\n\t\t\tclass=\"so-widget-sow-editor so-widget-sow-editor-base\"\n\t\t\t\n\t\t>\n<div class=\"siteorigin-widget-tinymce textwidget\">\n\t<p><img loading=\"lazy\" decoding=\"async\" class=\"aligncenter wp-image-9861 size-full\" src=\"https:\/\/www.tlirr.com\/wp-content\/uploads\/no-exposed-drive-shafts-low-maintenance-general-image.jpg\" alt=\"Easy to maintain worm drive center pivot irrigation system\" width=\"600\" height=\"400\" srcset=\"https:\/\/www.tlirr.com\/wp-content\/uploads\/no-exposed-drive-shafts-low-maintenance-general-image.jpg 600w, https:\/\/www.tlirr.com\/wp-content\/uploads\/no-exposed-drive-shafts-low-maintenance-general-image-300x200.jpg 300w, https:\/\/www.tlirr.com\/wp-content\/uploads\/no-exposed-drive-shafts-low-maintenance-general-image-540x360.jpg 540w, https:\/\/www.tlirr.com\/wp-content\/uploads\/no-exposed-drive-shafts-low-maintenance-general-image-360x240.jpg 360w, https:\/\/www.tlirr.com\/wp-content\/uploads\/no-exposed-drive-shafts-low-maintenance-general-image-225x150.jpg 225w, https:\/\/www.tlirr.com\/wp-content\/uploads\/no-exposed-drive-shafts-low-maintenance-general-image-270x180.jpg 270w, https:\/\/www.tlirr.com\/wp-content\/uploads\/no-exposed-drive-shafts-low-maintenance-general-image-90x60.jpg 90w\" sizes=\"auto, (max-width: 600px) 100vw, 600px\" \/><\/p>\n<\/div>\n<\/div><\/div><\/div><\/div><\/div><div id=\"pg-10136-1\"  class=\"panel-grid panel-has-style\" ><div class=\"siteorigin-panels-stretch panel-row-style panel-row-style-for-10136-1\" style=\"position:relative;\" data-siteorigin-parallax=\"{&quot;backgroundUrl&quot;:&quot;https:\\\/\\\/www.tlirr.com\\\/wp-content\\\/uploads\\\/pump-bg.jpg&quot;,&quot;backgroundSize&quot;:[1920,1080],&quot;backgroundSizing&quot;:&quot;scaled&quot;,&quot;limitMotion&quot;:&quot;auto&quot;}\" data-stretch-type=\"full\" ><div class=\"page-builder-overlay\" style=\"background-color:rgba(15, 45, 82, 0.9);\"><\/div><div id=\"pgc-10136-1-0\"  class=\"panel-grid-cell\" ><div id=\"panel-10136-1-0-0\" class=\"so-panel widget widget_testimonial-slider testimonial-slider-widget panel-first-child panel-last-child\" data-index=\"2\" ><div class=\"panel-widget-style panel-widget-style-for-10136-1-0-0\" ><div\n\t\t\t\n\t\t\tclass=\"so-widget-testimonial-slider so-widget-testimonial-slider-default-d75171398898-10136\"\n\t\t\t\n\t\t>\t\t<div class=\"testimonials\">\n\t\t\t\t\t\t\t<div>\n\t\t\t\t\t\t\t\t\t\t\t<img decoding=\"async\" src=\"https:\/\/www.tlirr.com\/wp-content\/uploads\/ty-ryland-testimonial-150x150.jpg\">\n\t\t\t\t\t\t\t\t\t\t\t<div class=\"quote\">\n\t\t\t\t\t\t\"It's sure a lot safer to work on a hydraulic T-L than it is to work on an electrically powered sprinkler.\"\t\t\t\t\t<\/div><!-- .quote -->\n\t\t\t\t\t<div class=\"title\">\n\t\t\t\t\t\tTy Ryland\t\t\t\t\t<\/div><!-- .title -->\n\t\t\t\t\t<div class=\"link\">\n\t\t\t\t\t\t<a href=\"https:\/\/www.tlirr.com\/es\/testimonials\/ty-ryland\/\" class=\"underline-button white\">Read Testimonial<\/a>\n\t\t\t\t\t<\/div><!-- .link -->\n\t\t\t\t<\/div>\n\t\t\t\t\t\t\t\t<div>\n\t\t\t\t\t\t\t\t\t\t\t<img decoding=\"async\" src=\"https:\/\/www.tlirr.com\/wp-content\/uploads\/joe-rhoads-150x150.jpg\">\n\t\t\t\t\t\t\t\t\t\t\t<div class=\"quote\">\n\t\t\t\t\t\t\"The main reason I went with T-L was I could take care of servicing and repairing them myself. Some of the farmers I talked to had to wait for four or five days with a down pivot for an electrician to arrive.\"\t\t\t\t\t<\/div><!-- .quote -->\n\t\t\t\t\t<div class=\"title\">\n\t\t\t\t\t\tJoe Rhoads\t\t\t\t\t<\/div><!-- .title -->\n\t\t\t\t\t<div class=\"link\">\n\t\t\t\t\t\t<a href=\"https:\/\/www.tlirr.com\/es\/testimonials\/joe-rhoads\/\" class=\"underline-button white\">Read Testimonial<\/a>\n\t\t\t\t\t<\/div><!-- .link -->\n\t\t\t\t<\/div>\n\t\t\t\t\t\t\t\t<div>\n\t\t\t\t\t\t\t\t\t\t\t<img decoding=\"async\" src=\"https:\/\/www.tlirr.com\/wp-content\/uploads\/mcclyont-thumbnail-150x150.jpg\">\n\t\t\t\t\t\t\t\t\t\t\t<div class=\"quote\">\n\t\t\t\t\t\t\"We believe that with proper maintenance our T-Ls will run until they're 50 years old.\"\t\t\t\t\t<\/div><!-- .quote -->\n\t\t\t\t\t<div class=\"title\">\n\t\t\t\t\t\tReed McClymont\t\t\t\t\t<\/div><!-- .title -->\n\t\t\t\t\t<div class=\"link\">\n\t\t\t\t\t\t<a href=\"https:\/\/www.tlirr.com\/es\/testimonials\/reed-mcclymont\/\" class=\"underline-button white\">Read Testimonial<\/a>\n\t\t\t\t\t<\/div><!-- .link -->\n\t\t\t\t<\/div>\n\t\t\t\t\t\t<\/div><!-- .testimonials -->\n\t\t<\/div><\/div><\/div><\/div><\/div><\/div><div id=\"pg-10136-2\"  class=\"panel-grid panel-has-style\" ><div class=\"siteorigin-panels-stretch panel-row-style panel-row-style-for-10136-2\" data-stretch-type=\"full\" ><div id=\"pgc-10136-2-0\"  class=\"panel-grid-cell\" ><div id=\"panel-10136-2-0-0\" class=\"so-panel widget widget_icon-slider icon-slider-widget panel-first-child panel-last-child\" data-index=\"3\" ><div\n\t\t\t\n\t\t\tclass=\"so-widget-icon-slider so-widget-icon-slider-default-d75171398898-660\"\n\t\t\t\n\t\t>\t<div class=\"flex\">\n\t\t<div class=\"left\">\n\t\t\t\t\t\t\t<div class=\"title\">\n\t\t\t\t\t<small>Learn more about the<\/small>T-L Diferencia\t\t\t\t<\/div>\n\t\t\t\t\t\t\t<div class=\"arrows\"><\/div>\n\t\t<\/div><!-- .left -->\n\t\t<div class=\"right\">\n\t\t\t<div class=\"icons\" data-slides-to-show=\"3\" data-slick='{\"slidesToShow\": 3}'>\n\t\t\t\t\t\t\t\t\t<div>\n\t\t\t\t\t\t<a href=\"https:\/\/www.tlirr.com\/es\/la-t-l-diferencia\/high-reliability\/\">\n\t\t\t\t\t\t\t\t\t\t\t\t\t\t\t<div class=\"icon\">\n\t\t\t\t\t\t\t\t\t<i class=\"far fa-check\"><\/i>\n\t\t\t\t\t\t\t\t<\/div><!-- .icon -->\n\t\t\t\t\t\t\t\t\t\t\t\t\t\t\t\t<div class=\"title\">\n\t\t\t\t\t\t\t\t\tHigh Reliability\t\t\t\t\t\t\t\t<\/div><!-- .title -->\n\t\t\t\t\t\t\t\t\t\t\t\t\t\t<\/a>\n\t\t\t\t\t<\/div>\n\t\t\t\t\t\t\t\t\t\t<div>\n\t\t\t\t\t\t<a href=\"https:\/\/www.tlirr.com\/es\/la-t-l-diferencia\/el-radiado\/\">\n\t\t\t\t\t\t\t\t\t\t\t\t\t\t\t<div class=\"icon\">\n\t\t\t\t\t\t\t\t\t<i class=\"far fa-tint\"><\/i>\n\t\t\t\t\t\t\t\t<\/div><!-- .icon -->\n\t\t\t\t\t\t\t\t\t\t\t\t\t\t\t\t<div class=\"title\">\n\t\t\t\t\t\t\t\t\tEl Radiado\t\t\t\t\t\t\t\t<\/div><!-- .title -->\n\t\t\t\t\t\t\t\t\t\t\t\t\t\t<\/a>\n\t\t\t\t\t<\/div>\n\t\t\t\t\t\t\t\t\t\t<div>\n\t\t\t\t\t\t<a href=\"https:\/\/www.tlirr.com\/es\/la-t-l-diferencia\/bajo-mantenimiento\/\">\n\t\t\t\t\t\t\t\t\t\t\t\t\t\t\t<div class=\"icon\">\n\t\t\t\t\t\t\t\t\t<i class=\"far fa-wrench\"><\/i>\n\t\t\t\t\t\t\t\t<\/div><!-- .icon -->\n\t\t\t\t\t\t\t\t\t\t\t\t\t\t\t\t<div class=\"title\">\n\t\t\t\t\t\t\t\t\tBajo Mantenimiento\t\t\t\t\t\t\t\t<\/div><!-- .title -->\n\t\t\t\t\t\t\t\t\t\t\t\t\t\t<\/a>\n\t\t\t\t\t<\/div>\n\t\t\t\t\t\t\t\t\t\t<div>\n\t\t\t\t\t\t<a href=\"https:\/\/www.tlirr.com\/es\/la-t-l-diferencia\/garantia\/\">\n\t\t\t\t\t\t\t\t\t\t\t\t\t\t\t<div class=\"icon\">\n\t\t\t\t\t\t\t\t\t<i class=\"far fa-shield-alt\"><\/i>\n\t\t\t\t\t\t\t\t<\/div><!-- .icon -->\n\t\t\t\t\t\t\t\t\t\t\t\t\t\t\t\t<div class=\"title\">\n\t\t\t\t\t\t\t\t\tGarant\u00eda\t\t\t\t\t\t\t\t<\/div><!-- .title -->\n\t\t\t\t\t\t\t\t\t\t\t\t\t\t<\/a>\n\t\t\t\t\t<\/div>\n\t\t\t\t\t\t\t\t\t\t<div>\n\t\t\t\t\t\t<a href=\"https:\/\/www.tlirr.com\/es\/la-t-l-diferencia\/sin-robo-de-cobre\/\">\n\t\t\t\t\t\t\t\t\t\t\t\t\t\t\t<div class=\"icon\">\n\t\t\t\t\t\t\t\t\t<i class=\"far fa-ban\"><\/i>\n\t\t\t\t\t\t\t\t<\/div><!-- .icon -->\n\t\t\t\t\t\t\t\t\t\t\t\t\t\t\t\t<div class=\"title\">\n\t\t\t\t\t\t\t\t\tSin Robo de Cobre\t\t\t\t\t\t\t\t<\/div><!-- .title -->\n\t\t\t\t\t\t\t\t\t\t\t\t\t\t<\/a>\n\t\t\t\t\t<\/div>\n\t\t\t\t\t\t\t\t\t\t<div>\n\t\t\t\t\t\t<a href=\"https:\/\/www.tlirr.com\/es\/la-t-l-diferencia\/movimiento-continuo\/\">\n\t\t\t\t\t\t\t\t\t\t\t\t\t\t\t<div class=\"icon\">\n\t\t\t\t\t\t\t\t\t<i class=\"far fa-cog\"><\/i>\n\t\t\t\t\t\t\t\t<\/div><!-- .icon -->\n\t\t\t\t\t\t\t\t\t\t\t\t\t\t\t\t<div class=\"title\">\n\t\t\t\t\t\t\t\t\tMovimiento Continuo\t\t\t\t\t\t\t\t<\/div><!-- .title -->\n\t\t\t\t\t\t\t\t\t\t\t\t\t\t<\/a>\n\t\t\t\t\t<\/div>\n\t\t\t\t\t\t\t\t\t\t<div>\n\t\t\t\t\t\t<a href=\"https:\/\/www.tlirr.com\/es\/la-t-l-diferencia\/seguridad\/\">\n\t\t\t\t\t\t\t\t\t\t\t\t\t\t\t<div class=\"icon\">\n\t\t\t\t\t\t\t\t\t<i class=\"far fa-exclamation-triangle\"><\/i>\n\t\t\t\t\t\t\t\t<\/div><!-- .icon -->\n\t\t\t\t\t\t\t\t\t\t\t\t\t\t\t\t<div class=\"title\">\n\t\t\t\t\t\t\t\t\tSeguridad\t\t\t\t\t\t\t\t<\/div><!-- .title -->\n\t\t\t\t\t\t\t\t\t\t\t\t\t\t<\/a>\n\t\t\t\t\t<\/div>\n\t\t\t\t\t\t\t\t<\/div><!-- .icons -->\n\t\t<\/div><!-- .right -->\n\t<\/div><!-- .flex -->\n\t<\/div><\/div><\/div><\/div><\/div><\/div>","protected":false},"excerpt":{"rendered":"<p>Sin Ejes de Transmisi\u00f3n Expuestos Los sistemas de riego por pivote T-L est\u00e1n construidos con tensores de alta resistencia y un dise\u00f1o de doble torre-pierna. Como medida para evitar la oxidaci\u00f3n, los componentes son recubiertos con una capa de zinc en la planta de galvanizaci\u00f3n T-L. Los sistemas T-L est\u00e1n exentos de causar cualquier problema [&hellip;]<\/p>\n","protected":false},"author":1,"featured_media":0,"parent":10134,"menu_order":10,"comment_status":"closed","ping_status":"closed","template":"","meta":{"_acf_changed":false,"footnotes":""},"class_list":["post-10136","page","type-page","status-publish","hentry"],"acf":[],"yoast_head":"<!-- This site is optimized with the Yoast SEO plugin v26.6 - https:\/\/yoast.com\/wordpress\/plugins\/seo\/ -->\n<title>Low Maintenance T-L Pivot Irrigation | Reliable Watering Systems | Hastings NE<\/title>\n<meta name=\"description\" content=\"Low maintenance water irrigation equipment | Reliable pivot irrigation products | Zinc galvanizing services for farm equipment | T-L Irrigation in Midwest, Hastings Nebraska\" \/>\n<meta name=\"robots\" content=\"index, follow, max-snippet:-1, max-image-preview:large, max-video-preview:-1\" \/>\n<link rel=\"canonical\" href=\"https:\/\/www.tlirr.com\/es\/la-t-l-diferencia\/bajo-mantenimiento\/\" \/>\n<meta property=\"og:locale\" content=\"es_ES\" \/>\n<meta property=\"og:type\" content=\"article\" \/>\n<meta property=\"og:title\" content=\"Low Maintenance T-L Pivot Irrigation | Reliable Watering Systems | Hastings NE\" \/>\n<meta property=\"og:description\" content=\"Low maintenance water irrigation equipment | Reliable pivot irrigation products | Zinc galvanizing services for farm equipment | T-L Irrigation in Midwest, Hastings Nebraska\" \/>\n<meta property=\"og:url\" content=\"https:\/\/www.tlirr.com\/es\/la-t-l-diferencia\/bajo-mantenimiento\/\" \/>\n<meta property=\"og:site_name\" content=\"T-L Irrigation\" \/>\n<meta property=\"article:modified_time\" content=\"2023-01-03T20:19:16+00:00\" \/>\n<meta property=\"og:image\" content=\"https:\/\/www.tlirr.com\/wp-content\/uploads\/no-exposed-drive-shafts-low-maintenance-general-image.jpg\" \/>\n<meta name=\"twitter:card\" content=\"summary_large_image\" \/>\n<meta name=\"twitter:label1\" content=\"Tiempo de lectura\" \/>\n\t<meta name=\"twitter:data1\" content=\"1 minuto\" \/>\n<script type=\"application\/ld+json\" class=\"yoast-schema-graph\">{\"@context\":\"https:\/\/schema.org\",\"@graph\":[{\"@type\":\"WebPage\",\"@id\":\"https:\/\/www.tlirr.com\/es\/la-t-l-diferencia\/bajo-mantenimiento\/\",\"url\":\"https:\/\/www.tlirr.com\/es\/la-t-l-diferencia\/bajo-mantenimiento\/\",\"name\":\"Low Maintenance T-L Pivot Irrigation | Reliable Watering Systems | Hastings NE\",\"isPartOf\":{\"@id\":\"https:\/\/www.tlirr.com\/#website\"},\"primaryImageOfPage\":{\"@id\":\"https:\/\/www.tlirr.com\/es\/la-t-l-diferencia\/bajo-mantenimiento\/#primaryimage\"},\"image\":{\"@id\":\"https:\/\/www.tlirr.com\/es\/la-t-l-diferencia\/bajo-mantenimiento\/#primaryimage\"},\"thumbnailUrl\":\"https:\/\/www.tlirr.com\/wp-content\/uploads\/no-exposed-drive-shafts-low-maintenance-general-image.jpg\",\"datePublished\":\"2020-02-26T15:16:59+00:00\",\"dateModified\":\"2023-01-03T20:19:16+00:00\",\"description\":\"Low maintenance water irrigation equipment | Reliable pivot irrigation products | Zinc galvanizing services for farm equipment | T-L Irrigation in Midwest, Hastings Nebraska\",\"breadcrumb\":{\"@id\":\"https:\/\/www.tlirr.com\/es\/la-t-l-diferencia\/bajo-mantenimiento\/#breadcrumb\"},\"inLanguage\":\"es\",\"potentialAction\":[{\"@type\":\"ReadAction\",\"target\":[\"https:\/\/www.tlirr.com\/es\/la-t-l-diferencia\/bajo-mantenimiento\/\"]}]},{\"@type\":\"ImageObject\",\"inLanguage\":\"es\",\"@id\":\"https:\/\/www.tlirr.com\/es\/la-t-l-diferencia\/bajo-mantenimiento\/#primaryimage\",\"url\":\"https:\/\/www.tlirr.com\/wp-content\/uploads\/no-exposed-drive-shafts-low-maintenance-general-image.jpg\",\"contentUrl\":\"https:\/\/www.tlirr.com\/wp-content\/uploads\/no-exposed-drive-shafts-low-maintenance-general-image.jpg\"},{\"@type\":\"BreadcrumbList\",\"@id\":\"https:\/\/www.tlirr.com\/es\/la-t-l-diferencia\/bajo-mantenimiento\/#breadcrumb\",\"itemListElement\":[{\"@type\":\"ListItem\",\"position\":1,\"name\":\"Home\",\"item\":\"https:\/\/www.tlirr.com\/es\/\"},{\"@type\":\"ListItem\",\"position\":2,\"name\":\"La T-L Diferencia\",\"item\":\"https:\/\/www.tlirr.com\/es\/la-t-l-diferencia\/\"},{\"@type\":\"ListItem\",\"position\":3,\"name\":\"Bajo Mantenimiento\"}]},{\"@type\":\"WebSite\",\"@id\":\"https:\/\/www.tlirr.com\/#website\",\"url\":\"https:\/\/www.tlirr.com\/\",\"name\":\"T-L Irrigation\",\"description\":\"\",\"publisher\":{\"@id\":\"https:\/\/www.tlirr.com\/#organization\"},\"potentialAction\":[{\"@type\":\"SearchAction\",\"target\":{\"@type\":\"EntryPoint\",\"urlTemplate\":\"https:\/\/www.tlirr.com\/?s={search_term_string}\"},\"query-input\":{\"@type\":\"PropertyValueSpecification\",\"valueRequired\":true,\"valueName\":\"search_term_string\"}}],\"inLanguage\":\"es\"},{\"@type\":\"Organization\",\"@id\":\"https:\/\/www.tlirr.com\/#organization\",\"name\":\"T-L Irrigation\",\"url\":\"https:\/\/www.tlirr.com\/\",\"logo\":{\"@type\":\"ImageObject\",\"inLanguage\":\"es\",\"@id\":\"https:\/\/www.tlirr.com\/#\/schema\/logo\/image\/\",\"url\":\"https:\/\/www.tlirr.com\/wp-content\/uploads\/t-l-irrigation-logo.jpg\",\"contentUrl\":\"https:\/\/www.tlirr.com\/wp-content\/uploads\/t-l-irrigation-logo.jpg\",\"width\":300,\"height\":300,\"caption\":\"T-L Irrigation\"},\"image\":{\"@id\":\"https:\/\/www.tlirr.com\/#\/schema\/logo\/image\/\"}}]}<\/script>\n<!-- \/ Yoast SEO plugin. -->","yoast_head_json":{"title":"Low Maintenance T-L Pivot Irrigation | Reliable Watering Systems | Hastings NE","description":"Low maintenance water irrigation equipment | Reliable pivot irrigation products | Zinc galvanizing services for farm equipment | T-L Irrigation in Midwest, Hastings Nebraska","robots":{"index":"index","follow":"follow","max-snippet":"max-snippet:-1","max-image-preview":"max-image-preview:large","max-video-preview":"max-video-preview:-1"},"canonical":"https:\/\/www.tlirr.com\/es\/la-t-l-diferencia\/bajo-mantenimiento\/","og_locale":"es_ES","og_type":"article","og_title":"Low Maintenance T-L Pivot Irrigation | Reliable Watering Systems | Hastings NE","og_description":"Low maintenance water irrigation equipment | Reliable pivot irrigation products | Zinc galvanizing services for farm equipment | T-L Irrigation in Midwest, Hastings Nebraska","og_url":"https:\/\/www.tlirr.com\/es\/la-t-l-diferencia\/bajo-mantenimiento\/","og_site_name":"T-L Irrigation","article_modified_time":"2023-01-03T20:19:16+00:00","og_image":[{"url":"https:\/\/www.tlirr.com\/wp-content\/uploads\/no-exposed-drive-shafts-low-maintenance-general-image.jpg","type":"","width":"","height":""}],"twitter_card":"summary_large_image","twitter_misc":{"Tiempo de lectura":"1 minuto"},"schema":{"@context":"https:\/\/schema.org","@graph":[{"@type":"WebPage","@id":"https:\/\/www.tlirr.com\/es\/la-t-l-diferencia\/bajo-mantenimiento\/","url":"https:\/\/www.tlirr.com\/es\/la-t-l-diferencia\/bajo-mantenimiento\/","name":"Low Maintenance T-L Pivot Irrigation | Reliable Watering Systems | Hastings NE","isPartOf":{"@id":"https:\/\/www.tlirr.com\/#website"},"primaryImageOfPage":{"@id":"https:\/\/www.tlirr.com\/es\/la-t-l-diferencia\/bajo-mantenimiento\/#primaryimage"},"image":{"@id":"https:\/\/www.tlirr.com\/es\/la-t-l-diferencia\/bajo-mantenimiento\/#primaryimage"},"thumbnailUrl":"https:\/\/www.tlirr.com\/wp-content\/uploads\/no-exposed-drive-shafts-low-maintenance-general-image.jpg","datePublished":"2020-02-26T15:16:59+00:00","dateModified":"2023-01-03T20:19:16+00:00","description":"Low maintenance water irrigation equipment | Reliable pivot irrigation products | Zinc galvanizing services for farm equipment | T-L Irrigation in Midwest, Hastings Nebraska","breadcrumb":{"@id":"https:\/\/www.tlirr.com\/es\/la-t-l-diferencia\/bajo-mantenimiento\/#breadcrumb"},"inLanguage":"es","potentialAction":[{"@type":"ReadAction","target":["https:\/\/www.tlirr.com\/es\/la-t-l-diferencia\/bajo-mantenimiento\/"]}]},{"@type":"ImageObject","inLanguage":"es","@id":"https:\/\/www.tlirr.com\/es\/la-t-l-diferencia\/bajo-mantenimiento\/#primaryimage","url":"https:\/\/www.tlirr.com\/wp-content\/uploads\/no-exposed-drive-shafts-low-maintenance-general-image.jpg","contentUrl":"https:\/\/www.tlirr.com\/wp-content\/uploads\/no-exposed-drive-shafts-low-maintenance-general-image.jpg"},{"@type":"BreadcrumbList","@id":"https:\/\/www.tlirr.com\/es\/la-t-l-diferencia\/bajo-mantenimiento\/#breadcrumb","itemListElement":[{"@type":"ListItem","position":1,"name":"Home","item":"https:\/\/www.tlirr.com\/es\/"},{"@type":"ListItem","position":2,"name":"La T-L Diferencia","item":"https:\/\/www.tlirr.com\/es\/la-t-l-diferencia\/"},{"@type":"ListItem","position":3,"name":"Bajo Mantenimiento"}]},{"@type":"WebSite","@id":"https:\/\/www.tlirr.com\/#website","url":"https:\/\/www.tlirr.com\/","name":"T-L Irrigation","description":"","publisher":{"@id":"https:\/\/www.tlirr.com\/#organization"},"potentialAction":[{"@type":"SearchAction","target":{"@type":"EntryPoint","urlTemplate":"https:\/\/www.tlirr.com\/?s={search_term_string}"},"query-input":{"@type":"PropertyValueSpecification","valueRequired":true,"valueName":"search_term_string"}}],"inLanguage":"es"},{"@type":"Organization","@id":"https:\/\/www.tlirr.com\/#organization","name":"T-L Irrigation","url":"https:\/\/www.tlirr.com\/","logo":{"@type":"ImageObject","inLanguage":"es","@id":"https:\/\/www.tlirr.com\/#\/schema\/logo\/image\/","url":"https:\/\/www.tlirr.com\/wp-content\/uploads\/t-l-irrigation-logo.jpg","contentUrl":"https:\/\/www.tlirr.com\/wp-content\/uploads\/t-l-irrigation-logo.jpg","width":300,"height":300,"caption":"T-L Irrigation"},"image":{"@id":"https:\/\/www.tlirr.com\/#\/schema\/logo\/image\/"}}]}},"_links":{"self":[{"href":"https:\/\/www.tlirr.com\/es\/wp-json\/wp\/v2\/pages\/10136","targetHints":{"allow":["GET"]}}],"collection":[{"href":"https:\/\/www.tlirr.com\/es\/wp-json\/wp\/v2\/pages"}],"about":[{"href":"https:\/\/www.tlirr.com\/es\/wp-json\/wp\/v2\/types\/page"}],"author":[{"embeddable":true,"href":"https:\/\/www.tlirr.com\/es\/wp-json\/wp\/v2\/users\/1"}],"replies":[{"embeddable":true,"href":"https:\/\/www.tlirr.com\/es\/wp-json\/wp\/v2\/comments?post=10136"}],"version-history":[{"count":3,"href":"https:\/\/www.tlirr.com\/es\/wp-json\/wp\/v2\/pages\/10136\/revisions"}],"predecessor-version":[{"id":11600,"href":"https:\/\/www.tlirr.com\/es\/wp-json\/wp\/v2\/pages\/10136\/revisions\/11600"}],"up":[{"embeddable":true,"href":"https:\/\/www.tlirr.com\/es\/wp-json\/wp\/v2\/pages\/10134"}],"wp:attachment":[{"href":"https:\/\/www.tlirr.com\/es\/wp-json\/wp\/v2\/media?parent=10136"}],"curies":[{"name":"wp","href":"https:\/\/api.w.org\/{rel}","templated":true}]}}