{"id":10112,"date":"2020-03-02T13:01:28","date_gmt":"2020-03-02T19:01:28","guid":{"rendered":"https:\/\/www.tlirr.com\/company\/galvanizing\/"},"modified":"2023-01-03T13:47:22","modified_gmt":"2023-01-03T19:47:22","slug":"galvanizacion","status":"publish","type":"page","link":"https:\/\/www.tlirr.com\/es\/compania\/galvanizacion\/","title":{"rendered":"Galvanizaci\u00f3n"},"content":{"rendered":"<div id=\"pl-10112\"  class=\"panel-layout\" ><div id=\"pg-10112-0\"  class=\"panel-grid panel-no-style\" ><div id=\"pgc-10112-0-0\"  class=\"panel-grid-cell\" ><div id=\"panel-10112-0-0-0\" class=\"so-panel widget widget_sow-editor panel-first-child panel-last-child\" data-index=\"0\" ><div\n\t\t\t\n\t\t\tclass=\"so-widget-sow-editor so-widget-sow-editor-base\"\n\t\t\t\n\t\t>\n<div class=\"siteorigin-widget-tinymce textwidget\">\n\t<h2>Commercial Galvanizing Services<\/h2>\n<p>T-L's galvanizing plant offers commercial galvanizing services. El tratamiento de galvanizaci\u00f3n por inmersi\u00f3n en caliente T-L, es un proceso en el cual el acero se recubre con una capa de zinc mediante su inmersi\u00f3n en un ba\u00f1o de zinc fundido. Es la protecci\u00f3n contra la corrosi\u00f3n m\u00e1s eficaz para el acero disponible en la actualidad. La capa de zinc aplicada forma una uni\u00f3n metal\u00fargica con el acero, convirti\u00e9ndose de hecho en parte de la superficie. Por lo tanto, no se desprender\u00e1, ni se resquebrajar\u00e1, ni se romper\u00e1, incluso en las condiciones m\u00e1s adversas.<\/p>\n<p>El acero galvanizado en caliente tambi\u00e9n tiene la propiedad \u00fanica de auto-preservarse. Si durante el transporte o armado del sistema se producen ara\u00f1azos en la superficie, el zinc del \u00e1rea m\u00e1s cercana al da\u00f1o proteger\u00e1 el acero mediante acci\u00f3n electroqu\u00edmica natural. Esto evita la formaci\u00f3n y penetraci\u00f3n del \u00f3xido. La galvanizaci\u00f3n con zinc le otorga al acero d\u00e9cadas de protecci\u00f3n contra la corrosi\u00f3n, minimizando los costos de mantenimiento o reemplazo y maximizando la vida \u00fatil del acero.<\/p>\n<\/div>\n<\/div><\/div><\/div><div id=\"pgc-10112-0-1\"  class=\"panel-grid-cell\" ><div id=\"panel-10112-0-1-0\" class=\"so-panel widget widget_sow-editor panel-first-child panel-last-child\" data-index=\"1\" ><div data-aos=\"zoom-in\" data-aos-duration=\"600\" data-aos-delay=\"300\" class=\"panel-widget-style panel-widget-style-for-10112-0-1-0\" ><div\n\t\t\t\n\t\t\tclass=\"so-widget-sow-editor so-widget-sow-editor-base\"\n\t\t\t\n\t\t>\n<div class=\"siteorigin-widget-tinymce textwidget\">\n\t<p><img loading=\"lazy\" decoding=\"async\" class=\"aligncenter wp-image-1333 size-full\" src=\"https:\/\/www.tlirr.com\/wp-content\/uploads\/galvanizing-1.jpg\" alt=\"Zinc Galvanizing Service | Custom Galvanizing | Farming Equipment Galvanizing \" width=\"600\" height=\"400\" srcset=\"https:\/\/www.tlirr.com\/wp-content\/uploads\/galvanizing-1.jpg 600w, https:\/\/www.tlirr.com\/wp-content\/uploads\/galvanizing-1-300x200.jpg 300w, https:\/\/www.tlirr.com\/wp-content\/uploads\/galvanizing-1-540x360.jpg 540w, https:\/\/www.tlirr.com\/wp-content\/uploads\/galvanizing-1-360x240.jpg 360w, https:\/\/www.tlirr.com\/wp-content\/uploads\/galvanizing-1-225x150.jpg 225w, https:\/\/www.tlirr.com\/wp-content\/uploads\/galvanizing-1-270x180.jpg 270w, https:\/\/www.tlirr.com\/wp-content\/uploads\/galvanizing-1-90x60.jpg 90w\" sizes=\"auto, (max-width: 600px) 100vw, 600px\" \/><\/p>\n<\/div>\n<\/div><\/div><\/div><\/div><\/div><div id=\"pg-10112-1\"  class=\"panel-grid panel-has-style\" ><div class=\"siteorigin-panels-stretch panel-row-style panel-row-style-for-10112-1\" style=\"position:relative;\" data-siteorigin-parallax=\"{&quot;backgroundUrl&quot;:&quot;https:\\\/\\\/www.tlirr.com\\\/wp-content\\\/uploads\\\/galvanizing-bg.jpg&quot;,&quot;backgroundSize&quot;:[1920,1080],&quot;backgroundSizing&quot;:&quot;scaled&quot;,&quot;limitMotion&quot;:&quot;auto&quot;}\" data-stretch-type=\"full\" ><div class=\"page-builder-overlay\" style=\"background-color:rgba(15, 45, 82, 0.9);\"><\/div><div id=\"pgc-10112-1-0\"  class=\"panel-grid-cell\" ><div id=\"panel-10112-1-0-0\" class=\"so-panel widget widget_sow-editor panel-first-child panel-last-child\" data-index=\"2\" ><div class=\"panel-widget-style panel-widget-style-for-10112-1-0-0\" ><div\n\t\t\t\n\t\t\tclass=\"so-widget-sow-editor so-widget-sow-editor-base\"\n\t\t\t\n\t\t>\n<div class=\"siteorigin-widget-tinymce textwidget\">\n\t<h2 class=\"no-bottom-margin\"><span style=\"color: #ffffff;\">Need a Quote?<\/span><\/h2>\n<\/div>\n<\/div><\/div><\/div><\/div><div id=\"pgc-10112-1-1\"  class=\"panel-grid-cell\" ><div id=\"panel-10112-1-1-0\" class=\"so-panel widget widget_sow-editor panel-first-child panel-last-child\" data-index=\"3\" ><div class=\"panel-widget-style panel-widget-style-for-10112-1-1-0\" ><div\n\t\t\t\n\t\t\tclass=\"so-widget-sow-editor so-widget-sow-editor-base\"\n\t\t\t\n\t\t>\n<div class=\"siteorigin-widget-tinymce textwidget\">\n\t<p class=\"no-bottom-margin\"><span style=\"font-size: 36px;\"><a href=\"tel:1-800-330-4264\" style=\"text-decoration:none;\"><strong>1-800-330-4264<\/strong><\/a><\/span><\/p>\n<p class=\"no-bottom-margin\"><span style=\"font-size: 24px;\"><i class=\"fas fa-envelope\" style=\"color: #ffd200;\"><!--icon--><\/i>\u00a0 <strong><a href=\"mailto:galvanizing@tlirr.com\" style=\"text-decoration:none;\">galvanizing@tlirr.com<\/a><\/strong><\/span><\/p>\n<\/div>\n<\/div><\/div><\/div><\/div><\/div><\/div><div id=\"pg-10112-2\"  class=\"panel-grid panel-no-style\" ><div id=\"pgc-10112-2-0\"  class=\"panel-grid-cell\" ><div id=\"panel-10112-2-0-0\" class=\"so-panel widget widget_sow-editor panel-first-child panel-last-child\" data-index=\"4\" ><div\n\t\t\t\n\t\t\tclass=\"so-widget-sow-editor so-widget-sow-editor-base\"\n\t\t\t\n\t\t>\n<div class=\"siteorigin-widget-tinymce textwidget\">\n\t<h2>Ubicados c\u00e9ntricamente al Nebraska<\/h2>\n<p>Estamos cerca de la carretera Interestatal 80 y de importantes v\u00edas ferroviarias, por lo que sus productos pueden ser enviados y\/o devueltos con la m\u00ednima demora.<\/p>\n<p><strong>Estas son las tres razones por las que T-L es reconocido como l\u00edder en fabricaci\u00f3n de sistemas de riego y su mejor opci\u00f3n para toda clase de exigencias relacionadas con galvanizaci\u00f3n de zinc:<\/strong><\/p>\n<ul class=\"styled-list\">\n<li>Instalaciones de galvanizado por inmersi\u00f3n en caliente al d\u00eda y en perfectas condiciones<\/li>\n<li>Ubicaci\u00f3n de f\u00e1cil y c\u00f3modo acceso<\/li>\n<li>Y un personal experimentado, capaz y con ganas de servirle<\/li>\n<\/ul>\n<p><strong>Dimensions of our galvanizing tanks:<\/strong><\/p>\n<ul class=\"styled-list\">\n<li>50' Long<\/li>\n<li>5 \u00bd' Wide<\/li>\n<li>7' Deep<\/li>\n<\/ul>\n<\/div>\n<\/div><\/div><\/div><div id=\"pgc-10112-2-1\"  class=\"panel-grid-cell\" ><div id=\"panel-10112-2-1-0\" class=\"so-panel widget widget_sow-editor panel-first-child panel-last-child\" data-index=\"5\" ><div data-aos=\"zoom-in\" data-aos-duration=\"600\" data-aos-delay=\"300\" class=\"panel-widget-style panel-widget-style-for-10112-2-1-0\" ><div\n\t\t\t\n\t\t\tclass=\"so-widget-sow-editor so-widget-sow-editor-base\"\n\t\t\t\n\t\t>\n<div class=\"siteorigin-widget-tinymce textwidget\">\n\t<p><img loading=\"lazy\" decoding=\"async\" class=\"aligncenter wp-image-1332 size-full\" src=\"https:\/\/www.tlirr.com\/wp-content\/uploads\/galvanizing-2.jpg\" alt=\"Hot Dip Zinc Galvanizing Service | Custom local zinc hot dip galvanizing in Hastings Nebraska\" width=\"600\" height=\"400\" srcset=\"https:\/\/www.tlirr.com\/wp-content\/uploads\/galvanizing-2.jpg 600w, https:\/\/www.tlirr.com\/wp-content\/uploads\/galvanizing-2-300x200.jpg 300w, https:\/\/www.tlirr.com\/wp-content\/uploads\/galvanizing-2-540x360.jpg 540w, https:\/\/www.tlirr.com\/wp-content\/uploads\/galvanizing-2-360x240.jpg 360w, https:\/\/www.tlirr.com\/wp-content\/uploads\/galvanizing-2-225x150.jpg 225w, https:\/\/www.tlirr.com\/wp-content\/uploads\/galvanizing-2-270x180.jpg 270w, https:\/\/www.tlirr.com\/wp-content\/uploads\/galvanizing-2-90x60.jpg 90w\" sizes=\"auto, (max-width: 600px) 100vw, 600px\" \/><\/p>\n<\/div>\n<\/div><\/div><\/div><\/div><\/div><\/div>","protected":false},"excerpt":{"rendered":"<p>Commercial Galvanizing Services T-L&#8217;s galvanizing plant offers commercial galvanizing services. El tratamiento de galvanizaci\u00f3n por inmersi\u00f3n en caliente T-L, es un proceso en el cual el acero se recubre con una capa de zinc mediante su inmersi\u00f3n en un ba\u00f1o de zinc fundido. Es la protecci\u00f3n contra la corrosi\u00f3n m\u00e1s eficaz para el acero disponible [&hellip;]<\/p>\n","protected":false},"author":1,"featured_media":0,"parent":10110,"menu_order":16,"comment_status":"closed","ping_status":"closed","template":"","meta":{"_acf_changed":false,"footnotes":""},"class_list":["post-10112","page","type-page","status-publish","hentry"],"acf":[],"yoast_head":"<!-- This site is optimized with the Yoast SEO plugin v26.6 - https:\/\/yoast.com\/wordpress\/plugins\/seo\/ -->\n<title>Hot Dip Galvanizing Public Service | T-L Irrigation Zinc Galvanizing<\/title>\n<meta name=\"description\" content=\"T-L Hot Dip Zinc Galvanizing Public Service | Steel galvanizing service for agriculture equipment | Farm machinery galvanizing | T-L Center Pivot Galvanizing\" \/>\n<meta name=\"robots\" content=\"index, follow, max-snippet:-1, max-image-preview:large, max-video-preview:-1\" \/>\n<link rel=\"canonical\" href=\"https:\/\/www.tlirr.com\/es\/compania\/galvanizacion\/\" \/>\n<meta property=\"og:locale\" content=\"es_ES\" \/>\n<meta property=\"og:type\" content=\"article\" \/>\n<meta property=\"og:title\" content=\"Hot Dip Galvanizing Public Service | T-L Irrigation Zinc Galvanizing\" \/>\n<meta property=\"og:description\" content=\"T-L Hot Dip Zinc Galvanizing Public Service | Steel galvanizing service for agriculture equipment | Farm machinery galvanizing | T-L Center Pivot Galvanizing\" \/>\n<meta property=\"og:url\" content=\"https:\/\/www.tlirr.com\/es\/compania\/galvanizacion\/\" \/>\n<meta property=\"og:site_name\" content=\"T-L Irrigation\" \/>\n<meta property=\"article:modified_time\" content=\"2023-01-03T19:47:22+00:00\" \/>\n<meta property=\"og:image\" content=\"https:\/\/www.tlirr.com\/wp-content\/uploads\/galvanizing-1.jpg\" \/>\n<meta name=\"twitter:card\" content=\"summary_large_image\" \/>\n<meta name=\"twitter:label1\" content=\"Tiempo de lectura\" \/>\n\t<meta name=\"twitter:data1\" content=\"2 minutos\" \/>\n<script type=\"application\/ld+json\" class=\"yoast-schema-graph\">{\"@context\":\"https:\/\/schema.org\",\"@graph\":[{\"@type\":\"WebPage\",\"@id\":\"https:\/\/www.tlirr.com\/es\/compania\/galvanizacion\/\",\"url\":\"https:\/\/www.tlirr.com\/es\/compania\/galvanizacion\/\",\"name\":\"Hot Dip Galvanizing Public Service | T-L Irrigation Zinc Galvanizing\",\"isPartOf\":{\"@id\":\"https:\/\/www.tlirr.com\/#website\"},\"primaryImageOfPage\":{\"@id\":\"https:\/\/www.tlirr.com\/es\/compania\/galvanizacion\/#primaryimage\"},\"image\":{\"@id\":\"https:\/\/www.tlirr.com\/es\/compania\/galvanizacion\/#primaryimage\"},\"thumbnailUrl\":\"https:\/\/www.tlirr.com\/wp-content\/uploads\/galvanizing-1.jpg\",\"datePublished\":\"2020-03-02T19:01:28+00:00\",\"dateModified\":\"2023-01-03T19:47:22+00:00\",\"description\":\"T-L Hot Dip Zinc Galvanizing Public Service | Steel galvanizing service for agriculture equipment | Farm machinery galvanizing | T-L Center Pivot Galvanizing\",\"breadcrumb\":{\"@id\":\"https:\/\/www.tlirr.com\/es\/compania\/galvanizacion\/#breadcrumb\"},\"inLanguage\":\"es\",\"potentialAction\":[{\"@type\":\"ReadAction\",\"target\":[\"https:\/\/www.tlirr.com\/es\/compania\/galvanizacion\/\"]}]},{\"@type\":\"ImageObject\",\"inLanguage\":\"es\",\"@id\":\"https:\/\/www.tlirr.com\/es\/compania\/galvanizacion\/#primaryimage\",\"url\":\"https:\/\/www.tlirr.com\/wp-content\/uploads\/galvanizing-1.jpg\",\"contentUrl\":\"https:\/\/www.tlirr.com\/wp-content\/uploads\/galvanizing-1.jpg\"},{\"@type\":\"BreadcrumbList\",\"@id\":\"https:\/\/www.tlirr.com\/es\/compania\/galvanizacion\/#breadcrumb\",\"itemListElement\":[{\"@type\":\"ListItem\",\"position\":1,\"name\":\"Home\",\"item\":\"https:\/\/www.tlirr.com\/es\/\"},{\"@type\":\"ListItem\",\"position\":2,\"name\":\"Compa\u00f1\u00eda\",\"item\":\"https:\/\/www.tlirr.com\/es\/compania\/\"},{\"@type\":\"ListItem\",\"position\":3,\"name\":\"Galvanizaci\u00f3n\"}]},{\"@type\":\"WebSite\",\"@id\":\"https:\/\/www.tlirr.com\/#website\",\"url\":\"https:\/\/www.tlirr.com\/\",\"name\":\"T-L Irrigation\",\"description\":\"\",\"publisher\":{\"@id\":\"https:\/\/www.tlirr.com\/#organization\"},\"potentialAction\":[{\"@type\":\"SearchAction\",\"target\":{\"@type\":\"EntryPoint\",\"urlTemplate\":\"https:\/\/www.tlirr.com\/?s={search_term_string}\"},\"query-input\":{\"@type\":\"PropertyValueSpecification\",\"valueRequired\":true,\"valueName\":\"search_term_string\"}}],\"inLanguage\":\"es\"},{\"@type\":\"Organization\",\"@id\":\"https:\/\/www.tlirr.com\/#organization\",\"name\":\"T-L Irrigation\",\"url\":\"https:\/\/www.tlirr.com\/\",\"logo\":{\"@type\":\"ImageObject\",\"inLanguage\":\"es\",\"@id\":\"https:\/\/www.tlirr.com\/#\/schema\/logo\/image\/\",\"url\":\"https:\/\/www.tlirr.com\/wp-content\/uploads\/t-l-irrigation-logo.jpg\",\"contentUrl\":\"https:\/\/www.tlirr.com\/wp-content\/uploads\/t-l-irrigation-logo.jpg\",\"width\":300,\"height\":300,\"caption\":\"T-L Irrigation\"},\"image\":{\"@id\":\"https:\/\/www.tlirr.com\/#\/schema\/logo\/image\/\"}}]}<\/script>\n<!-- \/ Yoast SEO plugin. -->","yoast_head_json":{"title":"Hot Dip Galvanizing Public Service | T-L Irrigation Zinc Galvanizing","description":"T-L Hot Dip Zinc Galvanizing Public Service | Steel galvanizing service for agriculture equipment | Farm machinery galvanizing | T-L Center Pivot Galvanizing","robots":{"index":"index","follow":"follow","max-snippet":"max-snippet:-1","max-image-preview":"max-image-preview:large","max-video-preview":"max-video-preview:-1"},"canonical":"https:\/\/www.tlirr.com\/es\/compania\/galvanizacion\/","og_locale":"es_ES","og_type":"article","og_title":"Hot Dip Galvanizing Public Service | T-L Irrigation Zinc Galvanizing","og_description":"T-L Hot Dip Zinc Galvanizing Public Service | Steel galvanizing service for agriculture equipment | Farm machinery galvanizing | T-L Center Pivot Galvanizing","og_url":"https:\/\/www.tlirr.com\/es\/compania\/galvanizacion\/","og_site_name":"T-L Irrigation","article_modified_time":"2023-01-03T19:47:22+00:00","og_image":[{"url":"https:\/\/www.tlirr.com\/wp-content\/uploads\/galvanizing-1.jpg","type":"","width":"","height":""}],"twitter_card":"summary_large_image","twitter_misc":{"Tiempo de lectura":"2 minutos"},"schema":{"@context":"https:\/\/schema.org","@graph":[{"@type":"WebPage","@id":"https:\/\/www.tlirr.com\/es\/compania\/galvanizacion\/","url":"https:\/\/www.tlirr.com\/es\/compania\/galvanizacion\/","name":"Hot Dip Galvanizing Public Service | T-L Irrigation Zinc Galvanizing","isPartOf":{"@id":"https:\/\/www.tlirr.com\/#website"},"primaryImageOfPage":{"@id":"https:\/\/www.tlirr.com\/es\/compania\/galvanizacion\/#primaryimage"},"image":{"@id":"https:\/\/www.tlirr.com\/es\/compania\/galvanizacion\/#primaryimage"},"thumbnailUrl":"https:\/\/www.tlirr.com\/wp-content\/uploads\/galvanizing-1.jpg","datePublished":"2020-03-02T19:01:28+00:00","dateModified":"2023-01-03T19:47:22+00:00","description":"T-L Hot Dip Zinc Galvanizing Public Service | Steel galvanizing service for agriculture equipment | Farm machinery galvanizing | T-L Center Pivot Galvanizing","breadcrumb":{"@id":"https:\/\/www.tlirr.com\/es\/compania\/galvanizacion\/#breadcrumb"},"inLanguage":"es","potentialAction":[{"@type":"ReadAction","target":["https:\/\/www.tlirr.com\/es\/compania\/galvanizacion\/"]}]},{"@type":"ImageObject","inLanguage":"es","@id":"https:\/\/www.tlirr.com\/es\/compania\/galvanizacion\/#primaryimage","url":"https:\/\/www.tlirr.com\/wp-content\/uploads\/galvanizing-1.jpg","contentUrl":"https:\/\/www.tlirr.com\/wp-content\/uploads\/galvanizing-1.jpg"},{"@type":"BreadcrumbList","@id":"https:\/\/www.tlirr.com\/es\/compania\/galvanizacion\/#breadcrumb","itemListElement":[{"@type":"ListItem","position":1,"name":"Home","item":"https:\/\/www.tlirr.com\/es\/"},{"@type":"ListItem","position":2,"name":"Compa\u00f1\u00eda","item":"https:\/\/www.tlirr.com\/es\/compania\/"},{"@type":"ListItem","position":3,"name":"Galvanizaci\u00f3n"}]},{"@type":"WebSite","@id":"https:\/\/www.tlirr.com\/#website","url":"https:\/\/www.tlirr.com\/","name":"T-L Irrigation","description":"","publisher":{"@id":"https:\/\/www.tlirr.com\/#organization"},"potentialAction":[{"@type":"SearchAction","target":{"@type":"EntryPoint","urlTemplate":"https:\/\/www.tlirr.com\/?s={search_term_string}"},"query-input":{"@type":"PropertyValueSpecification","valueRequired":true,"valueName":"search_term_string"}}],"inLanguage":"es"},{"@type":"Organization","@id":"https:\/\/www.tlirr.com\/#organization","name":"T-L Irrigation","url":"https:\/\/www.tlirr.com\/","logo":{"@type":"ImageObject","inLanguage":"es","@id":"https:\/\/www.tlirr.com\/#\/schema\/logo\/image\/","url":"https:\/\/www.tlirr.com\/wp-content\/uploads\/t-l-irrigation-logo.jpg","contentUrl":"https:\/\/www.tlirr.com\/wp-content\/uploads\/t-l-irrigation-logo.jpg","width":300,"height":300,"caption":"T-L Irrigation"},"image":{"@id":"https:\/\/www.tlirr.com\/#\/schema\/logo\/image\/"}}]}},"_links":{"self":[{"href":"https:\/\/www.tlirr.com\/es\/wp-json\/wp\/v2\/pages\/10112","targetHints":{"allow":["GET"]}}],"collection":[{"href":"https:\/\/www.tlirr.com\/es\/wp-json\/wp\/v2\/pages"}],"about":[{"href":"https:\/\/www.tlirr.com\/es\/wp-json\/wp\/v2\/types\/page"}],"author":[{"embeddable":true,"href":"https:\/\/www.tlirr.com\/es\/wp-json\/wp\/v2\/users\/1"}],"replies":[{"embeddable":true,"href":"https:\/\/www.tlirr.com\/es\/wp-json\/wp\/v2\/comments?post=10112"}],"version-history":[{"count":3,"href":"https:\/\/www.tlirr.com\/es\/wp-json\/wp\/v2\/pages\/10112\/revisions"}],"predecessor-version":[{"id":11585,"href":"https:\/\/www.tlirr.com\/es\/wp-json\/wp\/v2\/pages\/10112\/revisions\/11585"}],"up":[{"embeddable":true,"href":"https:\/\/www.tlirr.com\/es\/wp-json\/wp\/v2\/pages\/10110"}],"wp:attachment":[{"href":"https:\/\/www.tlirr.com\/es\/wp-json\/wp\/v2\/media?parent=10112"}],"curies":[{"name":"wp","href":"https:\/\/api.w.org\/{rel}","templated":true}]}}