{"id":10104,"date":"2020-04-07T16:04:21","date_gmt":"2020-04-07T21:04:21","guid":{"rendered":"https:\/\/www.tlirr.com\/sitemap\/"},"modified":"2020-04-07T16:04:21","modified_gmt":"2020-04-07T21:04:21","slug":"sitemap","status":"publish","type":"page","link":"https:\/\/www.tlirr.com\/es\/sitemap\/","title":{"rendered":"Sitemap"},"content":{"rendered":"<div id=\"pl-10104\"  class=\"panel-layout\" ><div id=\"pg-10104-0\"  class=\"panel-grid panel-no-style\" ><div id=\"pgc-10104-0-0\"  class=\"panel-grid-cell\" ><div id=\"panel-10104-0-0-0\" class=\"so-panel widget widget_sitemap sitemap-widget panel-first-child panel-last-child\" data-index=\"0\" ><div\n\t\t\t\n\t\t\tclass=\"so-widget-sitemap so-widget-sitemap-default-d75171398898-10104\"\n\t\t\t\n\t\t><ul class=\"styled-list\">\n\t<li id=\"menu-item-10186\" class=\"menu-item menu-item-type-post_type menu-item-object-page menu-item-home menu-item-10186\"><a href=\"https:\/\/www.tlirr.com\/es\/\">Inicio<\/a><\/li>\n<li id=\"menu-item-10187\" class=\"menu-item menu-item-type-post_type menu-item-object-page menu-item-has-children menu-item-10187\"><a href=\"https:\/\/www.tlirr.com\/es\/la-t-l-diferencia\/\">La T-L Diferencia<\/a>\n<ul class=\"sub-menu\">\n\t<li id=\"menu-item-10188\" class=\"menu-item menu-item-type-post_type menu-item-object-page menu-item-10188\"><a href=\"https:\/\/www.tlirr.com\/es\/la-t-l-diferencia\/movimiento-continuo\/\">Movimiento Continuo<\/a><\/li>\n\t<li id=\"menu-item-10189\" class=\"menu-item menu-item-type-post_type menu-item-object-page menu-item-10189\"><a href=\"https:\/\/www.tlirr.com\/es\/la-t-l-diferencia\/el-radiado\/\">El Radiado<\/a><\/li>\n\t<li id=\"menu-item-10190\" class=\"menu-item menu-item-type-post_type menu-item-object-page menu-item-10190\"><a href=\"https:\/\/www.tlirr.com\/es\/la-t-l-diferencia\/sin-robo-de-cobre\/\">Sin Robo de Cobre<\/a><\/li>\n\t<li id=\"menu-item-10191\" class=\"menu-item menu-item-type-post_type menu-item-object-page menu-item-10191\"><a href=\"https:\/\/www.tlirr.com\/es\/la-t-l-diferencia\/high-reliability\/\">High Reliability<\/a><\/li>\n\t<li id=\"menu-item-10192\" class=\"break menu-item menu-item-type-post_type menu-item-object-page menu-item-10192\"><a href=\"https:\/\/www.tlirr.com\/es\/la-t-l-diferencia\/bajo-mantenimiento\/\">Bajo Mantenimiento<\/a><\/li>\n\t<li id=\"menu-item-10193\" class=\"menu-item menu-item-type-post_type menu-item-object-page menu-item-10193\"><a href=\"https:\/\/www.tlirr.com\/es\/la-t-l-diferencia\/seguridad\/\">Seguridad<\/a><\/li>\n\t<li id=\"menu-item-10194\" class=\"menu-item menu-item-type-post_type menu-item-object-page menu-item-10194\"><a href=\"https:\/\/www.tlirr.com\/es\/la-t-l-diferencia\/garantia\/\">Garant\u00eda<\/a><\/li>\n<\/ul>\n<\/li>\n<li id=\"menu-item-10195\" class=\"menu-item menu-item-type-post_type menu-item-object-page menu-item-has-children menu-item-10195\"><a href=\"https:\/\/www.tlirr.com\/es\/productos\/\">Productos<\/a>\n<ul class=\"sub-menu\">\n\t<li id=\"menu-item-10196\" class=\"menu-item menu-item-type-post_type menu-item-object-page menu-item-10196\"><a href=\"https:\/\/www.tlirr.com\/es\/productos\/pivote-central\/\">Pivote Central<\/a><\/li>\n\t<li id=\"menu-item-10197\" class=\"menu-item menu-item-type-post_type menu-item-object-page menu-item-10197\"><a href=\"https:\/\/www.tlirr.com\/es\/productos\/sistemas-de-riego-esquineros\/\">Sistemas de Riego Esquineros<\/a><\/li>\n\t<li id=\"menu-item-10198\" class=\"menu-item menu-item-type-post_type menu-item-object-page menu-item-10198\"><a href=\"https:\/\/www.tlirr.com\/es\/productos\/sistemas-de-riego-lineales\/\">Sistemas de Riego Lineales<\/a><\/li>\n\t<li id=\"menu-item-10199\" class=\"break menu-item menu-item-type-post_type menu-item-object-page menu-item-10199\"><a href=\"https:\/\/www.tlirr.com\/es\/productos\/sistemas-de-riego-de-remolque-rapido\/\">Sistemas de Riego de Remolque R\u00e1pido<\/a><\/li>\n\t<li id=\"menu-item-10200\" class=\"menu-item menu-item-type-post_type menu-item-object-page menu-item-10200\"><a href=\"https:\/\/www.tlirr.com\/es\/productos\/pmdi\/\">PMDI\u2122<\/a><\/li>\n\t<li id=\"menu-item-10201\" class=\"menu-item menu-item-type-post_type menu-item-object-page menu-item-10201\"><a href=\"https:\/\/www.tlirr.com\/es\/productos\/pivot-control-options\/\">Pivot Control Options<\/a><\/li>\n<\/ul>\n<\/li>\n<li id=\"menu-item-10202\" class=\"menu-item menu-item-type-post_type menu-item-object-page menu-item-has-children menu-item-10202\"><a href=\"https:\/\/www.tlirr.com\/es\/compania\/\">Compa\u00f1\u00eda<\/a>\n<ul class=\"sub-menu\">\n\t<li id=\"menu-item-10203\" class=\"menu-item menu-item-type-post_type menu-item-object-page menu-item-10203\"><a href=\"https:\/\/www.tlirr.com\/es\/compania\/historia\/\">Historia<\/a><\/li>\n\t<li id=\"menu-item-10204\" class=\"menu-item menu-item-type-post_type menu-item-object-page menu-item-10204\"><a href=\"https:\/\/www.tlirr.com\/es\/compania\/careers\/\">Careers<\/a><\/li>\n\t<li id=\"menu-item-10205\" class=\"menu-item menu-item-type-post_type menu-item-object-page menu-item-10205\"><a href=\"https:\/\/www.tlirr.com\/es\/compania\/division-de-energia-y-bombeo\/\">Divisi\u00f3n de Energ\u00eda y Bombeo<\/a><\/li>\n\t<li id=\"menu-item-10206\" class=\"menu-item menu-item-type-post_type menu-item-object-page menu-item-10206\"><a href=\"https:\/\/www.tlirr.com\/es\/compania\/galvanizacion\/\">Galvanizaci\u00f3n<\/a><\/li>\n<\/ul>\n<\/li>\n<li id=\"menu-item-10207\" class=\"menu-item menu-item-type-post_type menu-item-object-page menu-item-has-children menu-item-10207\"><a href=\"https:\/\/www.tlirr.com\/es\/resources\/\">Resources<\/a>\n<ul class=\"sub-menu\">\n\t<li id=\"menu-item-10208\" class=\"menu-item menu-item-type-post_type menu-item-object-page menu-item-10208\"><a href=\"https:\/\/www.tlirr.com\/es\/resources\/news\/\">News<\/a><\/li>\n\t<li id=\"menu-item-10209\" class=\"menu-item menu-item-type-post_type menu-item-object-page menu-item-10209\"><a href=\"https:\/\/www.tlirr.com\/es\/resources\/literature\/\">Literature<\/a><\/li>\n\t<li id=\"menu-item-10215\" class=\"menu-item menu-item-type-post_type menu-item-object-page menu-item-10215\"><a href=\"https:\/\/www.tlirr.com\/es\/resources\/testimonios\/\">Testimonios<\/a><\/li>\n\t<li id=\"menu-item-10216\" class=\"menu-item menu-item-type-post_type menu-item-object-page menu-item-10216\"><a href=\"https:\/\/www.tlirr.com\/es\/resources\/media-library\/\">Media Library<\/a><\/li>\n\t<li id=\"menu-item-10599\" class=\"menu-item menu-item-type-post_type menu-item-object-page menu-item-10599\"><a href=\"https:\/\/www.tlirr.com\/es\/resources\/financing\/\">Financing<\/a><\/li>\n\t<li id=\"menu-item-10217\" class=\"menu-item menu-item-type-post_type menu-item-object-page menu-item-10217\"><a href=\"https:\/\/www.tlirr.com\/es\/resources\/events\/\">Events<\/a><\/li>\n<\/ul>\n<\/li>\n<li id=\"menu-item-10219\" class=\"menu-item menu-item-type-post_type menu-item-object-page menu-item-10219\"><a href=\"https:\/\/www.tlirr.com\/es\/contacto\/\">Contacto<\/a><\/li>\n<\/ul><!-- .styled-list --><\/div><\/div><\/div><\/div><\/div>","protected":false},"excerpt":{"rendered":"<p>Inicio La T-L Diferencia Movimiento Continuo El Radiado Sin Robo de Cobre High Reliability Bajo Mantenimiento Seguridad Garant\u00eda Productos Pivote Central Sistemas de Riego Esquineros Sistemas de Riego Lineales Sistemas de Riego de Remolque R\u00e1pido PMDI\u2122 Pivot Control Options Compa\u00f1\u00eda Historia Careers Divisi\u00f3n de Energ\u00eda y Bombeo Galvanizaci\u00f3n Resources News Literature Testimonios Media Library Financing [&hellip;]<\/p>\n","protected":false},"author":1,"featured_media":0,"parent":0,"menu_order":0,"comment_status":"closed","ping_status":"closed","template":"","meta":{"_acf_changed":false,"footnotes":""},"class_list":["post-10104","page","type-page","status-publish","hentry"],"acf":[],"yoast_head":"<!-- This site is optimized with the Yoast SEO plugin v26.6 - https:\/\/yoast.com\/wordpress\/plugins\/seo\/ -->\n<title>Sitemap - T-L Irrigation | Center Pivots<\/title>\n<meta name=\"description\" content=\"Find the most reliable and efficient center pivot irrigation systems with T-L Irrigation.\" \/>\n<meta name=\"robots\" content=\"index, follow, max-snippet:-1, max-image-preview:large, max-video-preview:-1\" \/>\n<link rel=\"canonical\" href=\"https:\/\/www.tlirr.com\/es\/sitemap\/\" \/>\n<meta property=\"og:locale\" content=\"es_ES\" \/>\n<meta property=\"og:type\" content=\"article\" \/>\n<meta property=\"og:title\" content=\"Sitemap - T-L Irrigation | Center Pivots\" \/>\n<meta property=\"og:description\" content=\"Find the most reliable and efficient center pivot irrigation systems with T-L Irrigation.\" \/>\n<meta property=\"og:url\" content=\"https:\/\/www.tlirr.com\/es\/sitemap\/\" \/>\n<meta property=\"og:site_name\" content=\"T-L Irrigation\" \/>\n<meta name=\"twitter:card\" content=\"summary_large_image\" \/>\n<script type=\"application\/ld+json\" class=\"yoast-schema-graph\">{\"@context\":\"https:\/\/schema.org\",\"@graph\":[{\"@type\":\"WebPage\",\"@id\":\"https:\/\/www.tlirr.com\/es\/sitemap\/\",\"url\":\"https:\/\/www.tlirr.com\/es\/sitemap\/\",\"name\":\"Sitemap - T-L Irrigation | Center Pivots\",\"isPartOf\":{\"@id\":\"https:\/\/www.tlirr.com\/#website\"},\"datePublished\":\"2020-04-07T21:04:21+00:00\",\"description\":\"Find the most reliable and efficient center pivot irrigation systems with T-L Irrigation.\",\"breadcrumb\":{\"@id\":\"https:\/\/www.tlirr.com\/es\/sitemap\/#breadcrumb\"},\"inLanguage\":\"es\",\"potentialAction\":[{\"@type\":\"ReadAction\",\"target\":[\"https:\/\/www.tlirr.com\/es\/sitemap\/\"]}]},{\"@type\":\"BreadcrumbList\",\"@id\":\"https:\/\/www.tlirr.com\/es\/sitemap\/#breadcrumb\",\"itemListElement\":[{\"@type\":\"ListItem\",\"position\":1,\"name\":\"Home\",\"item\":\"https:\/\/www.tlirr.com\/es\/\"},{\"@type\":\"ListItem\",\"position\":2,\"name\":\"Sitemap\"}]},{\"@type\":\"WebSite\",\"@id\":\"https:\/\/www.tlirr.com\/#website\",\"url\":\"https:\/\/www.tlirr.com\/\",\"name\":\"T-L Irrigation\",\"description\":\"\",\"publisher\":{\"@id\":\"https:\/\/www.tlirr.com\/#organization\"},\"potentialAction\":[{\"@type\":\"SearchAction\",\"target\":{\"@type\":\"EntryPoint\",\"urlTemplate\":\"https:\/\/www.tlirr.com\/?s={search_term_string}\"},\"query-input\":{\"@type\":\"PropertyValueSpecification\",\"valueRequired\":true,\"valueName\":\"search_term_string\"}}],\"inLanguage\":\"es\"},{\"@type\":\"Organization\",\"@id\":\"https:\/\/www.tlirr.com\/#organization\",\"name\":\"T-L Irrigation\",\"url\":\"https:\/\/www.tlirr.com\/\",\"logo\":{\"@type\":\"ImageObject\",\"inLanguage\":\"es\",\"@id\":\"https:\/\/www.tlirr.com\/#\/schema\/logo\/image\/\",\"url\":\"https:\/\/www.tlirr.com\/wp-content\/uploads\/t-l-irrigation-logo.jpg\",\"contentUrl\":\"https:\/\/www.tlirr.com\/wp-content\/uploads\/t-l-irrigation-logo.jpg\",\"width\":300,\"height\":300,\"caption\":\"T-L Irrigation\"},\"image\":{\"@id\":\"https:\/\/www.tlirr.com\/#\/schema\/logo\/image\/\"}}]}<\/script>\n<!-- \/ Yoast SEO plugin. -->","yoast_head_json":{"title":"Sitemap - T-L Irrigation | Center Pivots","description":"Find the most reliable and efficient center pivot irrigation systems with T-L Irrigation.","robots":{"index":"index","follow":"follow","max-snippet":"max-snippet:-1","max-image-preview":"max-image-preview:large","max-video-preview":"max-video-preview:-1"},"canonical":"https:\/\/www.tlirr.com\/es\/sitemap\/","og_locale":"es_ES","og_type":"article","og_title":"Sitemap - T-L Irrigation | Center Pivots","og_description":"Find the most reliable and efficient center pivot irrigation systems with T-L Irrigation.","og_url":"https:\/\/www.tlirr.com\/es\/sitemap\/","og_site_name":"T-L Irrigation","twitter_card":"summary_large_image","schema":{"@context":"https:\/\/schema.org","@graph":[{"@type":"WebPage","@id":"https:\/\/www.tlirr.com\/es\/sitemap\/","url":"https:\/\/www.tlirr.com\/es\/sitemap\/","name":"Sitemap - T-L Irrigation | Center Pivots","isPartOf":{"@id":"https:\/\/www.tlirr.com\/#website"},"datePublished":"2020-04-07T21:04:21+00:00","description":"Find the most reliable and efficient center pivot irrigation systems with T-L Irrigation.","breadcrumb":{"@id":"https:\/\/www.tlirr.com\/es\/sitemap\/#breadcrumb"},"inLanguage":"es","potentialAction":[{"@type":"ReadAction","target":["https:\/\/www.tlirr.com\/es\/sitemap\/"]}]},{"@type":"BreadcrumbList","@id":"https:\/\/www.tlirr.com\/es\/sitemap\/#breadcrumb","itemListElement":[{"@type":"ListItem","position":1,"name":"Home","item":"https:\/\/www.tlirr.com\/es\/"},{"@type":"ListItem","position":2,"name":"Sitemap"}]},{"@type":"WebSite","@id":"https:\/\/www.tlirr.com\/#website","url":"https:\/\/www.tlirr.com\/","name":"T-L Irrigation","description":"","publisher":{"@id":"https:\/\/www.tlirr.com\/#organization"},"potentialAction":[{"@type":"SearchAction","target":{"@type":"EntryPoint","urlTemplate":"https:\/\/www.tlirr.com\/?s={search_term_string}"},"query-input":{"@type":"PropertyValueSpecification","valueRequired":true,"valueName":"search_term_string"}}],"inLanguage":"es"},{"@type":"Organization","@id":"https:\/\/www.tlirr.com\/#organization","name":"T-L Irrigation","url":"https:\/\/www.tlirr.com\/","logo":{"@type":"ImageObject","inLanguage":"es","@id":"https:\/\/www.tlirr.com\/#\/schema\/logo\/image\/","url":"https:\/\/www.tlirr.com\/wp-content\/uploads\/t-l-irrigation-logo.jpg","contentUrl":"https:\/\/www.tlirr.com\/wp-content\/uploads\/t-l-irrigation-logo.jpg","width":300,"height":300,"caption":"T-L Irrigation"},"image":{"@id":"https:\/\/www.tlirr.com\/#\/schema\/logo\/image\/"}}]}},"_links":{"self":[{"href":"https:\/\/www.tlirr.com\/es\/wp-json\/wp\/v2\/pages\/10104","targetHints":{"allow":["GET"]}}],"collection":[{"href":"https:\/\/www.tlirr.com\/es\/wp-json\/wp\/v2\/pages"}],"about":[{"href":"https:\/\/www.tlirr.com\/es\/wp-json\/wp\/v2\/types\/page"}],"author":[{"embeddable":true,"href":"https:\/\/www.tlirr.com\/es\/wp-json\/wp\/v2\/users\/1"}],"replies":[{"embeddable":true,"href":"https:\/\/www.tlirr.com\/es\/wp-json\/wp\/v2\/comments?post=10104"}],"version-history":[{"count":0,"href":"https:\/\/www.tlirr.com\/es\/wp-json\/wp\/v2\/pages\/10104\/revisions"}],"wp:attachment":[{"href":"https:\/\/www.tlirr.com\/es\/wp-json\/wp\/v2\/media?parent=10104"}],"curies":[{"name":"wp","href":"https:\/\/api.w.org\/{rel}","templated":true}]}}